{"id":193,"date":"2018-07-13T14:29:29","date_gmt":"2018-07-13T17:29:29","guid":{"rendered":"https:\/\/wp.ufpel.edu.br\/gbiotec\/?page_id=193"},"modified":"2021-04-09T17:33:56","modified_gmt":"2021-04-09T20:33:56","slug":"laboratorio-watson-e-crick","status":"publish","type":"page","link":"https:\/\/wp.ufpel.edu.br\/gbiotec\/infraestrutura\/ensino\/laboratorio-watson-e-crick\/","title":{"rendered":"Laborat\u00f3rio Watson &amp; Crick"},"content":{"rendered":"<p><img class=\"alignnone wp-image-1933\" src=\"https:\/\/wp.ufpel.edu.br\/gbiotec\/files\/2019\/08\/WeC-L1-1-400x225.jpg\" alt=\"\" width=\"317\" height=\"178\" srcset=\"https:\/\/wp.ufpel.edu.br\/gbiotec\/files\/2019\/08\/WeC-L1-1-400x225.jpg 400w, https:\/\/wp.ufpel.edu.br\/gbiotec\/files\/2019\/08\/WeC-L1-1-768x432.jpg 768w, https:\/\/wp.ufpel.edu.br\/gbiotec\/files\/2019\/08\/WeC-L1-1-1024x576.jpg 1024w\" sizes=\"(max-width: 317px) 100vw, 317px\" \/>\u00a0 \u00a0 <img class=\"alignnone wp-image-1934\" src=\"https:\/\/wp.ufpel.edu.br\/gbiotec\/files\/2019\/08\/WeC-L1-2-400x225.jpg\" alt=\"\" width=\"316\" height=\"178\" srcset=\"https:\/\/wp.ufpel.edu.br\/gbiotec\/files\/2019\/08\/WeC-L1-2-400x225.jpg 400w, https:\/\/wp.ufpel.edu.br\/gbiotec\/files\/2019\/08\/WeC-L1-2-768x432.jpg 768w, https:\/\/wp.ufpel.edu.br\/gbiotec\/files\/2019\/08\/WeC-L1-2-1024x576.jpg 1024w\" sizes=\"(max-width: 316px) 100vw, 316px\" \/><\/p>\n<p><img class=\"alignnone wp-image-1935\" src=\"https:\/\/wp.ufpel.edu.br\/gbiotec\/files\/2019\/08\/WeC-L1-3-400x225.jpg\" alt=\"\" width=\"316\" height=\"178\" srcset=\"https:\/\/wp.ufpel.edu.br\/gbiotec\/files\/2019\/08\/WeC-L1-3-400x225.jpg 400w, https:\/\/wp.ufpel.edu.br\/gbiotec\/files\/2019\/08\/WeC-L1-3-768x432.jpg 768w, https:\/\/wp.ufpel.edu.br\/gbiotec\/files\/2019\/08\/WeC-L1-3-1024x576.jpg 1024w\" sizes=\"(max-width: 316px) 100vw, 316px\" \/>\u00a0 \u00a0 \u00a0<img class=\"alignnone wp-image-1936\" src=\"https:\/\/wp.ufpel.edu.br\/gbiotec\/files\/2019\/08\/WeC-L2-1-400x225.jpg\" alt=\"\" width=\"316\" height=\"178\" srcset=\"https:\/\/wp.ufpel.edu.br\/gbiotec\/files\/2019\/08\/WeC-L2-1-400x225.jpg 400w, https:\/\/wp.ufpel.edu.br\/gbiotec\/files\/2019\/08\/WeC-L2-1-768x432.jpg 768w, https:\/\/wp.ufpel.edu.br\/gbiotec\/files\/2019\/08\/WeC-L2-1-1024x576.jpg 1024w\" sizes=\"(max-width: 316px) 100vw, 316px\" \/><\/p>\n<p><img class=\"alignnone wp-image-1937\" src=\"https:\/\/wp.ufpel.edu.br\/gbiotec\/files\/2019\/08\/WeC-L2-2-400x225.jpg\" alt=\"\" width=\"316\" height=\"178\" srcset=\"https:\/\/wp.ufpel.edu.br\/gbiotec\/files\/2019\/08\/WeC-L2-2-400x225.jpg 400w, https:\/\/wp.ufpel.edu.br\/gbiotec\/files\/2019\/08\/WeC-L2-2-768x432.jpg 768w, https:\/\/wp.ufpel.edu.br\/gbiotec\/files\/2019\/08\/WeC-L2-2-1024x576.jpg 1024w\" sizes=\"(max-width: 316px) 100vw, 316px\" \/>\u00a0 \u00a0 \u00a0<img class=\"alignnone wp-image-1938\" src=\"https:\/\/wp.ufpel.edu.br\/gbiotec\/files\/2019\/08\/WeC-L2-3-400x225.jpg\" alt=\"\" width=\"316\" height=\"178\" srcset=\"https:\/\/wp.ufpel.edu.br\/gbiotec\/files\/2019\/08\/WeC-L2-3-400x225.jpg 400w, https:\/\/wp.ufpel.edu.br\/gbiotec\/files\/2019\/08\/WeC-L2-3-768x432.jpg 768w, https:\/\/wp.ufpel.edu.br\/gbiotec\/files\/2019\/08\/WeC-L2-3-1024x576.jpg 1024w\" sizes=\"(max-width: 316px) 100vw, 316px\" \/><\/p>\n<p><span style=\"color: #000000\"><strong>Unidade:<\/strong> Centro de Desenvolvimento Tecnol\u00f3gico (CDTec)<\/span><br \/>\n<span style=\"color: #000000\"> <strong>Curso:<\/strong>\u00a0Biotecnologia<\/span><br \/>\n<span style=\"color: #000000\"><strong>C\u00f3digo NULAB:<\/strong>\u00a090161<\/span><\/p>\n<p style=\"text-align: justify\"><span style=\"color: #000000\"><strong>Descri\u00e7\u00e3o: <\/strong>O Laborat\u00f3rio Watson &amp; Crick \u00e9 destinado<\/span><span style=\"color: #000000\"> para as aulas pr\u00e1ticas do Curso de Gradua\u00e7\u00e3o em Biotecnologia e do Programa de P\u00f3s-Gradua\u00e7\u00e3o em Biotecnologia, servindo de apoio as atividades de ensino e aos demais laborat\u00f3rios. A sala \u00e9 dividida em 2 ambientes.<\/span><span style=\"color: #000000\"><strong><br \/>\n<\/strong><\/span><\/p>\n<p><span style=\"color: #000000\"><strong>Localiza\u00e7\u00e3o<\/strong><\/span><br \/>\n<span style=\"color: #000000\"> <strong>Campus:<\/strong>\u00a0Cap\u00e3o do Le\u00e3o<\/span><br \/>\n<span style=\"color: #000000\"> <strong>Pr\u00e9dio\/Bloco:<\/strong>\u00a020<\/span><\/p>\n<p><span style=\"color: #000000\"><strong>Equipamentos<br \/>\n<\/strong>Capela de Fluxo Laminar<\/span><br \/>\n<span style=\"color: #000000\">Microsc\u00f3pio<\/span><br \/>\n<span style=\"color: #000000\">Estereomicrosc\u00f3pios<\/span><br \/>\n<span style=\"color: #000000\">Sistema de Eletroforese de DNA e prote\u00ednas<\/span><br \/>\n<span style=\"color: #000000\"> Centr\u00edfuga Refrigerada<\/span><br \/>\n<span style=\"color: #000000\"> Capela de Exaust\u00e3o<\/span><br \/>\n<span style=\"color: #000000\">Phmetro<\/span><br \/>\n<span style=\"color: #000000\">Lupas<\/span><br \/>\n<span style=\"color: #000000\">Balan\u00e7a semi-anal\u00edtica<\/span><br \/>\n<span style=\"color: #000000\">Banho-maria<\/span><br \/>\nLupas<br \/>\n<span style=\"color: #000000\"> Agitadores Magn\u00e9ticos<\/span><br \/>\n<span style=\"color: #000000\"> V\u00f3rtex<\/span><br \/>\n<span style=\"color: #000000\"> Termociclador<\/span><br \/>\n<span style=\"color: #000000\">Sistema de captura de imagens<\/span><\/p>\n","protected":false},"excerpt":{"rendered":"<p>\u00a0 \u00a0 \u00a0 \u00a0 \u00a0 \u00a0 \u00a0 \u00a0 Unidade: Centro de Desenvolvimento Tecnol\u00f3gico (CDTec) Curso:\u00a0Biotecnologia C\u00f3digo NULAB:\u00a090161 Descri\u00e7\u00e3o: O Laborat\u00f3rio Watson &amp; Crick \u00e9 destinado para as aulas pr\u00e1ticas do Curso de Gradua\u00e7\u00e3o em Biotecnologia e do Programa de P\u00f3s-Gradua\u00e7\u00e3o em Biotecnologia, servindo de apoio as atividades de ensino e aos demais laborat\u00f3rios. A sala [&hellip;]<\/p>\n","protected":false},"author":667,"featured_media":0,"parent":56,"menu_order":1,"comment_status":"closed","ping_status":"closed","template":"","meta":{"footnotes":""},"class_list":["post-193","page","type-page","status-publish","hentry"],"jetpack_sharing_enabled":true,"_links":{"self":[{"href":"https:\/\/wp.ufpel.edu.br\/gbiotec\/wp-json\/wp\/v2\/pages\/193","targetHints":{"allow":["GET"]}}],"collection":[{"href":"https:\/\/wp.ufpel.edu.br\/gbiotec\/wp-json\/wp\/v2\/pages"}],"about":[{"href":"https:\/\/wp.ufpel.edu.br\/gbiotec\/wp-json\/wp\/v2\/types\/page"}],"author":[{"embeddable":true,"href":"https:\/\/wp.ufpel.edu.br\/gbiotec\/wp-json\/wp\/v2\/users\/667"}],"replies":[{"embeddable":true,"href":"https:\/\/wp.ufpel.edu.br\/gbiotec\/wp-json\/wp\/v2\/comments?post=193"}],"version-history":[{"count":9,"href":"https:\/\/wp.ufpel.edu.br\/gbiotec\/wp-json\/wp\/v2\/pages\/193\/revisions"}],"predecessor-version":[{"id":1956,"href":"https:\/\/wp.ufpel.edu.br\/gbiotec\/wp-json\/wp\/v2\/pages\/193\/revisions\/1956"}],"up":[{"embeddable":true,"href":"https:\/\/wp.ufpel.edu.br\/gbiotec\/wp-json\/wp\/v2\/pages\/56"}],"wp:attachment":[{"href":"https:\/\/wp.ufpel.edu.br\/gbiotec\/wp-json\/wp\/v2\/media?parent=193"}],"curies":[{"name":"wp","href":"https:\/\/api.w.org\/{rel}","templated":true}]}}