{"id":190,"date":"2018-07-13T14:29:13","date_gmt":"2018-07-13T17:29:13","guid":{"rendered":"https:\/\/wp.ufpel.edu.br\/gbiotec\/?page_id=190"},"modified":"2023-03-24T14:52:03","modified_gmt":"2023-03-24T17:52:03","slug":"sala-de-reunioes","status":"publish","type":"page","link":"https:\/\/wp.ufpel.edu.br\/gbiotec\/infraestrutura\/ensino\/sala-de-reunioes\/","title":{"rendered":"Sala de Reuni\u00f5es"},"content":{"rendered":"<p><img class=\"alignnone wp-image-3877\" src=\"https:\/\/wp.ufpel.edu.br\/gbiotec\/files\/2023\/03\/Sala-reunioes-400x194.jpg\" alt=\"\" width=\"340\" height=\"165\" srcset=\"https:\/\/wp.ufpel.edu.br\/gbiotec\/files\/2023\/03\/Sala-reunioes-400x194.jpg 400w, https:\/\/wp.ufpel.edu.br\/gbiotec\/files\/2023\/03\/Sala-reunioes-1024x497.jpg 1024w, https:\/\/wp.ufpel.edu.br\/gbiotec\/files\/2023\/03\/Sala-reunioes-768x373.jpg 768w, https:\/\/wp.ufpel.edu.br\/gbiotec\/files\/2023\/03\/Sala-reunioes-1536x746.jpg 1536w, https:\/\/wp.ufpel.edu.br\/gbiotec\/files\/2023\/03\/Sala-reunioes-2048x995.jpg 2048w\" sizes=\"(max-width: 340px) 100vw, 340px\" \/>\u00a0 \u00a0 <img class=\"alignnone wp-image-3878\" src=\"https:\/\/wp.ufpel.edu.br\/gbiotec\/files\/2023\/03\/Sala-reunioes-2-400x194.jpg\" alt=\"\" width=\"340\" height=\"165\" srcset=\"https:\/\/wp.ufpel.edu.br\/gbiotec\/files\/2023\/03\/Sala-reunioes-2-400x194.jpg 400w, https:\/\/wp.ufpel.edu.br\/gbiotec\/files\/2023\/03\/Sala-reunioes-2-1024x498.jpg 1024w, https:\/\/wp.ufpel.edu.br\/gbiotec\/files\/2023\/03\/Sala-reunioes-2-768x373.jpg 768w, https:\/\/wp.ufpel.edu.br\/gbiotec\/files\/2023\/03\/Sala-reunioes-2-1536x747.jpg 1536w, https:\/\/wp.ufpel.edu.br\/gbiotec\/files\/2023\/03\/Sala-reunioes-2-2048x995.jpg 2048w\" sizes=\"(max-width: 340px) 100vw, 340px\" \/><\/p>\n<p><span style=\"color: #000000;\"><strong>Unidade:<\/strong>\u00a0Centro de Desenvolvimento Tecnol\u00f3gico (CDTec)<\/span><br \/>\n<span style=\"color: #000000;\"><strong>Curso:<\/strong> Biotecnologia<\/span><\/p>\n<p style=\"text-align: justify;\"><span style=\"color: #000000;\"><strong>Descri\u00e7\u00e3o: <\/strong>A sala \u00e9 destinada para reuni\u00f5es de colegiado e de grupos de pesquisa do Curso de Gradua\u00e7\u00e3o em Biotecnologia e do Programa de P\u00f3s-Gradua\u00e7\u00e3o em Biotecnologia.<\/span><\/p>\n<p><span style=\"color: #000000;\"><strong>Localiza\u00e7\u00e3o<\/strong><\/span><br \/>\n<span style=\"color: #000000;\"><strong>Campus:<\/strong>\u00a0Cap\u00e3o do Le\u00e3o<\/span><br \/>\n<span style=\"color: #000000;\"><strong>Pr\u00e9dio\/Bloco:<\/strong>\u00a019<\/span><\/p>\n<p><span style=\"color: #000000;\"><strong>Equipamentos<br \/>\n<\/strong>Televis\u00e3o para proje\u00e7\u00e3o<strong><br \/>\n<\/strong>Quadro branco<strong><br \/>\n<\/strong>Ar condicionado<\/span><\/p>\n","protected":false},"excerpt":{"rendered":"<p>\u00a0 \u00a0 Unidade:\u00a0Centro de Desenvolvimento Tecnol\u00f3gico (CDTec) Curso: Biotecnologia Descri\u00e7\u00e3o: A sala \u00e9 destinada para reuni\u00f5es de colegiado e de grupos de pesquisa do Curso de Gradua\u00e7\u00e3o em Biotecnologia e do Programa de P\u00f3s-Gradua\u00e7\u00e3o em Biotecnologia. Localiza\u00e7\u00e3o Campus:\u00a0Cap\u00e3o do Le\u00e3o Pr\u00e9dio\/Bloco:\u00a019 Equipamentos Televis\u00e3o para proje\u00e7\u00e3o Quadro branco Ar condicionado<\/p>\n","protected":false},"author":667,"featured_media":0,"parent":56,"menu_order":3,"comment_status":"closed","ping_status":"closed","template":"","meta":{"footnotes":""},"class_list":["post-190","page","type-page","status-publish","hentry"],"jetpack_sharing_enabled":true,"_links":{"self":[{"href":"https:\/\/wp.ufpel.edu.br\/gbiotec\/wp-json\/wp\/v2\/pages\/190","targetHints":{"allow":["GET"]}}],"collection":[{"href":"https:\/\/wp.ufpel.edu.br\/gbiotec\/wp-json\/wp\/v2\/pages"}],"about":[{"href":"https:\/\/wp.ufpel.edu.br\/gbiotec\/wp-json\/wp\/v2\/types\/page"}],"author":[{"embeddable":true,"href":"https:\/\/wp.ufpel.edu.br\/gbiotec\/wp-json\/wp\/v2\/users\/667"}],"replies":[{"embeddable":true,"href":"https:\/\/wp.ufpel.edu.br\/gbiotec\/wp-json\/wp\/v2\/comments?post=190"}],"version-history":[{"count":18,"href":"https:\/\/wp.ufpel.edu.br\/gbiotec\/wp-json\/wp\/v2\/pages\/190\/revisions"}],"predecessor-version":[{"id":3884,"href":"https:\/\/wp.ufpel.edu.br\/gbiotec\/wp-json\/wp\/v2\/pages\/190\/revisions\/3884"}],"up":[{"embeddable":true,"href":"https:\/\/wp.ufpel.edu.br\/gbiotec\/wp-json\/wp\/v2\/pages\/56"}],"wp:attachment":[{"href":"https:\/\/wp.ufpel.edu.br\/gbiotec\/wp-json\/wp\/v2\/media?parent=190"}],"curies":[{"name":"wp","href":"https:\/\/api.w.org\/{rel}","templated":true}]}}