{"id":186,"date":"2018-07-13T14:28:45","date_gmt":"2018-07-13T17:28:45","guid":{"rendered":"https:\/\/wp.ufpel.edu.br\/gbiotec\/?page_id=186"},"modified":"2025-10-22T16:08:11","modified_gmt":"2025-10-22T19:08:11","slug":"sala-de-esterilizacao-predio-19","status":"publish","type":"page","link":"https:\/\/wp.ufpel.edu.br\/gbiotec\/infraestrutura\/apoio-tecnico\/sala-de-esterilizacao-predio-19\/","title":{"rendered":"Sala de esteriliza\u00e7\u00e3o &#8211; pr\u00e9dio 19"},"content":{"rendered":"<p><img class=\"alignnone wp-image-1981\" src=\"https:\/\/wp.ufpel.edu.br\/gbiotec\/files\/2019\/08\/Sala-esteriliza\u00e7\u00e3o-p19-1-330x400.jpg\" alt=\"\" width=\"206\" height=\"250\" srcset=\"https:\/\/wp.ufpel.edu.br\/gbiotec\/files\/2019\/08\/Sala-esteriliza\u00e7\u00e3o-p19-1-330x400.jpg 330w, https:\/\/wp.ufpel.edu.br\/gbiotec\/files\/2019\/08\/Sala-esteriliza\u00e7\u00e3o-p19-1-768x931.jpg 768w, https:\/\/wp.ufpel.edu.br\/gbiotec\/files\/2019\/08\/Sala-esteriliza\u00e7\u00e3o-p19-1-845x1024.jpg 845w\" sizes=\"(max-width: 206px) 100vw, 206px\" \/>\u00a0 \u00a0 <img class=\"alignnone wp-image-1986\" src=\"https:\/\/wp.ufpel.edu.br\/gbiotec\/files\/2019\/08\/Sala-esteriliza\u00e7\u00e3o-p-19-2.jpg\" alt=\"\" width=\"182\" height=\"250\" \/><\/p>\n<p><span style=\"color: #000000;\"><strong>Unidade:<\/strong>\u00a0Centro de Desenvolvimento Tecnol\u00f3gico (CDTec)<\/span><br \/>\n<span style=\"color: #000000;\"><strong>Curso:<\/strong> Biotecnologia<\/span><\/p>\n<p style=\"text-align: justify;\"><span style=\"color: #000000;\"><strong>Descri\u00e7\u00e3o: <\/strong>Setor destinado \u00e0 limpeza, acondicionamento,\u00a0esteriliza\u00e7\u00e3o\u00a0e distribui\u00e7\u00e3o de todos os materiais dos laborat\u00f3rios do pr\u00e9dio 19.<\/span><\/p>\n<p><span style=\"color: #000000;\"><strong>Localiza\u00e7\u00e3o<\/strong><\/span><br \/>\n<span style=\"color: #000000;\"><strong>Campus:<\/strong>\u00a0Cap\u00e3o do Le\u00e3o<\/span><br \/>\n<span style=\"color: #000000;\"><strong>Pr\u00e9dio:<\/strong>\u00a019<\/span><\/p>\n<p><span style=\"color: #000000;\"><strong>Equipamentos<\/strong><\/span><br \/>\n<span style=\"color: #000000;\">Autoclave<\/span><br \/>\n<span style=\"color: #000000;\">Estufa 37\u00baC<\/span><br \/>\n<span style=\"color: #000000;\">M\u00e1quina de gelo<\/span><br \/>\n<span style=\"color: #000000;\">Sistema de purifica\u00e7\u00e3o de \u00e1gua (ultrapura) Milli-Q<\/span><\/p>\n","protected":false},"excerpt":{"rendered":"<p>\u00a0 \u00a0 Unidade:\u00a0Centro de Desenvolvimento Tecnol\u00f3gico (CDTec) Curso: Biotecnologia Descri\u00e7\u00e3o: Setor destinado \u00e0 limpeza, acondicionamento,\u00a0esteriliza\u00e7\u00e3o\u00a0e distribui\u00e7\u00e3o de todos os materiais dos laborat\u00f3rios do pr\u00e9dio 19. Localiza\u00e7\u00e3o Campus:\u00a0Cap\u00e3o do Le\u00e3o Pr\u00e9dio:\u00a019 Equipamentos Autoclave Estufa 37\u00baC M\u00e1quina de gelo Sistema de purifica\u00e7\u00e3o de \u00e1gua (ultrapura) Milli-Q<\/p>\n","protected":false},"author":667,"featured_media":0,"parent":3052,"menu_order":2,"comment_status":"closed","ping_status":"closed","template":"","meta":{"footnotes":""},"class_list":["post-186","page","type-page","status-publish","hentry"],"jetpack_sharing_enabled":true,"_links":{"self":[{"href":"https:\/\/wp.ufpel.edu.br\/gbiotec\/wp-json\/wp\/v2\/pages\/186","targetHints":{"allow":["GET"]}}],"collection":[{"href":"https:\/\/wp.ufpel.edu.br\/gbiotec\/wp-json\/wp\/v2\/pages"}],"about":[{"href":"https:\/\/wp.ufpel.edu.br\/gbiotec\/wp-json\/wp\/v2\/types\/page"}],"author":[{"embeddable":true,"href":"https:\/\/wp.ufpel.edu.br\/gbiotec\/wp-json\/wp\/v2\/users\/667"}],"replies":[{"embeddable":true,"href":"https:\/\/wp.ufpel.edu.br\/gbiotec\/wp-json\/wp\/v2\/comments?post=186"}],"version-history":[{"count":4,"href":"https:\/\/wp.ufpel.edu.br\/gbiotec\/wp-json\/wp\/v2\/pages\/186\/revisions"}],"predecessor-version":[{"id":4637,"href":"https:\/\/wp.ufpel.edu.br\/gbiotec\/wp-json\/wp\/v2\/pages\/186\/revisions\/4637"}],"up":[{"embeddable":true,"href":"https:\/\/wp.ufpel.edu.br\/gbiotec\/wp-json\/wp\/v2\/pages\/3052"}],"wp:attachment":[{"href":"https:\/\/wp.ufpel.edu.br\/gbiotec\/wp-json\/wp\/v2\/media?parent=186"}],"curies":[{"name":"wp","href":"https:\/\/api.w.org\/{rel}","templated":true}]}}