{"id":182,"date":"2018-07-13T14:28:18","date_gmt":"2018-07-13T17:28:18","guid":{"rendered":"https:\/\/wp.ufpel.edu.br\/gbiotec\/?page_id=182"},"modified":"2025-10-22T16:06:03","modified_gmt":"2025-10-22T19:06:03","slug":"sala-de-equipamentos-predio-19","status":"publish","type":"page","link":"https:\/\/wp.ufpel.edu.br\/gbiotec\/infraestrutura\/apoio-tecnico\/sala-de-equipamentos-predio-19\/","title":{"rendered":"Sala de equipamentos &#8211; pr\u00e9dio 19"},"content":{"rendered":"<p><img class=\"alignnone wp-image-1971 \" src=\"https:\/\/wp.ufpel.edu.br\/gbiotec\/files\/2019\/08\/Sala-equip-1-400x281.jpg\" alt=\"\" width=\"264\" height=\"185\" srcset=\"https:\/\/wp.ufpel.edu.br\/gbiotec\/files\/2019\/08\/Sala-equip-1-400x281.jpg 400w, https:\/\/wp.ufpel.edu.br\/gbiotec\/files\/2019\/08\/Sala-equip-1-768x539.jpg 768w, https:\/\/wp.ufpel.edu.br\/gbiotec\/files\/2019\/08\/Sala-equip-1-1024x718.jpg 1024w\" sizes=\"(max-width: 264px) 100vw, 264px\" \/>\u00a0 \u00a0 \u00a0<img class=\" wp-image-1973\" src=\"https:\/\/wp.ufpel.edu.br\/gbiotec\/files\/2019\/08\/Sala-equip-3-400x242.jpg\" alt=\"\" width=\"305\" height=\"185\" srcset=\"https:\/\/wp.ufpel.edu.br\/gbiotec\/files\/2019\/08\/Sala-equip-3-400x242.jpg 400w, https:\/\/wp.ufpel.edu.br\/gbiotec\/files\/2019\/08\/Sala-equip-3-768x464.jpg 768w, https:\/\/wp.ufpel.edu.br\/gbiotec\/files\/2019\/08\/Sala-equip-3-1024x619.jpg 1024w\" sizes=\"(max-width: 305px) 100vw, 305px\" \/><\/p>\n<p><span style=\"color: #000000;\"><strong>Unidade:<\/strong>\u00a0Centro de Desenvolvimento Tecnol\u00f3gico (CDTec)<\/span><br \/>\n<span style=\"color: #000000;\"><strong>Curso:<\/strong> Biotecnologia<\/span><\/p>\n<p style=\"text-align: justify;\"><span style=\"color: #000000;\"><strong>Descri\u00e7\u00e3o: <\/strong>Nessa sala est\u00e3o dispon\u00edveis equipamentos compartilhados pelos grupos de pesquisa do Curso de Gradua\u00e7\u00e3o em Biotecnologia e do Programa de P\u00f3s-Gradua\u00e7\u00e3o em Biotecnologia.<\/span><\/p>\n<p><span style=\"color: #000000;\"><strong>Localiza\u00e7\u00e3o<\/strong><\/span><br \/>\n<span style=\"color: #000000;\"><strong>Campus:<\/strong>\u00a0Cap\u00e3o do Le\u00e3o<\/span><br \/>\n<span style=\"color: #000000;\"><strong>Pr\u00e9dio:<\/strong>\u00a019<\/span><\/p>\n<p><span style=\"color: #000000;\"><span style=\"color: #000000;\"><b>Equipamentos<\/b><\/span><br \/>\nCentr\u00edfuga<br \/>\nSonicador<br \/>\nSistema de fermenta\u00e7\u00e3o<br \/>\n<\/span><\/p>\n","protected":false},"excerpt":{"rendered":"<p>\u00a0 \u00a0 \u00a0 Unidade:\u00a0Centro de Desenvolvimento Tecnol\u00f3gico (CDTec) Curso: Biotecnologia Descri\u00e7\u00e3o: Nessa sala est\u00e3o dispon\u00edveis equipamentos compartilhados pelos grupos de pesquisa do Curso de Gradua\u00e7\u00e3o em Biotecnologia e do Programa de P\u00f3s-Gradua\u00e7\u00e3o em Biotecnologia. Localiza\u00e7\u00e3o Campus:\u00a0Cap\u00e3o do Le\u00e3o Pr\u00e9dio:\u00a019 Equipamentos Centr\u00edfuga Sonicador Sistema de fermenta\u00e7\u00e3o<\/p>\n","protected":false},"author":667,"featured_media":0,"parent":3052,"menu_order":1,"comment_status":"closed","ping_status":"closed","template":"","meta":{"footnotes":""},"class_list":["post-182","page","type-page","status-publish","hentry"],"jetpack_sharing_enabled":true,"_links":{"self":[{"href":"https:\/\/wp.ufpel.edu.br\/gbiotec\/wp-json\/wp\/v2\/pages\/182","targetHints":{"allow":["GET"]}}],"collection":[{"href":"https:\/\/wp.ufpel.edu.br\/gbiotec\/wp-json\/wp\/v2\/pages"}],"about":[{"href":"https:\/\/wp.ufpel.edu.br\/gbiotec\/wp-json\/wp\/v2\/types\/page"}],"author":[{"embeddable":true,"href":"https:\/\/wp.ufpel.edu.br\/gbiotec\/wp-json\/wp\/v2\/users\/667"}],"replies":[{"embeddable":true,"href":"https:\/\/wp.ufpel.edu.br\/gbiotec\/wp-json\/wp\/v2\/comments?post=182"}],"version-history":[{"count":4,"href":"https:\/\/wp.ufpel.edu.br\/gbiotec\/wp-json\/wp\/v2\/pages\/182\/revisions"}],"predecessor-version":[{"id":4636,"href":"https:\/\/wp.ufpel.edu.br\/gbiotec\/wp-json\/wp\/v2\/pages\/182\/revisions\/4636"}],"up":[{"embeddable":true,"href":"https:\/\/wp.ufpel.edu.br\/gbiotec\/wp-json\/wp\/v2\/pages\/3052"}],"wp:attachment":[{"href":"https:\/\/wp.ufpel.edu.br\/gbiotec\/wp-json\/wp\/v2\/media?parent=182"}],"curies":[{"name":"wp","href":"https:\/\/api.w.org\/{rel}","templated":true}]}}