{"id":1766,"date":"2019-08-05T14:13:06","date_gmt":"2019-08-05T17:13:06","guid":{"rendered":"https:\/\/wp.ufpel.edu.br\/gbiotec\/?page_id=1766"},"modified":"2021-11-11T19:34:40","modified_gmt":"2021-11-11T22:34:40","slug":"2018-2","status":"publish","type":"page","link":"https:\/\/wp.ufpel.edu.br\/gbiotec\/eventos\/talk-science\/2018-2\/","title":{"rendered":"2018"},"content":{"rendered":"<p style=\"text-align: center\"><span style=\"color: #000000\"><strong><em>Talk Science &#8211; Internacionaliza\u00e7\u00e3o da ci\u00eancia a n\u00edvel gradua\u00e7\u00e3o e p\u00f3s-gradua\u00e7\u00e3o<\/em><\/strong><\/span><\/p>\n<p style=\"text-align: center\"><span style=\"color: #000000\"><em>Data: 03 de julho de 2018<\/em><\/span><\/p>\n<p style=\"text-align: center\"><span style=\"color: #000000\"><em>Local: FairPlay Restopub<\/em><\/span><\/p>\n<p><img class=\"alignnone wp-image-1770\" src=\"https:\/\/wp.ufpel.edu.br\/gbiotec\/files\/2019\/08\/6F66E88E65AB461F813E563D1C2CC828-400x267.jpg\" alt=\"\" width=\"340\" height=\"227\" srcset=\"https:\/\/wp.ufpel.edu.br\/gbiotec\/files\/2019\/08\/6F66E88E65AB461F813E563D1C2CC828-400x267.jpg 400w, https:\/\/wp.ufpel.edu.br\/gbiotec\/files\/2019\/08\/6F66E88E65AB461F813E563D1C2CC828.jpg 645w\" sizes=\"(max-width: 340px) 100vw, 340px\" \/>\u00a0 \u00a0 \u00a0<img class=\"alignnone wp-image-1774\" src=\"https:\/\/wp.ufpel.edu.br\/gbiotec\/files\/2019\/08\/4-1-400x267.jpg\" alt=\"\" width=\"340\" height=\"227\" srcset=\"https:\/\/wp.ufpel.edu.br\/gbiotec\/files\/2019\/08\/4-1-400x267.jpg 400w, https:\/\/wp.ufpel.edu.br\/gbiotec\/files\/2019\/08\/4-1.jpg 645w\" sizes=\"(max-width: 340px) 100vw, 340px\" \/>\u00a0<img class=\"alignnone wp-image-1771\" src=\"https:\/\/wp.ufpel.edu.br\/gbiotec\/files\/2019\/08\/752F005279994DE091954A60391CAA29-400x267.jpg\" alt=\"\" width=\"285\" height=\"190\" srcset=\"https:\/\/wp.ufpel.edu.br\/gbiotec\/files\/2019\/08\/752F005279994DE091954A60391CAA29-400x267.jpg 400w, https:\/\/wp.ufpel.edu.br\/gbiotec\/files\/2019\/08\/752F005279994DE091954A60391CAA29.jpg 645w\" sizes=\"(max-width: 285px) 100vw, 285px\" \/>\u00a0<img class=\"alignnone wp-image-1775\" src=\"https:\/\/wp.ufpel.edu.br\/gbiotec\/files\/2019\/08\/6-1-254x400.jpg\" alt=\"\" width=\"121\" height=\"191\" srcset=\"https:\/\/wp.ufpel.edu.br\/gbiotec\/files\/2019\/08\/6-1-254x400.jpg 254w, https:\/\/wp.ufpel.edu.br\/gbiotec\/files\/2019\/08\/6-1-768x1211.jpg 768w, https:\/\/wp.ufpel.edu.br\/gbiotec\/files\/2019\/08\/6-1-650x1024.jpg 650w, https:\/\/wp.ufpel.edu.br\/gbiotec\/files\/2019\/08\/6-1.jpg 1152w\" sizes=\"(max-width: 121px) 100vw, 121px\" \/>\u00a0<img class=\"alignnone wp-image-1777\" src=\"https:\/\/wp.ufpel.edu.br\/gbiotec\/files\/2019\/08\/8-1-400x300.jpg\" alt=\"\" width=\"254\" height=\"191\" srcset=\"https:\/\/wp.ufpel.edu.br\/gbiotec\/files\/2019\/08\/8-1-400x300.jpg 400w, https:\/\/wp.ufpel.edu.br\/gbiotec\/files\/2019\/08\/8-1.jpg 645w\" sizes=\"(max-width: 254px) 100vw, 254px\" \/><\/p>\n","protected":false},"excerpt":{"rendered":"<p>Talk Science &#8211; Internacionaliza\u00e7\u00e3o da ci\u00eancia a n\u00edvel gradua\u00e7\u00e3o e p\u00f3s-gradua\u00e7\u00e3o Data: 03 de julho de 2018 Local: FairPlay Restopub \u00a0 \u00a0 \u00a0\u00a0\u00a0\u00a0<\/p>\n","protected":false},"author":866,"featured_media":0,"parent":1762,"menu_order":1,"comment_status":"closed","ping_status":"closed","template":"","meta":{"footnotes":""},"class_list":["post-1766","page","type-page","status-publish","hentry"],"jetpack_sharing_enabled":true,"_links":{"self":[{"href":"https:\/\/wp.ufpel.edu.br\/gbiotec\/wp-json\/wp\/v2\/pages\/1766","targetHints":{"allow":["GET"]}}],"collection":[{"href":"https:\/\/wp.ufpel.edu.br\/gbiotec\/wp-json\/wp\/v2\/pages"}],"about":[{"href":"https:\/\/wp.ufpel.edu.br\/gbiotec\/wp-json\/wp\/v2\/types\/page"}],"author":[{"embeddable":true,"href":"https:\/\/wp.ufpel.edu.br\/gbiotec\/wp-json\/wp\/v2\/users\/866"}],"replies":[{"embeddable":true,"href":"https:\/\/wp.ufpel.edu.br\/gbiotec\/wp-json\/wp\/v2\/comments?post=1766"}],"version-history":[{"count":29,"href":"https:\/\/wp.ufpel.edu.br\/gbiotec\/wp-json\/wp\/v2\/pages\/1766\/revisions"}],"predecessor-version":[{"id":3457,"href":"https:\/\/wp.ufpel.edu.br\/gbiotec\/wp-json\/wp\/v2\/pages\/1766\/revisions\/3457"}],"up":[{"embeddable":true,"href":"https:\/\/wp.ufpel.edu.br\/gbiotec\/wp-json\/wp\/v2\/pages\/1762"}],"wp:attachment":[{"href":"https:\/\/wp.ufpel.edu.br\/gbiotec\/wp-json\/wp\/v2\/media?parent=1766"}],"curies":[{"name":"wp","href":"https:\/\/api.w.org\/{rel}","templated":true}]}}