{"id":1762,"date":"2019-08-05T14:11:38","date_gmt":"2019-08-05T17:11:38","guid":{"rendered":"https:\/\/wp.ufpel.edu.br\/gbiotec\/?page_id=1762"},"modified":"2021-09-15T14:11:04","modified_gmt":"2021-09-15T17:11:04","slug":"talk-science","status":"publish","type":"page","link":"https:\/\/wp.ufpel.edu.br\/gbiotec\/eventos\/talk-science\/","title":{"rendered":"Talk Science"},"content":{"rendered":"<p style=\"text-align: justify\"><span style=\"color: #000000\">Talk Science \u00e9 um projeto de divulga\u00e7\u00e3o cient\u00edfica de uma maneira n\u00e3o convencional. Do lado de fora de laborat\u00f3rios e institutos de pesquisa e com uma abordagem inclusiva e interativa, bares, pubs e restaurantes ser\u00e3o o cen\u00e1rio para reuni\u00e3o de estudantes, profissionais e aqueles que t\u00eam interesse em um debate diferenciado. O projeto \u00e9 baseado em uma proposta internacionalmente conhecida de divulga\u00e7\u00e3o, chamada Pint of Science, que visa difundir a ci\u00eancia de uma forma acess\u00edvel e inclusiva.<\/span><\/p>\n<ul>\n<li><span style=\"color: #000000\"><a style=\"color: #000000\" href=\"https:\/\/wp.ufpel.edu.br\/gbiotec\/eventos\/talk-science\/2018-2\/\">Talk Science &#8211; Internacionaliza\u00e7\u00e3o da ci\u00eancia a n\u00edvel gradua\u00e7\u00e3o e p\u00f3s-gradua\u00e7\u00e3o<\/a><\/span><\/li>\n<li><span style=\"color: #000000\"><a style=\"color: #000000\" href=\"https:\/\/wp.ufpel.edu.br\/gbiotec\/eventos\/talk-science\/2019-2\/\">Talk Science &#8211; CRISPR: o Photoshop\u00ae do DNA<\/a><\/span><\/li>\n<li><span style=\"color: #000000\"><a style=\"color: #000000\" href=\"https:\/\/wp.ufpel.edu.br\/gbiotec\/eventos\/talk-science\/2019-2-2\/\">Talk Science &#8211; Do laborat\u00f3rio para mesa<\/a><\/span><\/li>\n<\/ul>\n","protected":false},"excerpt":{"rendered":"<p>Talk Science \u00e9 um projeto de divulga\u00e7\u00e3o cient\u00edfica de uma maneira n\u00e3o convencional. Do lado de fora de laborat\u00f3rios e institutos de pesquisa e com uma abordagem inclusiva e interativa, bares, pubs e restaurantes ser\u00e3o o cen\u00e1rio para reuni\u00e3o de estudantes, profissionais e aqueles que t\u00eam interesse em um debate diferenciado. O projeto \u00e9 baseado [&hellip;]<\/p>\n","protected":false},"author":866,"featured_media":0,"parent":320,"menu_order":5,"comment_status":"closed","ping_status":"closed","template":"","meta":{"footnotes":""},"class_list":["post-1762","page","type-page","status-publish","hentry"],"jetpack_sharing_enabled":true,"_links":{"self":[{"href":"https:\/\/wp.ufpel.edu.br\/gbiotec\/wp-json\/wp\/v2\/pages\/1762","targetHints":{"allow":["GET"]}}],"collection":[{"href":"https:\/\/wp.ufpel.edu.br\/gbiotec\/wp-json\/wp\/v2\/pages"}],"about":[{"href":"https:\/\/wp.ufpel.edu.br\/gbiotec\/wp-json\/wp\/v2\/types\/page"}],"author":[{"embeddable":true,"href":"https:\/\/wp.ufpel.edu.br\/gbiotec\/wp-json\/wp\/v2\/users\/866"}],"replies":[{"embeddable":true,"href":"https:\/\/wp.ufpel.edu.br\/gbiotec\/wp-json\/wp\/v2\/comments?post=1762"}],"version-history":[{"count":8,"href":"https:\/\/wp.ufpel.edu.br\/gbiotec\/wp-json\/wp\/v2\/pages\/1762\/revisions"}],"predecessor-version":[{"id":3388,"href":"https:\/\/wp.ufpel.edu.br\/gbiotec\/wp-json\/wp\/v2\/pages\/1762\/revisions\/3388"}],"up":[{"embeddable":true,"href":"https:\/\/wp.ufpel.edu.br\/gbiotec\/wp-json\/wp\/v2\/pages\/320"}],"wp:attachment":[{"href":"https:\/\/wp.ufpel.edu.br\/gbiotec\/wp-json\/wp\/v2\/media?parent=1762"}],"curies":[{"name":"wp","href":"https:\/\/api.w.org\/{rel}","templated":true}]}}