{"id":176,"date":"2018-07-13T14:27:39","date_gmt":"2018-07-13T17:27:39","guid":{"rendered":"https:\/\/wp.ufpel.edu.br\/gbiotec\/?page_id=176"},"modified":"2025-10-22T16:03:25","modified_gmt":"2025-10-22T19:03:25","slug":"multiusuarios","status":"publish","type":"page","link":"https:\/\/wp.ufpel.edu.br\/gbiotec\/infraestrutura\/pesquisa\/multiusuarios\/","title":{"rendered":"Laborat\u00f3rio Cl\u00e1udia Hartleben"},"content":{"rendered":"<p><img class=\"alignnone wp-image-1899\" src=\"https:\/\/wp.ufpel.edu.br\/gbiotec\/files\/2019\/08\/Lab-10-1-400x225.jpg\" alt=\"\" width=\"337\" height=\"190\" srcset=\"https:\/\/wp.ufpel.edu.br\/gbiotec\/files\/2019\/08\/Lab-10-1-400x225.jpg 400w, https:\/\/wp.ufpel.edu.br\/gbiotec\/files\/2019\/08\/Lab-10-1-768x432.jpg 768w, https:\/\/wp.ufpel.edu.br\/gbiotec\/files\/2019\/08\/Lab-10-1-1024x576.jpg 1024w\" sizes=\"(max-width: 337px) 100vw, 337px\" \/>\u00a0 \u00a0 <img class=\"alignnone wp-image-1898\" src=\"https:\/\/wp.ufpel.edu.br\/gbiotec\/files\/2019\/08\/Lab-10-3-400x211.jpg\" alt=\"\" width=\"295\" height=\"156\" srcset=\"https:\/\/wp.ufpel.edu.br\/gbiotec\/files\/2019\/08\/Lab-10-3-400x211.jpg 400w, https:\/\/wp.ufpel.edu.br\/gbiotec\/files\/2019\/08\/Lab-10-3-768x406.jpg 768w, https:\/\/wp.ufpel.edu.br\/gbiotec\/files\/2019\/08\/Lab-10-3-1024x541.jpg 1024w\" sizes=\"(max-width: 295px) 100vw, 295px\" \/><\/p>\n<p><img class=\"alignnone wp-image-1897\" src=\"https:\/\/wp.ufpel.edu.br\/gbiotec\/files\/2019\/08\/Lab-10-2-400x225.jpg\" alt=\"\" width=\"336\" height=\"190\" srcset=\"https:\/\/wp.ufpel.edu.br\/gbiotec\/files\/2019\/08\/Lab-10-2-400x225.jpg 400w, https:\/\/wp.ufpel.edu.br\/gbiotec\/files\/2019\/08\/Lab-10-2-768x432.jpg 768w, https:\/\/wp.ufpel.edu.br\/gbiotec\/files\/2019\/08\/Lab-10-2-1024x576.jpg 1024w\" sizes=\"(max-width: 336px) 100vw, 336px\" \/>\u00a0 \u00a0 <img class=\"alignnone wp-image-3703\" src=\"https:\/\/wp.ufpel.edu.br\/nulab\/files\/2016\/12\/P1010896-212x159.jpg\" alt=\"p1010896\" width=\"255\" height=\"192\" \/><\/p>\n<p><span style=\"color: #000000;\"><strong>Unidade:<\/strong> Centro de Desenvolvimento Tecnol\u00f3gico (CDTec)<\/span><br \/>\n<span style=\"color: #000000;\"> <strong>Curso:<\/strong>\u00a0Biotecnologia<\/span><br \/>\n<span style=\"color: #000000;\"> <strong>Website:<\/strong>\u00a0\u2013<\/span><br \/>\n<span style=\"color: #000000;\"> <strong>C\u00f3digo NULAB:<\/strong>\u00a090392<\/span><\/p>\n<p style=\"text-align: justify;\"><span style=\"color: #000000;\"><strong>Descri\u00e7\u00e3o: <\/strong>O Laborat\u00f3rio desenvolve atividades que envolvem a Biotecnologia Animal, Biotecnologia Ambiental, Biosseguran\u00e7a e Biologia Celular, e ainda atua em colabora\u00e7\u00e3o com os outros laborat\u00f3rios da Biotecnologia.<strong><br \/>\n<\/strong><\/span><\/p>\n<p style=\"text-align: justify;\"><span style=\"color: #000000;\"><strong>Localiza\u00e7\u00e3o<\/strong><\/span><br \/>\n<span style=\"color: #000000;\"> <strong>Campus:<\/strong>\u00a0Cap\u00e3o do Le\u00e3o<\/span><br \/>\n<span style=\"color: #000000;\"> <strong>Pr\u00e9dio:<\/strong> 20<\/span><\/p>\n<p><span style=\"color: #000000;\"><strong>Contato<\/strong><\/span><br \/>\n<span style=\"color: #000000;\"> <strong>Nome:<\/strong> Profa. Dra. Priscila Marques Moura de Leon, Profa. Dra. Mariana H\u00e4rter Remi\u00e3o e Profa. Dra. Marta Amaral Gon\u00e7alves<\/span><br \/>\n<span style=\"color: #000000;\"> <strong>E-mail<\/strong>: primleon@gmail.com, marri.hr@hotmail.com e martagamaral@gmail.com\u00a0<\/span><\/p>\n<p><span style=\"color: #000000;\"><strong>Equipamentos<br \/>\n<\/strong>Microscopia de Fluoresc\u00eancia<\/span><br \/>\n<span style=\"color: #000000;\"> Sistema de Purifica\u00e7\u00e3o De \u00c1gua<\/span><br \/>\n<span style=\"color: #000000;\"> AKTA<\/span><br \/>\n<span style=\"color: #000000;\"> Purificador 2D de prote\u00edna<br \/>\nSistema de Incuba\u00e7\u00e3o para c\u00e9lulas <\/span><br \/>\n<span style=\"color: #000000;\">Sistema de An\u00e1lises Histol\u00f3gicas<\/span><\/p>\n","protected":false},"excerpt":{"rendered":"<p>\u00a0 \u00a0 \u00a0 \u00a0 Unidade: Centro de Desenvolvimento Tecnol\u00f3gico (CDTec) Curso:\u00a0Biotecnologia Website:\u00a0\u2013 C\u00f3digo NULAB:\u00a090392 Descri\u00e7\u00e3o: O Laborat\u00f3rio desenvolve atividades que envolvem a Biotecnologia Animal, Biotecnologia Ambiental, Biosseguran\u00e7a e Biologia Celular, e ainda atua em colabora\u00e7\u00e3o com os outros laborat\u00f3rios da Biotecnologia. Localiza\u00e7\u00e3o Campus:\u00a0Cap\u00e3o do Le\u00e3o Pr\u00e9dio: 20 Contato Nome: Profa. Dra. Priscila Marques Moura de [&hellip;]<\/p>\n","protected":false},"author":667,"featured_media":0,"parent":53,"menu_order":8,"comment_status":"closed","ping_status":"closed","template":"","meta":{"footnotes":""},"class_list":["post-176","page","type-page","status-publish","hentry"],"jetpack_sharing_enabled":true,"_links":{"self":[{"href":"https:\/\/wp.ufpel.edu.br\/gbiotec\/wp-json\/wp\/v2\/pages\/176","targetHints":{"allow":["GET"]}}],"collection":[{"href":"https:\/\/wp.ufpel.edu.br\/gbiotec\/wp-json\/wp\/v2\/pages"}],"about":[{"href":"https:\/\/wp.ufpel.edu.br\/gbiotec\/wp-json\/wp\/v2\/types\/page"}],"author":[{"embeddable":true,"href":"https:\/\/wp.ufpel.edu.br\/gbiotec\/wp-json\/wp\/v2\/users\/667"}],"replies":[{"embeddable":true,"href":"https:\/\/wp.ufpel.edu.br\/gbiotec\/wp-json\/wp\/v2\/comments?post=176"}],"version-history":[{"count":3,"href":"https:\/\/wp.ufpel.edu.br\/gbiotec\/wp-json\/wp\/v2\/pages\/176\/revisions"}],"predecessor-version":[{"id":4631,"href":"https:\/\/wp.ufpel.edu.br\/gbiotec\/wp-json\/wp\/v2\/pages\/176\/revisions\/4631"}],"up":[{"embeddable":true,"href":"https:\/\/wp.ufpel.edu.br\/gbiotec\/wp-json\/wp\/v2\/pages\/53"}],"wp:attachment":[{"href":"https:\/\/wp.ufpel.edu.br\/gbiotec\/wp-json\/wp\/v2\/media?parent=176"}],"curies":[{"name":"wp","href":"https:\/\/api.w.org\/{rel}","templated":true}]}}