{"id":1741,"date":"2019-08-05T13:27:52","date_gmt":"2019-08-05T16:27:52","guid":{"rendered":"https:\/\/wp.ufpel.edu.br\/gbiotec\/?page_id=1741"},"modified":"2021-04-20T18:44:00","modified_gmt":"2021-04-20T21:44:00","slug":"2019-2","status":"publish","type":"page","link":"https:\/\/wp.ufpel.edu.br\/gbiotec\/eventos\/ciclo-de-palestras-de-gestao-e-empreendedorismo\/2019-2\/","title":{"rendered":"2019"},"content":{"rendered":"<p style=\"text-align: center\"><span style=\"color: #000000\"><strong><em>III Ciclo de Palestras de Gest\u00e3o e Empreendedorismo<\/em><\/strong><\/span><\/p>\n<p style=\"text-align: center\"><span style=\"color: #000000\"><em>Data: 26 de junho de 2019<\/em><\/span><\/p>\n<p style=\"text-align: center\"><span style=\"color: #000000\"><em>Local: Audit\u00f3rio do Centro de P\u00f3s-Gradua\u00e7\u00e3o e Pesquisas em Ci\u00eancias Humanas, Sociais,<br \/>\nSociais Aplicadas, Artes e Linguagem (CEHUS) \u2013 UFPel<\/em><\/span><\/p>\n<p><img class=\"alignnone wp-image-1746\" src=\"https:\/\/wp.ufpel.edu.br\/gbiotec\/files\/2019\/08\/DSF0501-400x225.jpg\" alt=\"\" width=\"340\" height=\"191\" srcset=\"https:\/\/wp.ufpel.edu.br\/gbiotec\/files\/2019\/08\/DSF0501-400x225.jpg 400w, https:\/\/wp.ufpel.edu.br\/gbiotec\/files\/2019\/08\/DSF0501-768x432.jpg 768w, https:\/\/wp.ufpel.edu.br\/gbiotec\/files\/2019\/08\/DSF0501-1024x576.jpg 1024w\" sizes=\"(max-width: 340px) 100vw, 340px\" \/>\u00a0 \u00a0 <img class=\"alignnone wp-image-1748\" src=\"https:\/\/wp.ufpel.edu.br\/gbiotec\/files\/2019\/08\/DSF0519-400x225.jpg\" alt=\"\" width=\"340\" height=\"191\" srcset=\"https:\/\/wp.ufpel.edu.br\/gbiotec\/files\/2019\/08\/DSF0519-400x225.jpg 400w, https:\/\/wp.ufpel.edu.br\/gbiotec\/files\/2019\/08\/DSF0519-768x432.jpg 768w, https:\/\/wp.ufpel.edu.br\/gbiotec\/files\/2019\/08\/DSF0519-1024x576.jpg 1024w\" sizes=\"(max-width: 340px) 100vw, 340px\" \/><\/p>\n<p><img class=\"alignnone wp-image-1750\" src=\"https:\/\/wp.ufpel.edu.br\/gbiotec\/files\/2019\/08\/DSF0533-400x225.jpg\" alt=\"\" width=\"340\" height=\"191\" srcset=\"https:\/\/wp.ufpel.edu.br\/gbiotec\/files\/2019\/08\/DSF0533-400x225.jpg 400w, https:\/\/wp.ufpel.edu.br\/gbiotec\/files\/2019\/08\/DSF0533-768x432.jpg 768w, https:\/\/wp.ufpel.edu.br\/gbiotec\/files\/2019\/08\/DSF0533-1024x576.jpg 1024w\" sizes=\"(max-width: 340px) 100vw, 340px\" \/>\u00a0 \u00a0 <img class=\"alignnone wp-image-1752\" src=\"https:\/\/wp.ufpel.edu.br\/gbiotec\/files\/2019\/08\/DSF0544-400x225.jpg\" alt=\"\" width=\"340\" height=\"191\" srcset=\"https:\/\/wp.ufpel.edu.br\/gbiotec\/files\/2019\/08\/DSF0544-400x225.jpg 400w, https:\/\/wp.ufpel.edu.br\/gbiotec\/files\/2019\/08\/DSF0544-768x432.jpg 768w, https:\/\/wp.ufpel.edu.br\/gbiotec\/files\/2019\/08\/DSF0544-1024x576.jpg 1024w\" sizes=\"(max-width: 340px) 100vw, 340px\" \/><\/p>\n<p><img class=\"alignnone wp-image-1754\" src=\"https:\/\/wp.ufpel.edu.br\/gbiotec\/files\/2019\/08\/DSF0496-400x225.jpg\" alt=\"\" width=\"340\" height=\"191\" srcset=\"https:\/\/wp.ufpel.edu.br\/gbiotec\/files\/2019\/08\/DSF0496-400x225.jpg 400w, https:\/\/wp.ufpel.edu.br\/gbiotec\/files\/2019\/08\/DSF0496-768x432.jpg 768w, https:\/\/wp.ufpel.edu.br\/gbiotec\/files\/2019\/08\/DSF0496-1024x576.jpg 1024w\" sizes=\"(max-width: 340px) 100vw, 340px\" \/>\u00a0 \u00a0 <img class=\"alignnone wp-image-1755\" src=\"https:\/\/wp.ufpel.edu.br\/gbiotec\/files\/2019\/08\/DSF0568-400x225.jpg\" alt=\"\" width=\"340\" height=\"191\" srcset=\"https:\/\/wp.ufpel.edu.br\/gbiotec\/files\/2019\/08\/DSF0568-400x225.jpg 400w, https:\/\/wp.ufpel.edu.br\/gbiotec\/files\/2019\/08\/DSF0568-768x432.jpg 768w, https:\/\/wp.ufpel.edu.br\/gbiotec\/files\/2019\/08\/DSF0568-1024x576.jpg 1024w\" sizes=\"(max-width: 340px) 100vw, 340px\" \/><\/p>\n","protected":false},"excerpt":{"rendered":"<p>III Ciclo de Palestras de Gest\u00e3o e Empreendedorismo Data: 26 de junho de 2019 Local: Audit\u00f3rio do Centro de P\u00f3s-Gradua\u00e7\u00e3o e Pesquisas em Ci\u00eancias Humanas, Sociais, Sociais Aplicadas, Artes e Linguagem (CEHUS) \u2013 UFPel \u00a0 \u00a0 \u00a0 \u00a0 \u00a0 \u00a0<\/p>\n","protected":false},"author":866,"featured_media":0,"parent":1672,"menu_order":3,"comment_status":"closed","ping_status":"closed","template":"","meta":{"footnotes":""},"class_list":["post-1741","page","type-page","status-publish","hentry"],"jetpack_sharing_enabled":true,"_links":{"self":[{"href":"https:\/\/wp.ufpel.edu.br\/gbiotec\/wp-json\/wp\/v2\/pages\/1741","targetHints":{"allow":["GET"]}}],"collection":[{"href":"https:\/\/wp.ufpel.edu.br\/gbiotec\/wp-json\/wp\/v2\/pages"}],"about":[{"href":"https:\/\/wp.ufpel.edu.br\/gbiotec\/wp-json\/wp\/v2\/types\/page"}],"author":[{"embeddable":true,"href":"https:\/\/wp.ufpel.edu.br\/gbiotec\/wp-json\/wp\/v2\/users\/866"}],"replies":[{"embeddable":true,"href":"https:\/\/wp.ufpel.edu.br\/gbiotec\/wp-json\/wp\/v2\/comments?post=1741"}],"version-history":[{"count":8,"href":"https:\/\/wp.ufpel.edu.br\/gbiotec\/wp-json\/wp\/v2\/pages\/1741\/revisions"}],"predecessor-version":[{"id":3173,"href":"https:\/\/wp.ufpel.edu.br\/gbiotec\/wp-json\/wp\/v2\/pages\/1741\/revisions\/3173"}],"up":[{"embeddable":true,"href":"https:\/\/wp.ufpel.edu.br\/gbiotec\/wp-json\/wp\/v2\/pages\/1672"}],"wp:attachment":[{"href":"https:\/\/wp.ufpel.edu.br\/gbiotec\/wp-json\/wp\/v2\/media?parent=1741"}],"curies":[{"name":"wp","href":"https:\/\/api.w.org\/{rel}","templated":true}]}}