{"id":1672,"date":"2019-08-02T08:57:01","date_gmt":"2019-08-02T11:57:01","guid":{"rendered":"https:\/\/wp.ufpel.edu.br\/gbiotec\/?page_id=1672"},"modified":"2021-09-15T14:05:46","modified_gmt":"2021-09-15T17:05:46","slug":"ciclo-de-palestras-de-gestao-e-empreendedorismo","status":"publish","type":"page","link":"https:\/\/wp.ufpel.edu.br\/gbiotec\/eventos\/ciclo-de-palestras-de-gestao-e-empreendedorismo\/","title":{"rendered":"Ciclo de Palestras de Gest\u00e3o e Empreendedorismo"},"content":{"rendered":"<p style=\"text-align: justify\"><span style=\"color: #000000\">O Ciclo de Palestras de Gest\u00e3o e Empreendedorismo \u00e9 um projeto do curso de gradua\u00e7\u00e3o em Biotecnologia, executado dentro da disciplina de Gest\u00e3o em Biotecnologia. <\/span><span style=\"color: #000000\">O projeto coordenado pela professora Mariana H\u00e4rter Remi\u00e3o tem como objetivo estimular o empreendedorismo no ambiente acad\u00eamico. Trazendo palestrantes com trajet\u00f3rias de sucesso ou que possuam conhecimento para gest\u00e3o de empresas e conhecimento da legisla\u00e7\u00e3o, o evento visa sanar d\u00favidas e mostrar que esta \u00e9 uma alternativa de carreira profissional poss\u00edvel e que existem institui\u00e7\u00f5es e investidores interessados nos profissionais formados nas universidades.<\/span><\/p>\n<p style=\"text-align: justify\"><span style=\"color: #000000\">O Ciclo de Palestras de Gest\u00e3o e Empreendedorismo \u00e9\u00a0um evento voltado \u00e0 comunidade acad\u00eamica mas aberto a popula\u00e7\u00e3o em geral. Por ser um evento de car\u00e1ter gratuito, conta com a colabora\u00e7\u00e3o de empresas interessadas na dissemina\u00e7\u00e3o do empreendedorismo entre os jovens, bem como com a disponibilidade de palestrantes a dividir seus conhecimentos e experi\u00eancias.<\/span><\/p>\n<ul>\n<li><span style=\"color: #000000\"><a style=\"color: #000000\" href=\"https:\/\/wp.ufpel.edu.br\/gbiotec\/eventos\/ciclo-de-palestras-de-gestao-e-empreendedorismo\/2017-2\/\">I Ciclo de Palestras de Gest\u00e3o e Empreendedorismo<\/a><\/span><\/li>\n<li><span style=\"color: #000000\"><a style=\"color: #000000\" href=\"https:\/\/wp.ufpel.edu.br\/gbiotec\/eventos\/ciclo-de-palestras-de-gestao-e-empreendedorismo\/2018-2\/\">II Ciclo de Palestras de Gest\u00e3o e Empreendedorismo<\/a><\/span><\/li>\n<li><span style=\"color: #000000\"><a style=\"color: #000000\" href=\"https:\/\/wp.ufpel.edu.br\/gbiotec\/eventos\/ciclo-de-palestras-de-gestao-e-empreendedorismo\/2019-2\/\">III Ciclo de Palestras de Gest\u00e3o e Empreendedorismo<\/a><\/span><\/li>\n<\/ul>\n<p>&nbsp;<\/p>\n","protected":false},"excerpt":{"rendered":"<p>O Ciclo de Palestras de Gest\u00e3o e Empreendedorismo \u00e9 um projeto do curso de gradua\u00e7\u00e3o em Biotecnologia, executado dentro da disciplina de Gest\u00e3o em Biotecnologia. O projeto coordenado pela professora Mariana H\u00e4rter Remi\u00e3o tem como objetivo estimular o empreendedorismo no ambiente acad\u00eamico. Trazendo palestrantes com trajet\u00f3rias de sucesso ou que possuam conhecimento para gest\u00e3o de [&hellip;]<\/p>\n","protected":false},"author":866,"featured_media":0,"parent":320,"menu_order":1,"comment_status":"closed","ping_status":"closed","template":"","meta":{"footnotes":""},"class_list":["post-1672","page","type-page","status-publish","hentry"],"jetpack_sharing_enabled":true,"_links":{"self":[{"href":"https:\/\/wp.ufpel.edu.br\/gbiotec\/wp-json\/wp\/v2\/pages\/1672","targetHints":{"allow":["GET"]}}],"collection":[{"href":"https:\/\/wp.ufpel.edu.br\/gbiotec\/wp-json\/wp\/v2\/pages"}],"about":[{"href":"https:\/\/wp.ufpel.edu.br\/gbiotec\/wp-json\/wp\/v2\/types\/page"}],"author":[{"embeddable":true,"href":"https:\/\/wp.ufpel.edu.br\/gbiotec\/wp-json\/wp\/v2\/users\/866"}],"replies":[{"embeddable":true,"href":"https:\/\/wp.ufpel.edu.br\/gbiotec\/wp-json\/wp\/v2\/comments?post=1672"}],"version-history":[{"count":9,"href":"https:\/\/wp.ufpel.edu.br\/gbiotec\/wp-json\/wp\/v2\/pages\/1672\/revisions"}],"predecessor-version":[{"id":3384,"href":"https:\/\/wp.ufpel.edu.br\/gbiotec\/wp-json\/wp\/v2\/pages\/1672\/revisions\/3384"}],"up":[{"embeddable":true,"href":"https:\/\/wp.ufpel.edu.br\/gbiotec\/wp-json\/wp\/v2\/pages\/320"}],"wp:attachment":[{"href":"https:\/\/wp.ufpel.edu.br\/gbiotec\/wp-json\/wp\/v2\/media?parent=1672"}],"curies":[{"name":"wp","href":"https:\/\/api.w.org\/{rel}","templated":true}]}}