{"id":1648,"date":"2019-07-29T11:30:15","date_gmt":"2019-07-29T14:30:15","guid":{"rendered":"https:\/\/wp.ufpel.edu.br\/gbiotec\/?page_id=1648"},"modified":"2021-09-03T15:23:55","modified_gmt":"2021-09-03T18:23:55","slug":"1648-2","status":"publish","type":"page","link":"https:\/\/wp.ufpel.edu.br\/gbiotec\/eventos\/mostra-academica\/1648-2\/","title":{"rendered":"2019"},"content":{"rendered":"<p style=\"text-align: center\"><strong><span style=\"color: #000000\"><em>III Mostra Acad\u00eamica <\/em><\/span><\/strong><\/p>\n<p style=\"text-align: center\"><span style=\"color: #000000\"><em>Data: 24 a 28 de junho de 2019<\/em><\/span><\/p>\n<p style=\"text-align: center\"><span style=\"color: #000000\"><em>Local: Sagu\u00e3o do Centro de P\u00f3s-Gradua\u00e7\u00e3o e Pesquisas em Ci\u00eancias Humanas, Sociais,<br \/>\nSociais Aplicadas, Artes e Linguagem (CEHUS) \u2013 UFPel<\/em><\/span><\/p>\n<p><span style=\"color: #000000\"><a style=\"color: #000000\" href=\"https:\/\/wp.ufpel.edu.br\/gbiotec\/files\/2020\/01\/MODALIDADE-POSTER.zip\">Anais 2019 &#8211; III Mostra Acad\u00eamica Modalidade Poster<\/a><\/span><\/p>\n<p><span style=\"color: #000000\"><a style=\"color: #000000\" href=\"https:\/\/wp.ufpel.edu.br\/gbiotec\/files\/2020\/01\/MODALIDADE-ORAL.zip\">Anais 2019- III Mostra Acad\u00eamica Modalidade Oral<\/a><\/span><\/p>\n<p><img class=\"alignnone wp-image-1650\" src=\"https:\/\/wp.ufpel.edu.br\/gbiotec\/files\/2019\/07\/WhatsApp-Image-2019-07-24-at-21.05.56-400x225.jpeg\" alt=\"\" width=\"327\" height=\"184\" srcset=\"https:\/\/wp.ufpel.edu.br\/gbiotec\/files\/2019\/07\/WhatsApp-Image-2019-07-24-at-21.05.56-400x225.jpeg 400w, https:\/\/wp.ufpel.edu.br\/gbiotec\/files\/2019\/07\/WhatsApp-Image-2019-07-24-at-21.05.56-768x432.jpeg 768w, https:\/\/wp.ufpel.edu.br\/gbiotec\/files\/2019\/07\/WhatsApp-Image-2019-07-24-at-21.05.56-1024x576.jpeg 1024w, https:\/\/wp.ufpel.edu.br\/gbiotec\/files\/2019\/07\/WhatsApp-Image-2019-07-24-at-21.05.56.jpeg 1280w\" sizes=\"(max-width: 327px) 100vw, 327px\" \/>\u00a0 \u00a0 \u00a0 <img class=\"alignnone wp-image-1651\" src=\"https:\/\/wp.ufpel.edu.br\/gbiotec\/files\/2019\/07\/WhatsApp-Image-2019-07-24-at-21.05.57-400x225.jpeg\" alt=\"\" width=\"325\" height=\"183\" srcset=\"https:\/\/wp.ufpel.edu.br\/gbiotec\/files\/2019\/07\/WhatsApp-Image-2019-07-24-at-21.05.57-400x225.jpeg 400w, https:\/\/wp.ufpel.edu.br\/gbiotec\/files\/2019\/07\/WhatsApp-Image-2019-07-24-at-21.05.57-768x432.jpeg 768w, https:\/\/wp.ufpel.edu.br\/gbiotec\/files\/2019\/07\/WhatsApp-Image-2019-07-24-at-21.05.57-1024x576.jpeg 1024w, https:\/\/wp.ufpel.edu.br\/gbiotec\/files\/2019\/07\/WhatsApp-Image-2019-07-24-at-21.05.57.jpeg 1280w\" sizes=\"(max-width: 325px) 100vw, 325px\" \/><\/p>\n<p><img class=\"wp-image-1654 aligncenter\" src=\"https:\/\/wp.ufpel.edu.br\/gbiotec\/files\/2019\/07\/WhatsApp-Image-2019-06-28-at-19.11.10-400x258.jpeg\" alt=\"\" width=\"333\" height=\"215\" srcset=\"https:\/\/wp.ufpel.edu.br\/gbiotec\/files\/2019\/07\/WhatsApp-Image-2019-06-28-at-19.11.10-400x258.jpeg 400w, https:\/\/wp.ufpel.edu.br\/gbiotec\/files\/2019\/07\/WhatsApp-Image-2019-06-28-at-19.11.10-768x496.jpeg 768w, https:\/\/wp.ufpel.edu.br\/gbiotec\/files\/2019\/07\/WhatsApp-Image-2019-06-28-at-19.11.10-1024x662.jpeg 1024w, https:\/\/wp.ufpel.edu.br\/gbiotec\/files\/2019\/07\/WhatsApp-Image-2019-06-28-at-19.11.10.jpeg 1280w\" sizes=\"(max-width: 333px) 100vw, 333px\" \/><\/p>\n","protected":false},"excerpt":{"rendered":"<p>III Mostra Acad\u00eamica Data: 24 a 28 de junho de 2019 Local: Sagu\u00e3o do Centro de P\u00f3s-Gradua\u00e7\u00e3o e Pesquisas em Ci\u00eancias Humanas, Sociais, Sociais Aplicadas, Artes e Linguagem (CEHUS) \u2013 UFPel Anais 2019 &#8211; III Mostra Acad\u00eamica Modalidade Poster Anais 2019- III Mostra Acad\u00eamica Modalidade Oral \u00a0 \u00a0 \u00a0<\/p>\n","protected":false},"author":866,"featured_media":0,"parent":326,"menu_order":3,"comment_status":"closed","ping_status":"closed","template":"","meta":{"footnotes":""},"class_list":["post-1648","page","type-page","status-publish","hentry"],"jetpack_sharing_enabled":true,"_links":{"self":[{"href":"https:\/\/wp.ufpel.edu.br\/gbiotec\/wp-json\/wp\/v2\/pages\/1648","targetHints":{"allow":["GET"]}}],"collection":[{"href":"https:\/\/wp.ufpel.edu.br\/gbiotec\/wp-json\/wp\/v2\/pages"}],"about":[{"href":"https:\/\/wp.ufpel.edu.br\/gbiotec\/wp-json\/wp\/v2\/types\/page"}],"author":[{"embeddable":true,"href":"https:\/\/wp.ufpel.edu.br\/gbiotec\/wp-json\/wp\/v2\/users\/866"}],"replies":[{"embeddable":true,"href":"https:\/\/wp.ufpel.edu.br\/gbiotec\/wp-json\/wp\/v2\/comments?post=1648"}],"version-history":[{"count":14,"href":"https:\/\/wp.ufpel.edu.br\/gbiotec\/wp-json\/wp\/v2\/pages\/1648\/revisions"}],"predecessor-version":[{"id":3357,"href":"https:\/\/wp.ufpel.edu.br\/gbiotec\/wp-json\/wp\/v2\/pages\/1648\/revisions\/3357"}],"up":[{"embeddable":true,"href":"https:\/\/wp.ufpel.edu.br\/gbiotec\/wp-json\/wp\/v2\/pages\/326"}],"wp:attachment":[{"href":"https:\/\/wp.ufpel.edu.br\/gbiotec\/wp-json\/wp\/v2\/media?parent=1648"}],"curies":[{"name":"wp","href":"https:\/\/api.w.org\/{rel}","templated":true}]}}