{"id":1627,"date":"2019-07-26T16:31:53","date_gmt":"2019-07-26T19:31:53","guid":{"rendered":"https:\/\/wp.ufpel.edu.br\/gbiotec\/?page_id=1627"},"modified":"2021-04-20T19:03:40","modified_gmt":"2021-04-20T22:03:40","slug":"2019-2","status":"publish","type":"page","link":"https:\/\/wp.ufpel.edu.br\/gbiotec\/eventos\/simposio-de-biotecnologia\/2019-2\/","title":{"rendered":"2019"},"content":{"rendered":"<p style=\"text-align: center\"><span style=\"color: #000000\"><strong><em>VII Simp\u00f3sio de Biotecnologia &#8211; Integra\u00e7\u00e3o entre gradua\u00e7\u00e3o e p\u00f3s-gradua\u00e7\u00e3o<\/em><\/strong><\/span><\/p>\n<p style=\"text-align: center\"><span style=\"color: #000000\"><em>Data: 24 a 28 de junho de 2019<\/em><\/span><\/p>\n<p style=\"text-align: center\"><span style=\"color: #000000\"><em>Local: Audit\u00f3rio do Centro de P\u00f3s-Gradua\u00e7\u00e3o e Pesquisas em Ci\u00eancias Humanas, Sociais,<br \/>\nSociais Aplicadas, <\/em><\/span><span style=\"color: #000000\"><em>Artes e Linguagem (CEHUS) &#8211; UFPel<\/em><\/span><\/p>\n<p><img class=\"alignnone wp-image-1635\" src=\"https:\/\/wp.ufpel.edu.br\/gbiotec\/files\/2019\/07\/1-400x225.jpeg\" alt=\"\" width=\"340\" height=\"191\" srcset=\"https:\/\/wp.ufpel.edu.br\/gbiotec\/files\/2019\/07\/1-400x225.jpeg 400w, https:\/\/wp.ufpel.edu.br\/gbiotec\/files\/2019\/07\/1-768x432.jpeg 768w, https:\/\/wp.ufpel.edu.br\/gbiotec\/files\/2019\/07\/1-1024x576.jpeg 1024w, https:\/\/wp.ufpel.edu.br\/gbiotec\/files\/2019\/07\/1.jpeg 1280w\" sizes=\"(max-width: 340px) 100vw, 340px\" \/>\u00a0 \u00a0 <img class=\"alignnone wp-image-1637\" src=\"https:\/\/wp.ufpel.edu.br\/gbiotec\/files\/2019\/07\/3-400x208.jpg\" alt=\"\" width=\"340\" height=\"177\" srcset=\"https:\/\/wp.ufpel.edu.br\/gbiotec\/files\/2019\/07\/3-400x208.jpg 400w, https:\/\/wp.ufpel.edu.br\/gbiotec\/files\/2019\/07\/3-768x400.jpg 768w, https:\/\/wp.ufpel.edu.br\/gbiotec\/files\/2019\/07\/3-1024x533.jpg 1024w, https:\/\/wp.ufpel.edu.br\/gbiotec\/files\/2019\/07\/3.jpg 1280w\" sizes=\"(max-width: 340px) 100vw, 340px\" \/><\/p>\n<p><img class=\"alignnone wp-image-1640\" src=\"https:\/\/wp.ufpel.edu.br\/gbiotec\/files\/2019\/07\/5-400x300.jpeg\" alt=\"\" width=\"340\" height=\"255\" srcset=\"https:\/\/wp.ufpel.edu.br\/gbiotec\/files\/2019\/07\/5-400x300.jpeg 400w, https:\/\/wp.ufpel.edu.br\/gbiotec\/files\/2019\/07\/5-768x576.jpeg 768w, https:\/\/wp.ufpel.edu.br\/gbiotec\/files\/2019\/07\/5-1024x768.jpeg 1024w, https:\/\/wp.ufpel.edu.br\/gbiotec\/files\/2019\/07\/5.jpeg 1280w\" sizes=\"(max-width: 340px) 100vw, 340px\" \/>\u00a0 \u00a0 \u00a0<img class=\"alignnone wp-image-1643\" src=\"https:\/\/wp.ufpel.edu.br\/gbiotec\/files\/2019\/07\/8-400x300.jpeg\" alt=\"\" width=\"340\" height=\"255\" srcset=\"https:\/\/wp.ufpel.edu.br\/gbiotec\/files\/2019\/07\/8-400x300.jpeg 400w, https:\/\/wp.ufpel.edu.br\/gbiotec\/files\/2019\/07\/8-768x576.jpeg 768w, https:\/\/wp.ufpel.edu.br\/gbiotec\/files\/2019\/07\/8-1024x768.jpeg 1024w, https:\/\/wp.ufpel.edu.br\/gbiotec\/files\/2019\/07\/8.jpeg 1280w\" sizes=\"(max-width: 340px) 100vw, 340px\" \/><\/p>\n","protected":false},"excerpt":{"rendered":"<p>VII Simp\u00f3sio de Biotecnologia &#8211; Integra\u00e7\u00e3o entre gradua\u00e7\u00e3o e p\u00f3s-gradua\u00e7\u00e3o Data: 24 a 28 de junho de 2019 Local: Audit\u00f3rio do Centro de P\u00f3s-Gradua\u00e7\u00e3o e Pesquisas em Ci\u00eancias Humanas, Sociais, Sociais Aplicadas, Artes e Linguagem (CEHUS) &#8211; UFPel \u00a0 \u00a0 \u00a0 \u00a0 \u00a0<\/p>\n","protected":false},"author":866,"featured_media":0,"parent":323,"menu_order":7,"comment_status":"closed","ping_status":"closed","template":"","meta":{"footnotes":""},"class_list":["post-1627","page","type-page","status-publish","hentry"],"jetpack_sharing_enabled":true,"_links":{"self":[{"href":"https:\/\/wp.ufpel.edu.br\/gbiotec\/wp-json\/wp\/v2\/pages\/1627","targetHints":{"allow":["GET"]}}],"collection":[{"href":"https:\/\/wp.ufpel.edu.br\/gbiotec\/wp-json\/wp\/v2\/pages"}],"about":[{"href":"https:\/\/wp.ufpel.edu.br\/gbiotec\/wp-json\/wp\/v2\/types\/page"}],"author":[{"embeddable":true,"href":"https:\/\/wp.ufpel.edu.br\/gbiotec\/wp-json\/wp\/v2\/users\/866"}],"replies":[{"embeddable":true,"href":"https:\/\/wp.ufpel.edu.br\/gbiotec\/wp-json\/wp\/v2\/comments?post=1627"}],"version-history":[{"count":11,"href":"https:\/\/wp.ufpel.edu.br\/gbiotec\/wp-json\/wp\/v2\/pages\/1627\/revisions"}],"predecessor-version":[{"id":3180,"href":"https:\/\/wp.ufpel.edu.br\/gbiotec\/wp-json\/wp\/v2\/pages\/1627\/revisions\/3180"}],"up":[{"embeddable":true,"href":"https:\/\/wp.ufpel.edu.br\/gbiotec\/wp-json\/wp\/v2\/pages\/323"}],"wp:attachment":[{"href":"https:\/\/wp.ufpel.edu.br\/gbiotec\/wp-json\/wp\/v2\/media?parent=1627"}],"curies":[{"name":"wp","href":"https:\/\/api.w.org\/{rel}","templated":true}]}}