{"id":154,"date":"2018-07-13T14:13:52","date_gmt":"2018-07-13T17:13:52","guid":{"rendered":"https:\/\/wp.ufpel.edu.br\/gbiotec\/?page_id=154"},"modified":"2025-10-22T16:05:01","modified_gmt":"2025-10-22T19:05:01","slug":"genomica-estrutural","status":"publish","type":"page","link":"https:\/\/wp.ufpel.edu.br\/gbiotec\/infraestrutura\/pesquisa\/genomica-estrutural\/","title":{"rendered":"Laborat\u00f3rio de Gen\u00f4mica Estrutural"},"content":{"rendered":"<p><span style=\"color: #000000;\"><strong><img class=\"alignnone size-thumbnail wp-image-3750\" src=\"https:\/\/wp.ufpel.edu.br\/nulab\/files\/2016\/12\/P1010925-212x159.jpg\" alt=\"p1010925\" width=\"212\" height=\"159\" \/>\u00a0 \u00a0 <img class=\"alignnone size-thumbnail wp-image-3751\" src=\"https:\/\/wp.ufpel.edu.br\/nulab\/files\/2016\/12\/P1010933-212x159.jpg\" alt=\"p1010933\" width=\"212\" height=\"159\" \/><\/strong><\/span><\/p>\n<p><span style=\"color: #000000;\"><strong>Unidade:<\/strong> Centro de Desenvolvimento Tecnol\u00f3gico (CDTec)<\/span><br \/>\n<span style=\"color: #000000;\"> <strong>Curso:<\/strong>\u00a0Biotecnologia<\/span><br \/>\n<span style=\"color: #000000;\"> <strong>Website:<\/strong>\u00a0\u2013<\/span><br \/>\n<span style=\"color: #000000;\"> <strong>C\u00f3digo NULAB:<\/strong>\u00a090539<\/span><\/p>\n<p style=\"text-align: justify;\"><span style=\"color: #000000;\"><strong>Descri\u00e7\u00e3o: <\/strong>Dentre as atividades realizadas no Laborat\u00f3rio de Gen\u00f4mica Estrutural est\u00e3o: sequenciamento de DNA, sequenciamento de genomas, an\u00e1lise de diversidade gen\u00e9tica atrav\u00e9s de diversidade gen\u00f4mica, clonagem e sequenciamento de genes de esp\u00e9cies aqu\u00e1ticas, an\u00e1lise gen\u00f4mica forense e an\u00e1lise genot\u00edpica humana. Possui colabora\u00e7\u00e3o com os centros de pesquisa: Institut Pasteur de Montevideo e IIB-INTECH na Argentina.<strong><br \/>\n<\/strong><\/span><\/p>\n<p><span style=\"color: #000000;\"><strong>Localiza\u00e7\u00e3o<\/strong><\/span><br \/>\n<span style=\"color: #000000;\"> <strong>Campus:<\/strong>\u00a0Cap\u00e3o do Le\u00e3o<\/span><br \/>\n<span style=\"color: #000000;\"> <strong>Pr\u00e9dio:<\/strong> 20<\/span><\/p>\n<p><span style=\"color: #000000;\"><strong>Contato<\/strong><\/span><br \/>\n<span style=\"color: #000000;\"> <strong>Nome:<\/strong>\u00a0Prof.\u00a0Dr. Vinicius Farias Campos<\/span><br \/>\n<span style=\"color: #000000;\"> <strong>E-mail<\/strong>: fariascampos@gmail.com<\/span><\/p>\n<p><span style=\"color: #000000;\"><strong>Equipamentos<br \/>\n<\/strong><\/span><span style=\"color: #000000;\">PCRs<\/span><br \/>\n<span style=\"color: #000000;\">Sistema de nanoquantifica\u00e7\u00e3o de DNA<\/span><br \/>\n<span style=\"color: #000000;\">Sistema de sequenciamento autom\u00e1tico capilar de DNA ABI 3500<\/span><br \/>\n<span style=\"color: #000000;\">Sistema completo de sequenciamento de nova gera\u00e7\u00e3o Ion Torrent para sequenciamento de genomas e transcriptomas de organismos eucari\u00f3ticos e procari\u00f3ticos<\/span><br \/>\n<span style=\"color: #000000;\">Sistema de microarranjo iScan<\/span><\/p>\n","protected":false},"excerpt":{"rendered":"<p>\u00a0 \u00a0 Unidade: Centro de Desenvolvimento Tecnol\u00f3gico (CDTec) Curso:\u00a0Biotecnologia Website:\u00a0\u2013 C\u00f3digo NULAB:\u00a090539 Descri\u00e7\u00e3o: Dentre as atividades realizadas no Laborat\u00f3rio de Gen\u00f4mica Estrutural est\u00e3o: sequenciamento de DNA, sequenciamento de genomas, an\u00e1lise de diversidade gen\u00e9tica atrav\u00e9s de diversidade gen\u00f4mica, clonagem e sequenciamento de genes de esp\u00e9cies aqu\u00e1ticas, an\u00e1lise gen\u00f4mica forense e an\u00e1lise genot\u00edpica humana. Possui colabora\u00e7\u00e3o com [&hellip;]<\/p>\n","protected":false},"author":667,"featured_media":0,"parent":53,"menu_order":11,"comment_status":"closed","ping_status":"closed","template":"","meta":{"footnotes":""},"class_list":["post-154","page","type-page","status-publish","hentry"],"jetpack_sharing_enabled":true,"_links":{"self":[{"href":"https:\/\/wp.ufpel.edu.br\/gbiotec\/wp-json\/wp\/v2\/pages\/154","targetHints":{"allow":["GET"]}}],"collection":[{"href":"https:\/\/wp.ufpel.edu.br\/gbiotec\/wp-json\/wp\/v2\/pages"}],"about":[{"href":"https:\/\/wp.ufpel.edu.br\/gbiotec\/wp-json\/wp\/v2\/types\/page"}],"author":[{"embeddable":true,"href":"https:\/\/wp.ufpel.edu.br\/gbiotec\/wp-json\/wp\/v2\/users\/667"}],"replies":[{"embeddable":true,"href":"https:\/\/wp.ufpel.edu.br\/gbiotec\/wp-json\/wp\/v2\/comments?post=154"}],"version-history":[{"count":4,"href":"https:\/\/wp.ufpel.edu.br\/gbiotec\/wp-json\/wp\/v2\/pages\/154\/revisions"}],"predecessor-version":[{"id":4634,"href":"https:\/\/wp.ufpel.edu.br\/gbiotec\/wp-json\/wp\/v2\/pages\/154\/revisions\/4634"}],"up":[{"embeddable":true,"href":"https:\/\/wp.ufpel.edu.br\/gbiotec\/wp-json\/wp\/v2\/pages\/53"}],"wp:attachment":[{"href":"https:\/\/wp.ufpel.edu.br\/gbiotec\/wp-json\/wp\/v2\/media?parent=154"}],"curies":[{"name":"wp","href":"https:\/\/api.w.org\/{rel}","templated":true}]}}