{"id":148,"date":"2018-07-13T14:12:56","date_gmt":"2018-07-13T17:12:56","guid":{"rendered":"https:\/\/wp.ufpel.edu.br\/gbiotec\/?page_id=148"},"modified":"2025-10-22T16:03:49","modified_gmt":"2025-10-22T19:03:49","slug":"bioinformatica-e-proteomica","status":"publish","type":"page","link":"https:\/\/wp.ufpel.edu.br\/gbiotec\/infraestrutura\/pesquisa\/bioinformatica-e-proteomica\/","title":{"rendered":"Laborat\u00f3rio de Bioinform\u00e1tica e Prote\u00f4mica"},"content":{"rendered":"<p><img class=\"size-thumbnail wp-image-3672 alignnone\" src=\"https:\/\/wp.ufpel.edu.br\/nulab\/files\/2016\/12\/P1010915-212x159.jpg\" alt=\"p1010915\" width=\"212\" height=\"159\" \/>\u00a0 \u00a0 \u00a0<img class=\"size-thumbnail wp-image-3673 alignnone\" src=\"https:\/\/wp.ufpel.edu.br\/nulab\/files\/2016\/12\/P1010916-212x159.jpg\" alt=\"p1010916\" width=\"212\" height=\"159\" \/><\/p>\n<p><span style=\"color: #000000;\"><strong>Unidade:<\/strong> Centro de Desenvolvimento Tecnol\u00f3gico (CDTec)<\/span><br \/>\n<span style=\"color: #000000;\"> <strong>Curso:<\/strong>\u00a0Biotecnologia<\/span><br \/>\n<span style=\"color: #000000;\"> <strong>Website:\u00a0<\/strong><span style=\"color: #000000;\"><a style=\"color: #000000;\" href=\"https:\/\/wp.ufpel.edu.br\/bioprolab\/\">https:\/\/wp.ufpel.edu.br\/bioprolab\/<\/a><\/span><\/span><br \/>\n<span style=\"color: #000000;\"> <strong>C\u00f3digo NULAB:<\/strong>\u00a090154<\/span><\/p>\n<p style=\"text-align: justify;\"><span style=\"color: #000000;\"><strong>Descri\u00e7\u00e3o: <\/strong>O grupo desenvolve pesquisas em diferentes \u00e1reas da biotecnologia, bioinform\u00e1tica, gen\u00f4mica e prote\u00f4mica, incluindo: produ\u00e7\u00e3o de prote\u00ednas recombinantes, isolamento e caracteriza\u00e7\u00e3o de lectinas de plantas, gen\u00f4mica microbiana e desenvolvimento de programas para bioinform\u00e1tica.<strong><br \/>\n<\/strong><\/span><\/p>\n<p><span style=\"color: #000000;\"><strong>Localiza\u00e7\u00e3o<\/strong><\/span><br \/>\n<span style=\"color: #000000;\"> <strong>Campus:<\/strong>\u00a0Cap\u00e3o do Le\u00e3o<\/span><br \/>\n<span style=\"color: #000000;\"> <strong>Pr\u00e9dio:<\/strong> 20<\/span><\/p>\n<p><span style=\"color: #000000;\"><strong>Contato<\/strong><\/span><br \/>\n<span style=\"color: #000000;\"> <strong>Nome:<\/strong> Prof. Dr. Luciano da Silva Pinto<\/span><br \/>\n<span style=\"color: #000000;\"> <strong>E-mail<\/strong>: ls_pinto@hotmail.com<\/span><\/p>\n<p><span style=\"color: #000000;\"><strong>Equipamentos<br \/>\n<\/strong>Agitadores<\/span><br \/>\n<span style=\"color: #000000;\"> Scanner 2D para prote\u00ednas<\/span><br \/>\n<span style=\"color: #000000;\"> Pipeline Bioinform\u00e1tica<\/span><br \/>\n<span style=\"color: #000000;\"> Termociclador<\/span><\/p>\n","protected":false},"excerpt":{"rendered":"<p>\u00a0 \u00a0 \u00a0 Unidade: Centro de Desenvolvimento Tecnol\u00f3gico (CDTec) Curso:\u00a0Biotecnologia Website:\u00a0https:\/\/wp.ufpel.edu.br\/bioprolab\/ C\u00f3digo NULAB:\u00a090154 Descri\u00e7\u00e3o: O grupo desenvolve pesquisas em diferentes \u00e1reas da biotecnologia, bioinform\u00e1tica, gen\u00f4mica e prote\u00f4mica, incluindo: produ\u00e7\u00e3o de prote\u00ednas recombinantes, isolamento e caracteriza\u00e7\u00e3o de lectinas de plantas, gen\u00f4mica microbiana e desenvolvimento de programas para bioinform\u00e1tica. Localiza\u00e7\u00e3o Campus:\u00a0Cap\u00e3o do Le\u00e3o Pr\u00e9dio: 20 Contato Nome: [&hellip;]<\/p>\n","protected":false},"author":667,"featured_media":0,"parent":53,"menu_order":9,"comment_status":"closed","ping_status":"closed","template":"","meta":{"footnotes":""},"class_list":["post-148","page","type-page","status-publish","hentry"],"jetpack_sharing_enabled":true,"_links":{"self":[{"href":"https:\/\/wp.ufpel.edu.br\/gbiotec\/wp-json\/wp\/v2\/pages\/148","targetHints":{"allow":["GET"]}}],"collection":[{"href":"https:\/\/wp.ufpel.edu.br\/gbiotec\/wp-json\/wp\/v2\/pages"}],"about":[{"href":"https:\/\/wp.ufpel.edu.br\/gbiotec\/wp-json\/wp\/v2\/types\/page"}],"author":[{"embeddable":true,"href":"https:\/\/wp.ufpel.edu.br\/gbiotec\/wp-json\/wp\/v2\/users\/667"}],"replies":[{"embeddable":true,"href":"https:\/\/wp.ufpel.edu.br\/gbiotec\/wp-json\/wp\/v2\/comments?post=148"}],"version-history":[{"count":4,"href":"https:\/\/wp.ufpel.edu.br\/gbiotec\/wp-json\/wp\/v2\/pages\/148\/revisions"}],"predecessor-version":[{"id":4632,"href":"https:\/\/wp.ufpel.edu.br\/gbiotec\/wp-json\/wp\/v2\/pages\/148\/revisions\/4632"}],"up":[{"embeddable":true,"href":"https:\/\/wp.ufpel.edu.br\/gbiotec\/wp-json\/wp\/v2\/pages\/53"}],"wp:attachment":[{"href":"https:\/\/wp.ufpel.edu.br\/gbiotec\/wp-json\/wp\/v2\/media?parent=148"}],"curies":[{"name":"wp","href":"https:\/\/api.w.org\/{rel}","templated":true}]}}