{"id":145,"date":"2018-07-13T14:12:33","date_gmt":"2018-07-13T17:12:33","guid":{"rendered":"https:\/\/wp.ufpel.edu.br\/gbiotec\/?page_id=145"},"modified":"2025-10-22T16:02:31","modified_gmt":"2025-10-22T19:02:31","slug":"biotecnologia-do-cancer","status":"publish","type":"page","link":"https:\/\/wp.ufpel.edu.br\/gbiotec\/infraestrutura\/pesquisa\/biotecnologia-do-cancer\/","title":{"rendered":"Laborat\u00f3rio de Biotecnologia do C\u00e2ncer"},"content":{"rendered":"<h1 class=\"corTexto\"><a class=\"shutterset_3721\" href=\"https:\/\/wp.ufpel.edu.br\/nulab\/files\/2016\/12\/P1010853.jpg\"><img class=\"size-thumbnail wp-image-3726 alignnone\" src=\"https:\/\/wp.ufpel.edu.br\/nulab\/files\/2016\/12\/P1010853-212x159.jpg\" alt=\"p1010853\" width=\"212\" height=\"159\" \/><\/a> \u00a0<a class=\"shutterset_3721\" href=\"https:\/\/wp.ufpel.edu.br\/nulab\/files\/2016\/12\/P1010844.jpg\"><img class=\"size-thumbnail wp-image-3725 alignnone\" src=\"https:\/\/wp.ufpel.edu.br\/nulab\/files\/2016\/12\/P1010844-212x159.jpg\" alt=\"p1010844\" width=\"212\" height=\"159\" \/><\/a><\/h1>\n<h1 class=\"corTexto\"><a class=\"shutterset_3721\" href=\"https:\/\/wp.ufpel.edu.br\/nulab\/files\/2016\/12\/P1010820.jpg\"><img class=\"size-thumbnail wp-image-3723 alignnone\" src=\"https:\/\/wp.ufpel.edu.br\/nulab\/files\/2016\/12\/P1010820-212x159.jpg\" alt=\"p1010820\" width=\"212\" height=\"159\" \/><\/a>\u00a0 <a class=\"shutterset_3721\" href=\"https:\/\/wp.ufpel.edu.br\/nulab\/files\/2016\/12\/P1010831.jpg\"><img class=\"size-thumbnail wp-image-3724 alignnone\" src=\"https:\/\/wp.ufpel.edu.br\/nulab\/files\/2016\/12\/P1010831-212x159.jpg\" alt=\"p1010831\" width=\"212\" height=\"159\" \/><\/a><\/h1>\n<p><span style=\"color: #000000;\"><strong>Unidade:<\/strong> Centro de Desenvolvimento Tecnol\u00f3gico (CDTec)<\/span><br \/>\n<span style=\"color: #000000;\"><strong>Curso:<\/strong>\u00a0Biotecnologia<\/span><br \/>\n<span style=\"color: #000000;\"><strong>Website:<\/strong>\u00a0\u2013<\/span><br \/>\n<span style=\"color: #000000;\"><strong>C\u00f3digo NULAB:<\/strong> 90150<\/span><\/p>\n<p style=\"text-align: justify;\"><span style=\"color: #000000;\"><strong>Descri\u00e7\u00e3o: <\/strong>O Laborat\u00f3rio de Biotecnologia do C\u00e2ncer desenvolve pesquisas que envolvem estudos em oncologia celular e molecular, screening e reposicionamento de f\u00e1rmacos, quimioter\u00e1picos e nanoparticulas em sistemas in vitro e atrav\u00e9s de bioensaios alternativos em embri\u00f5es de mam\u00edferos. Desenvolvimento de modelos biol\u00f3gicos robustos baseados em engenharia gen\u00e9tica. Neste sentido s\u00e3o realizadas pesquisas com v\u00e1rios tipos de nano-sistemas no carreamento de f\u00e1rmacos ou atuando como ativos na inibi\u00e7\u00e3o do crescimento tumoral.<strong><br \/>\n<\/strong><\/span><\/p>\n<p><span style=\"color: #000000;\"><strong>Localiza\u00e7\u00e3o<\/strong><\/span><br \/>\n<span style=\"color: #000000;\"><strong>Campus:<\/strong>\u00a0Cap\u00e3o do Le\u00e3o<\/span><br \/>\n<span style=\"color: #000000;\"><strong>Pr\u00e9dio:<\/strong> 19<\/span><\/p>\n<p><span style=\"color: #000000;\"><strong>Contato<\/strong><\/span><br \/>\n<span style=\"color: #000000;\"><strong>Nome:<\/strong> Prof. Dr. Tiago Veiras Collares e Profa. Dra. Fabiana K\u00f6mmling Seixas<\/span><br \/>\n<span style=\"color: #000000;\"><strong>E-mail<\/strong>: collares.t@gmail.com e seixas.fk@gmail.com<\/span><\/p>\n<p><span style=\"color: #000000;\"><strong>Equipamentos<br \/>\n<\/strong>Real Time PCR<br \/>\nSistema de Microarray<br \/>\nSistema de Micromanipula\u00e7\u00e3o e Micro inje\u00e7\u00e3o Celular<br \/>\nCitometria de Fluxo<br \/>\nMultiporador Celular<br \/>\nSistemas de microscopia de Fluoresc\u00eancia<br \/>\nSistemas de captura de imagens refrigerado de alta resolu\u00e7\u00e3o<br \/>\nMicroscopia Confocal a Laser<br \/>\nSistema de Incuba\u00e7\u00e3o para c\u00e9lulas e embri\u00f5es<br \/>\nSistema de Microarray<br \/>\nSistema de Micromanipula\u00e7\u00e3o e Micro inje\u00e7\u00e3o Celular<br \/>\nCitometria de Fluxo<br \/>\nMultiporador Celular<\/span><\/p>\n","protected":false},"excerpt":{"rendered":"<p>\u00a0 \u00a0 Unidade: Centro de Desenvolvimento Tecnol\u00f3gico (CDTec) Curso:\u00a0Biotecnologia Website:\u00a0\u2013 C\u00f3digo NULAB: 90150 Descri\u00e7\u00e3o: O Laborat\u00f3rio de Biotecnologia do C\u00e2ncer desenvolve pesquisas que envolvem estudos em oncologia celular e molecular, screening e reposicionamento de f\u00e1rmacos, quimioter\u00e1picos e nanoparticulas em sistemas in vitro e atrav\u00e9s de bioensaios alternativos em embri\u00f5es de mam\u00edferos. Desenvolvimento de modelos biol\u00f3gicos [&hellip;]<\/p>\n","protected":false},"author":667,"featured_media":0,"parent":53,"menu_order":7,"comment_status":"closed","ping_status":"closed","template":"","meta":{"footnotes":""},"class_list":["post-145","page","type-page","status-publish","hentry"],"jetpack_sharing_enabled":true,"_links":{"self":[{"href":"https:\/\/wp.ufpel.edu.br\/gbiotec\/wp-json\/wp\/v2\/pages\/145","targetHints":{"allow":["GET"]}}],"collection":[{"href":"https:\/\/wp.ufpel.edu.br\/gbiotec\/wp-json\/wp\/v2\/pages"}],"about":[{"href":"https:\/\/wp.ufpel.edu.br\/gbiotec\/wp-json\/wp\/v2\/types\/page"}],"author":[{"embeddable":true,"href":"https:\/\/wp.ufpel.edu.br\/gbiotec\/wp-json\/wp\/v2\/users\/667"}],"replies":[{"embeddable":true,"href":"https:\/\/wp.ufpel.edu.br\/gbiotec\/wp-json\/wp\/v2\/comments?post=145"}],"version-history":[{"count":3,"href":"https:\/\/wp.ufpel.edu.br\/gbiotec\/wp-json\/wp\/v2\/pages\/145\/revisions"}],"predecessor-version":[{"id":4630,"href":"https:\/\/wp.ufpel.edu.br\/gbiotec\/wp-json\/wp\/v2\/pages\/145\/revisions\/4630"}],"up":[{"embeddable":true,"href":"https:\/\/wp.ufpel.edu.br\/gbiotec\/wp-json\/wp\/v2\/pages\/53"}],"wp:attachment":[{"href":"https:\/\/wp.ufpel.edu.br\/gbiotec\/wp-json\/wp\/v2\/media?parent=145"}],"curies":[{"name":"wp","href":"https:\/\/api.w.org\/{rel}","templated":true}]}}