{"id":142,"date":"2018-07-13T14:12:11","date_gmt":"2018-07-13T17:12:11","guid":{"rendered":"https:\/\/wp.ufpel.edu.br\/gbiotec\/?page_id=142"},"modified":"2025-10-22T16:01:52","modified_gmt":"2025-10-22T19:01:52","slug":"vacinologia","status":"publish","type":"page","link":"https:\/\/wp.ufpel.edu.br\/gbiotec\/infraestrutura\/pesquisa\/vacinologia\/","title":{"rendered":"Laborat\u00f3rio de Vacinologia"},"content":{"rendered":"<p><img class=\"\" src=\"https:\/\/wp.ufpel.edu.br\/nulab\/files\/2016\/12\/P1010813-212x159.jpg\" alt=\"p1010813\" width=\"229\" height=\"172\" \/>\u00a0 \u00a0 \u00a0<img class=\"wp-image-977 alignnone\" src=\"https:\/\/wp.ufpel.edu.br\/gbiotec\/files\/2018\/08\/Photo-19-08-18-20-03-43-2-400x300.jpg\" alt=\"\" width=\"229\" height=\"172\" srcset=\"https:\/\/wp.ufpel.edu.br\/gbiotec\/files\/2018\/08\/Photo-19-08-18-20-03-43-2-400x300.jpg 400w, https:\/\/wp.ufpel.edu.br\/gbiotec\/files\/2018\/08\/Photo-19-08-18-20-03-43-2-768x576.jpg 768w, https:\/\/wp.ufpel.edu.br\/gbiotec\/files\/2018\/08\/Photo-19-08-18-20-03-43-2.jpg 1024w\" sizes=\"(max-width: 229px) 100vw, 229px\" \/><\/p>\n<p><span style=\"color: #000000;\"><strong>Unidade:<\/strong> Centro de Desenvolvimento Tecnol\u00f3gico (CDTec)<\/span><br \/>\n<span style=\"color: #000000;\"> <strong>Curso:<\/strong>\u00a0Biotecnologia<\/span><br \/>\n<span style=\"color: #000000;\"> <strong>Website:<\/strong>\u00a0\u2013<\/span><br \/>\n<span style=\"color: #000000;\"> <strong>C\u00f3digo NULAB:<\/strong>\u00a090160<\/span><\/p>\n<p style=\"text-align: justify;\"><span style=\"color: #000000;\"><strong>Descri\u00e7\u00e3o: <\/strong>O Laborat\u00f3rio de Vacinologia trabalha com atividades na \u00e1rea de desenvolvimento de vacinas recombinantes, a partir da predi\u00e7\u00e3o <i>in silico<\/i>\u00a0de potenciais ant\u00edgenos vacinais, seguido de express\u00e3o e purifica\u00e7\u00e3o destes ant\u00edgenos, e avalia\u00e7\u00e3o de seu potencial imunoprotetor em modelo animal. Ainda, as atividades do laborat\u00f3rio tamb\u00e9m s\u00e3o voltadas para o desenvolvimento de testes de diagn\u00f3stico molecular, para a caracteriza\u00e7\u00e3o molecular de novos isolados bacterianos e para o emprego de\u00a0<i>Mycobacterium bovis<\/i>\u00a0Bacilo Calmette-Gu\u00e9rin (BCG) como vetor vacinal.<strong><br \/>\n<\/strong><\/span><\/p>\n<p><span style=\"color: #000000;\"><strong>Localiza\u00e7\u00e3o<\/strong><\/span><br \/>\n<span style=\"color: #000000;\"> <strong>Campus:<\/strong>\u00a0Cap\u00e3o do Le\u00e3o<\/span><br \/>\n<span style=\"color: #000000;\"> <strong>Pr\u00e9dio:<\/strong> 19<\/span><\/p>\n<p><span style=\"color: #000000;\"><strong>Contato<\/strong><\/span><br \/>\n<span style=\"color: #000000;\"> <strong>Nome:<\/strong> Prof. Dr. Odir Antonio Dellagostin e Profa. Dra. Tha\u00eds Larr\u00e9 Oliveira Bohn<\/span><br \/>\n<span style=\"color: #000000;\"> <strong>E-mail<\/strong>: odirad@gmail.com e thais.larreoliveira@gmail.com\u00a0<\/span><\/p>\n<p><span style=\"color: #000000;\"><strong>Equipamentos<br \/>\n<\/strong>Termociclador em Tempo Real<\/span><br \/>\n<span style=\"color: #000000;\"> Centr\u00edfuga Refrigerada<\/span><br \/>\n<span style=\"color: #000000;\"> Microcentr\u00edfugas<\/span><br \/>\n<span style=\"color: #000000;\"> Eletroporador<\/span><br \/>\n<span style=\"color: #000000;\"> Balan\u00e7as de Precis\u00e3o<\/span><br \/>\n<span style=\"color: #000000;\"> Sistema de Eletroforese<\/span><br \/>\n<span style=\"color: #000000;\"> Sistema de Fotodocumenta\u00e7\u00e3o<\/span><br \/>\n<span style=\"color: #000000;\"> Shaker Incubador<\/span><br \/>\n<span style=\"color: #000000;\"> Estuda BOD<\/span><br \/>\n<span style=\"color: #000000;\"> Cabine de Seguran\u00e7a Biol\u00f3gica<\/span><\/p>\n","protected":false},"excerpt":{"rendered":"<p>\u00a0 \u00a0 \u00a0 Unidade: Centro de Desenvolvimento Tecnol\u00f3gico (CDTec) Curso:\u00a0Biotecnologia Website:\u00a0\u2013 C\u00f3digo NULAB:\u00a090160 Descri\u00e7\u00e3o: O Laborat\u00f3rio de Vacinologia trabalha com atividades na \u00e1rea de desenvolvimento de vacinas recombinantes, a partir da predi\u00e7\u00e3o in silico\u00a0de potenciais ant\u00edgenos vacinais, seguido de express\u00e3o e purifica\u00e7\u00e3o destes ant\u00edgenos, e avalia\u00e7\u00e3o de seu potencial imunoprotetor em modelo animal. Ainda, as [&hellip;]<\/p>\n","protected":false},"author":667,"featured_media":0,"parent":53,"menu_order":6,"comment_status":"closed","ping_status":"closed","template":"","meta":{"footnotes":""},"class_list":["post-142","page","type-page","status-publish","hentry"],"jetpack_sharing_enabled":true,"_links":{"self":[{"href":"https:\/\/wp.ufpel.edu.br\/gbiotec\/wp-json\/wp\/v2\/pages\/142","targetHints":{"allow":["GET"]}}],"collection":[{"href":"https:\/\/wp.ufpel.edu.br\/gbiotec\/wp-json\/wp\/v2\/pages"}],"about":[{"href":"https:\/\/wp.ufpel.edu.br\/gbiotec\/wp-json\/wp\/v2\/types\/page"}],"author":[{"embeddable":true,"href":"https:\/\/wp.ufpel.edu.br\/gbiotec\/wp-json\/wp\/v2\/users\/667"}],"replies":[{"embeddable":true,"href":"https:\/\/wp.ufpel.edu.br\/gbiotec\/wp-json\/wp\/v2\/comments?post=142"}],"version-history":[{"count":4,"href":"https:\/\/wp.ufpel.edu.br\/gbiotec\/wp-json\/wp\/v2\/pages\/142\/revisions"}],"predecessor-version":[{"id":4629,"href":"https:\/\/wp.ufpel.edu.br\/gbiotec\/wp-json\/wp\/v2\/pages\/142\/revisions\/4629"}],"up":[{"embeddable":true,"href":"https:\/\/wp.ufpel.edu.br\/gbiotec\/wp-json\/wp\/v2\/pages\/53"}],"wp:attachment":[{"href":"https:\/\/wp.ufpel.edu.br\/gbiotec\/wp-json\/wp\/v2\/media?parent=142"}],"curies":[{"name":"wp","href":"https:\/\/api.w.org\/{rel}","templated":true}]}}