{"id":139,"date":"2018-07-13T14:11:48","date_gmt":"2018-07-13T17:11:48","guid":{"rendered":"https:\/\/wp.ufpel.edu.br\/gbiotec\/?page_id=139"},"modified":"2025-10-22T16:01:11","modified_gmt":"2025-10-22T19:01:11","slug":"imunologia-aplicada","status":"publish","type":"page","link":"https:\/\/wp.ufpel.edu.br\/gbiotec\/infraestrutura\/pesquisa\/imunologia-aplicada\/","title":{"rendered":"Laborat\u00f3rio de Imunologia Aplicada"},"content":{"rendered":"<p><img src=\"https:\/\/wp.ufpel.edu.br\/nulab\/files\/2016\/12\/P1010801-212x159.jpg\" alt=\"p1010801\" \/>\u00a0 \u00a0 \u00a0<img class=\"alignnone\" src=\"https:\/\/wp.ufpel.edu.br\/nulab\/files\/2016\/12\/P1010811-212x159.jpg\" alt=\"p1010811\" \/><\/p>\n<p><span style=\"color: #000000;\"><strong>Unidade:<\/strong> Centro de Desenvolvimento Tecnol\u00f3gico (CDTec)<\/span><br \/>\n<span style=\"color: #000000;\"><strong>Curso:<\/strong>\u00a0Biotecnologia<\/span><br \/>\n<span style=\"color: #000000;\"><strong>Website:<\/strong>\u00a0\u2013<\/span><br \/>\n<span style=\"color: #000000;\"><strong>C\u00f3digo NULAB:<\/strong>\u00a090393<\/span><\/p>\n<p style=\"text-align: justify;\"><span style=\"color: #000000;\"><strong>Descri\u00e7\u00e3o: <\/strong>O Laborat\u00f3rio de Imunologia Aplicada trabalha com biologia molecular de microrganismos, sa\u00fade humana e animal, express\u00e3o de prote\u00ednas recombinantes para produ\u00e7\u00e3o de vacinas e testes diagn\u00f3sticos, produ\u00e7\u00e3o e avalia\u00e7\u00e3o de probi\u00f3ticos e produ\u00e7\u00e3o de anticorpos monoclonais.<strong><br \/>\n<\/strong><\/span><\/p>\n<p><span style=\"color: #000000;\"><strong>Localiza\u00e7\u00e3o<\/strong><\/span><br \/>\n<span style=\"color: #000000;\"><strong>Campus:<\/strong>\u00a0Cap\u00e3o do Le\u00e3o<\/span><br \/>\n<span style=\"color: #000000;\"><strong>Pr\u00e9dio:<\/strong> 19<\/span><\/p>\n<p><span style=\"color: #000000;\"><strong>Contato<\/strong><\/span><br \/>\n<span style=\"color: #000000;\"><strong>Nome:<\/strong> Prof. Dr. Fabricio Rochedo Concei\u00e7\u00e3o<\/span><br \/>\n<span style=\"color: #000000;\"><strong>E-mail<\/strong>:\u00a0fabricio.rochedo@ufpel.edu.br<\/span><\/p>\n<p><span style=\"color: #000000;\"><strong>Equipamentos<br \/>\n<\/strong>Termociclador<\/span><br \/>\n<span style=\"color: #000000;\">Eletroforese de Campo Pulsado<\/span><br \/>\n<span style=\"color: #000000;\">Leitor de Microplacas<\/span><br \/>\n<span style=\"color: #000000;\">Agitador Orbital<\/span><br \/>\n<span style=\"color: #000000;\">Estufa CO<sub>2<\/sub><\/span><\/p>\n","protected":false},"excerpt":{"rendered":"<p>\u00a0 \u00a0 \u00a0 Unidade: Centro de Desenvolvimento Tecnol\u00f3gico (CDTec) Curso:\u00a0Biotecnologia Website:\u00a0\u2013 C\u00f3digo NULAB:\u00a090393 Descri\u00e7\u00e3o: O Laborat\u00f3rio de Imunologia Aplicada trabalha com biologia molecular de microrganismos, sa\u00fade humana e animal, express\u00e3o de prote\u00ednas recombinantes para produ\u00e7\u00e3o de vacinas e testes diagn\u00f3sticos, produ\u00e7\u00e3o e avalia\u00e7\u00e3o de probi\u00f3ticos e produ\u00e7\u00e3o de anticorpos monoclonais. Localiza\u00e7\u00e3o Campus:\u00a0Cap\u00e3o do Le\u00e3o Pr\u00e9dio: [&hellip;]<\/p>\n","protected":false},"author":667,"featured_media":0,"parent":53,"menu_order":5,"comment_status":"closed","ping_status":"closed","template":"","meta":{"footnotes":""},"class_list":["post-139","page","type-page","status-publish","hentry"],"jetpack_sharing_enabled":true,"_links":{"self":[{"href":"https:\/\/wp.ufpel.edu.br\/gbiotec\/wp-json\/wp\/v2\/pages\/139","targetHints":{"allow":["GET"]}}],"collection":[{"href":"https:\/\/wp.ufpel.edu.br\/gbiotec\/wp-json\/wp\/v2\/pages"}],"about":[{"href":"https:\/\/wp.ufpel.edu.br\/gbiotec\/wp-json\/wp\/v2\/types\/page"}],"author":[{"embeddable":true,"href":"https:\/\/wp.ufpel.edu.br\/gbiotec\/wp-json\/wp\/v2\/users\/667"}],"replies":[{"embeddable":true,"href":"https:\/\/wp.ufpel.edu.br\/gbiotec\/wp-json\/wp\/v2\/comments?post=139"}],"version-history":[{"count":4,"href":"https:\/\/wp.ufpel.edu.br\/gbiotec\/wp-json\/wp\/v2\/pages\/139\/revisions"}],"predecessor-version":[{"id":4628,"href":"https:\/\/wp.ufpel.edu.br\/gbiotec\/wp-json\/wp\/v2\/pages\/139\/revisions\/4628"}],"up":[{"embeddable":true,"href":"https:\/\/wp.ufpel.edu.br\/gbiotec\/wp-json\/wp\/v2\/pages\/53"}],"wp:attachment":[{"href":"https:\/\/wp.ufpel.edu.br\/gbiotec\/wp-json\/wp\/v2\/media?parent=139"}],"curies":[{"name":"wp","href":"https:\/\/api.w.org\/{rel}","templated":true}]}}