{"id":136,"date":"2018-07-13T14:11:24","date_gmt":"2018-07-13T17:11:24","guid":{"rendered":"https:\/\/wp.ufpel.edu.br\/gbiotec\/?page_id=136"},"modified":"2025-10-22T16:00:42","modified_gmt":"2025-10-22T19:00:42","slug":"microbiologia","status":"publish","type":"page","link":"https:\/\/wp.ufpel.edu.br\/gbiotec\/infraestrutura\/pesquisa\/microbiologia\/","title":{"rendered":"Laborat\u00f3rio de Microbiologia"},"content":{"rendered":"<p><img class=\"\" src=\"https:\/\/wp.ufpel.edu.br\/nulab\/files\/2016\/12\/P1010926-212x159.jpg\" alt=\"p1010926\" width=\"213\" height=\"160\" \/>\u00a0 \u00a0 \u00a0<img class=\"\" src=\"https:\/\/wp.ufpel.edu.br\/nulab\/files\/2016\/12\/P1010932-212x159.jpg\" alt=\"p1010932\" width=\"213\" height=\"160\" \/><\/p>\n<p><span style=\"color: #000000;\"><strong>Unidade:<\/strong> Centro de Desenvolvimento Tecnol\u00f3gico (CDTec)<\/span><br \/>\n<span style=\"color: #000000;\"> <strong>Curso:<\/strong>\u00a0Biotecnologia<\/span><br \/>\n<span style=\"color: #000000;\"> <strong>Website:\u00a0<\/strong><a style=\"color: #000000;\" href=\"https:\/\/wp.ufpel.edu.br\/microbiologia\/\">https:\/\/wp.ufpel.edu.br\/microbiologia\/<\/a><\/span><br \/>\n<span style=\"color: #000000;\"> <strong>C\u00f3digo NULAB:<\/strong>\u00a090413<\/span><\/p>\n<p style=\"text-align: justify;\"><span style=\"color: #000000;\"><strong>Descri\u00e7\u00e3o: <\/strong>O Laborat\u00f3rio de Microbiologia tem como principais atividades o desenvolvimento de vacinas veterin\u00e1rias, kits de diagn\u00f3stico, probi\u00f3ticos, controle biol\u00f3gico e processos fermentativos, possuindo linhas de pesquisas nestas \u00e1reas.<strong><br \/>\n<\/strong><\/span><\/p>\n<p><span style=\"color: #000000;\"><strong>Localiza\u00e7\u00e3o<\/strong><\/span><br \/>\n<span style=\"color: #000000;\"> <strong>Campus:<\/strong>\u00a0Cap\u00e3o do Le\u00e3o<\/span><br \/>\n<span style=\"color: #000000;\"> <strong>Pr\u00e9dio:<\/strong> 19<\/span><\/p>\n<p><span style=\"color: #000000;\"><strong>Contato<\/strong><\/span><br \/>\n<span style=\"color: #000000;\"> <strong>Nome:<\/strong>\u00a0Prof. Dr. F\u00e1bio Pereira Leivas Leite<\/span><br \/>\n<span style=\"color: #000000;\"> <strong>E-mail<\/strong>: fleivasleite@gmail.com<\/span><\/p>\n<p><span style=\"color: #000000;\"><strong>Equipamentos<br \/>\n<\/strong>Centr\u00edfuga<\/span><br \/>\n<span style=\"color: #000000;\"> Banco de Fluxo<\/span><br \/>\n<span style=\"color: #000000;\"> Shaker<\/span><br \/>\n<span style=\"color: #000000;\"> Cuba de Eletroforese<\/span><br \/>\n<span style=\"color: #000000;\"> Fermentadores<\/span><br \/>\n<span style=\"color: #000000;\"> Estufas<\/span><\/p>\n","protected":false},"excerpt":{"rendered":"<p>\u00a0 \u00a0 \u00a0 Unidade: Centro de Desenvolvimento Tecnol\u00f3gico (CDTec) Curso:\u00a0Biotecnologia Website:\u00a0https:\/\/wp.ufpel.edu.br\/microbiologia\/ C\u00f3digo NULAB:\u00a090413 Descri\u00e7\u00e3o: O Laborat\u00f3rio de Microbiologia tem como principais atividades o desenvolvimento de vacinas veterin\u00e1rias, kits de diagn\u00f3stico, probi\u00f3ticos, controle biol\u00f3gico e processos fermentativos, possuindo linhas de pesquisas nestas \u00e1reas. Localiza\u00e7\u00e3o Campus:\u00a0Cap\u00e3o do Le\u00e3o Pr\u00e9dio: 19 Contato Nome:\u00a0Prof. Dr. F\u00e1bio Pereira Leivas Leite [&hellip;]<\/p>\n","protected":false},"author":667,"featured_media":0,"parent":53,"menu_order":4,"comment_status":"closed","ping_status":"closed","template":"","meta":{"footnotes":""},"class_list":["post-136","page","type-page","status-publish","hentry"],"jetpack_sharing_enabled":true,"_links":{"self":[{"href":"https:\/\/wp.ufpel.edu.br\/gbiotec\/wp-json\/wp\/v2\/pages\/136","targetHints":{"allow":["GET"]}}],"collection":[{"href":"https:\/\/wp.ufpel.edu.br\/gbiotec\/wp-json\/wp\/v2\/pages"}],"about":[{"href":"https:\/\/wp.ufpel.edu.br\/gbiotec\/wp-json\/wp\/v2\/types\/page"}],"author":[{"embeddable":true,"href":"https:\/\/wp.ufpel.edu.br\/gbiotec\/wp-json\/wp\/v2\/users\/667"}],"replies":[{"embeddable":true,"href":"https:\/\/wp.ufpel.edu.br\/gbiotec\/wp-json\/wp\/v2\/comments?post=136"}],"version-history":[{"count":4,"href":"https:\/\/wp.ufpel.edu.br\/gbiotec\/wp-json\/wp\/v2\/pages\/136\/revisions"}],"predecessor-version":[{"id":4627,"href":"https:\/\/wp.ufpel.edu.br\/gbiotec\/wp-json\/wp\/v2\/pages\/136\/revisions\/4627"}],"up":[{"embeddable":true,"href":"https:\/\/wp.ufpel.edu.br\/gbiotec\/wp-json\/wp\/v2\/pages\/53"}],"wp:attachment":[{"href":"https:\/\/wp.ufpel.edu.br\/gbiotec\/wp-json\/wp\/v2\/media?parent=136"}],"curies":[{"name":"wp","href":"https:\/\/api.w.org\/{rel}","templated":true}]}}