{"id":127,"date":"2018-07-13T14:01:39","date_gmt":"2018-07-13T17:01:39","guid":{"rendered":"https:\/\/wp.ufpel.edu.br\/gbiotec\/?page_id=127"},"modified":"2025-10-22T15:59:28","modified_gmt":"2025-10-22T18:59:28","slug":"tecnologia-de-bioprocessos","status":"publish","type":"page","link":"https:\/\/wp.ufpel.edu.br\/gbiotec\/infraestrutura\/pesquisa\/tecnologia-de-bioprocessos\/","title":{"rendered":"Laborat\u00f3rio de Tecnologia de Bioprocessos"},"content":{"rendered":"<p><a class=\"shutterset_3742\" href=\"https:\/\/wp.ufpel.edu.br\/nulab\/files\/2016\/12\/P1010796.jpg\"><img class=\"alignnone wp-image-3744\" src=\"https:\/\/wp.ufpel.edu.br\/nulab\/files\/2016\/12\/P1010796-212x159.jpg\" alt=\"p1010796\" width=\"237\" height=\"178\" \/><\/a>\u00a0 \u00a0 <span style=\"color: #000000;\"><strong><a class=\"shutterset_3742\" href=\"https:\/\/wp.ufpel.edu.br\/nulab\/files\/2016\/12\/P1010796.jpg\"><img class=\"alignnone wp-image-3745\" src=\"https:\/\/wp.ufpel.edu.br\/nulab\/files\/2016\/12\/P1010798-212x159.jpg\" alt=\"p1010798\" width=\"236\" height=\"177\" \/><\/a><\/strong><\/span><\/p>\n<p><span style=\"color: #000000;\"><strong>Unidade:<\/strong> Centro de Desenvolvimento Tecnol\u00f3gico (CDTec)<\/span><br \/>\n<span style=\"color: #000000;\"> <strong>Curso:<\/strong>\u00a0Biotecnologia<\/span><br \/>\n<span style=\"color: #000000;\"> <strong>Website:<\/strong>\u00a0\u2013<\/span><br \/>\n<span style=\"color: #000000;\"> <strong>C\u00f3digo NULAB:<\/strong> \u2013<\/span><\/p>\n<p style=\"text-align: justify;\"><span style=\"color: #000000;\"><strong>Descri\u00e7\u00e3o: <\/strong>O Laborat\u00f3rio de Tecnologia de Bioprocessos trabalha com\u00a0 foco na produ\u00e7\u00e3o de biopol\u00edmeros e atua no isolamento e caracteriza\u00e7\u00e3o de microrganismos produtores de biopol\u00edmeros.<strong><br \/>\n<\/strong><\/span><\/p>\n<p><span style=\"color: #000000;\"><strong>Localiza\u00e7\u00e3o<\/strong><\/span><br \/>\n<span style=\"color: #000000;\"> <strong>Campus:<\/strong>\u00a0Cap\u00e3o do Le\u00e3o<\/span><br \/>\n<span style=\"color: #000000;\"> <strong>Pr\u00e9dio:<\/strong> 19<\/span><\/p>\n<p><span style=\"color: #000000;\"><strong>Contato<\/strong><\/span><br \/>\n<span style=\"color: #000000;\"> <strong>Nome:<\/strong> Profa. Dra. Patr\u00edcia Silva Diaz<\/span><br \/>\n<span style=\"color: #000000;\"> <strong>E-mail<\/strong>: bilicadiaz@yahoo.com.br\u00a0<\/span><\/p>\n<p><span style=\"color: #000000;\"><strong>Equipamentos<br \/>\n<\/strong>Fermentador \u2013 Bioreator de Bancada<\/span><br \/>\n<span style=\"color: #000000;\"> Re\u00f4metro<\/span><br \/>\n<span style=\"color: #000000;\"> Micr\u00f4metro<\/span><br \/>\n<span style=\"color: #000000;\"> Agitador Orbital<\/span><br \/>\n<span style=\"color: #000000;\"> Microsc\u00f3pio \u00d3ptico<\/span><br \/>\n<span style=\"color: #000000;\"> Capela de Fluxo Laminar<\/span><br \/>\n<span style=\"color: #000000;\"> Estufa de Circula\u00e7\u00e3o de Ar For\u00e7ada<\/span><br \/>\n<span style=\"color: #000000;\"> Secador por Atomiza\u00e7\u00e3o<\/span><\/p>\n","protected":false},"excerpt":{"rendered":"<p>\u00a0 \u00a0 Unidade: Centro de Desenvolvimento Tecnol\u00f3gico (CDTec) Curso:\u00a0Biotecnologia Website:\u00a0\u2013 C\u00f3digo NULAB: \u2013 Descri\u00e7\u00e3o: O Laborat\u00f3rio de Tecnologia de Bioprocessos trabalha com\u00a0 foco na produ\u00e7\u00e3o de biopol\u00edmeros e atua no isolamento e caracteriza\u00e7\u00e3o de microrganismos produtores de biopol\u00edmeros. Localiza\u00e7\u00e3o Campus:\u00a0Cap\u00e3o do Le\u00e3o Pr\u00e9dio: 19 Contato Nome: Profa. Dra. Patr\u00edcia Silva Diaz E-mail: bilicadiaz@yahoo.com.br\u00a0 Equipamentos Fermentador [&hellip;]<\/p>\n","protected":false},"author":667,"featured_media":0,"parent":53,"menu_order":1,"comment_status":"closed","ping_status":"closed","template":"","meta":{"footnotes":""},"class_list":["post-127","page","type-page","status-publish","hentry"],"jetpack_sharing_enabled":true,"_links":{"self":[{"href":"https:\/\/wp.ufpel.edu.br\/gbiotec\/wp-json\/wp\/v2\/pages\/127","targetHints":{"allow":["GET"]}}],"collection":[{"href":"https:\/\/wp.ufpel.edu.br\/gbiotec\/wp-json\/wp\/v2\/pages"}],"about":[{"href":"https:\/\/wp.ufpel.edu.br\/gbiotec\/wp-json\/wp\/v2\/types\/page"}],"author":[{"embeddable":true,"href":"https:\/\/wp.ufpel.edu.br\/gbiotec\/wp-json\/wp\/v2\/users\/667"}],"replies":[{"embeddable":true,"href":"https:\/\/wp.ufpel.edu.br\/gbiotec\/wp-json\/wp\/v2\/comments?post=127"}],"version-history":[{"count":4,"href":"https:\/\/wp.ufpel.edu.br\/gbiotec\/wp-json\/wp\/v2\/pages\/127\/revisions"}],"predecessor-version":[{"id":4625,"href":"https:\/\/wp.ufpel.edu.br\/gbiotec\/wp-json\/wp\/v2\/pages\/127\/revisions\/4625"}],"up":[{"embeddable":true,"href":"https:\/\/wp.ufpel.edu.br\/gbiotec\/wp-json\/wp\/v2\/pages\/53"}],"wp:attachment":[{"href":"https:\/\/wp.ufpel.edu.br\/gbiotec\/wp-json\/wp\/v2\/media?parent=127"}],"curies":[{"name":"wp","href":"https:\/\/api.w.org\/{rel}","templated":true}]}}