{"id":961,"date":"2018-09-17T17:29:44","date_gmt":"2018-09-17T20:29:44","guid":{"rendered":"https:\/\/wp.ufpel.edu.br\/gbem\/?page_id=961"},"modified":"2019-06-11T16:29:11","modified_gmt":"2019-06-11T19:29:11","slug":"divulgagbem","status":"publish","type":"page","link":"https:\/\/wp.ufpel.edu.br\/gbem\/divulgagbem\/","title":{"rendered":"V\u00eddeos"},"content":{"rendered":"<p>S\u00e9rie #DivulgaGBEM de v\u00eddeos de divulga\u00e7\u00e3o cient\u00edfica sobre as pesquisas do GBEM.<\/p>\n<p>&nbsp;<\/p>\n<p><strong>V\u00eddeo 6<\/strong> &#8211; Press\u00e3o alta em pesquisas: medir pelo relato das pessoas \u00e9 eficiente?, <em>com Ta\u00eds Galv\u00e3o (Unicamp)<\/em><\/p>\n<p><iframe loading=\"lazy\" title=\"#DivulgaGBEM - Press\u00e3o Alta em Pesquisas: medir pelo relato das pessoas \u00e9 eficiente?\" width=\"700\" height=\"525\" src=\"https:\/\/www.youtube.com\/embed\/Mg9c5uC3_18?feature=oembed\" frameborder=\"0\" allow=\"accelerometer; autoplay; clipboard-write; encrypted-media; gyroscope; picture-in-picture; web-share\" referrerpolicy=\"strict-origin-when-cross-origin\" allowfullscreen><\/iframe><\/p>\n<p>&nbsp;<\/p>\n<p><strong>V\u00eddeo 5<\/strong> &#8211; Rela\u00e7\u00e3o entre marcadores fisiol\u00f3gicos e multimorbidade, <em>com Gustavo Dias Ferreira<\/em><\/p>\n<p><iframe loading=\"lazy\" title=\"#DivulgaGBEM - Marcadores Fisiol\u00f3gicos e Multimorbidade\" width=\"700\" height=\"525\" src=\"https:\/\/www.youtube.com\/embed\/R0EG2GER9Dk?feature=oembed\" frameborder=\"0\" allow=\"accelerometer; autoplay; clipboard-write; encrypted-media; gyroscope; picture-in-picture; web-share\" referrerpolicy=\"strict-origin-when-cross-origin\" allowfullscreen><\/iframe><\/p>\n<p>&nbsp;<\/p>\n<p><strong>V\u00eddeo 4 &#8211;<\/strong> Conceitos de Intelig\u00eancia Artificial e Machine Learning, <em>por Alexandre Chiavegatto (USP)<\/em><\/p>\n<p><iframe loading=\"lazy\" title=\"#DivulgaGBEM - Intelig\u00eancia Artificial e Machine Learning\" width=\"700\" height=\"394\" src=\"https:\/\/www.youtube.com\/embed\/iKdfYOFerZQ?feature=oembed\" frameborder=\"0\" allow=\"accelerometer; autoplay; clipboard-write; encrypted-media; gyroscope; picture-in-picture; web-share\" referrerpolicy=\"strict-origin-when-cross-origin\" allowfullscreen><\/iframe><\/p>\n<p>&nbsp;<\/p>\n<p><strong>V\u00eddeo 3 &#8211;<\/strong> Resumo dos artigos j\u00e1 publicados do GBEM, <em>por Bruno Pereira Nunes<\/em><\/p>\n<p><iframe loading=\"lazy\" title=\"#DivulgaGBEM - Resumo dos Artigos Cient\u00edficos J\u00e1 Publicados\" width=\"700\" height=\"394\" src=\"https:\/\/www.youtube.com\/embed\/UJjMQV8U0gk?feature=oembed\" frameborder=\"0\" allow=\"accelerometer; autoplay; clipboard-write; encrypted-media; gyroscope; picture-in-picture; web-share\" referrerpolicy=\"strict-origin-when-cross-origin\" allowfullscreen><\/iframe><\/p>\n<p>&nbsp;<\/p>\n<p><strong>V\u00eddeo 2<\/strong> &#8211; Apresenta\u00e7\u00e3o do Grupo Brasileiro de Estudos sobre Multimorbidade, <em>por Bruno Pereira Nunes<\/em><\/p>\n<p><iframe loading=\"lazy\" title=\"#DivulgaGBEM - Apresenta\u00e7\u00e3o do Grupo Brasileiro de Estudos Sobre Multimorbidade\" width=\"700\" height=\"394\" src=\"https:\/\/www.youtube.com\/embed\/MzkuL1Tgkd0?feature=oembed\" frameborder=\"0\" allow=\"accelerometer; autoplay; clipboard-write; encrypted-media; gyroscope; picture-in-picture; web-share\" referrerpolicy=\"strict-origin-when-cross-origin\" allowfullscreen><\/iframe><\/p>\n<p>&nbsp;<\/p>\n<p><strong>V\u00eddeo 1<\/strong> &#8211; Lan\u00e7amento de s\u00e9ries de v\u00eddeos cient\u00edficos,<em> por Nat\u00e1lia Flores<\/em><\/p>\n<p><iframe loading=\"lazy\" title=\"#DivulgaGBEM - Lan\u00e7amento de S\u00e9rie de V\u00eddeos Cient\u00edficos\" width=\"700\" height=\"394\" src=\"https:\/\/www.youtube.com\/embed\/fz5AqS0GnQ4?start=1&#038;feature=oembed\" frameborder=\"0\" allow=\"accelerometer; autoplay; clipboard-write; encrypted-media; gyroscope; picture-in-picture; web-share\" referrerpolicy=\"strict-origin-when-cross-origin\" allowfullscreen><\/iframe><\/p>\n<p>Se inscreva no nosso <a href=\"https:\/\/www.youtube.com\/channel\/UCyOjd7B-LC3IAksDxWOQxZw\/featured\">canal no YouTube<\/a> para acompanhar nossos v\u00eddeos!<\/p>\n<p>&nbsp;<\/p>\n<p>&nbsp;<\/p>\n<p>&nbsp;<\/p>\n<p>&nbsp;<\/p>\n<p>&nbsp;<\/p>\n<p>&nbsp;<\/p>\n<p>&nbsp;<\/p>\n","protected":false},"excerpt":{"rendered":"<p>S\u00e9rie #DivulgaGBEM de v\u00eddeos de divulga\u00e7\u00e3o cient\u00edfica sobre as pesquisas do GBEM. &nbsp; V\u00eddeo 6 &#8211; Press\u00e3o alta em pesquisas: medir pelo relato das pessoas \u00e9 eficiente?, com Ta\u00eds Galv\u00e3o (Unicamp) &nbsp; V\u00eddeo 5 &#8211; Rela\u00e7\u00e3o entre marcadores fisiol\u00f3gicos e multimorbidade, com Gustavo Dias Ferreira &nbsp; V\u00eddeo 4 &#8211; Conceitos de Intelig\u00eancia Artificial e Machine&hellip;<\/p>\n","protected":false},"author":682,"featured_media":0,"parent":0,"menu_order":0,"comment_status":"closed","ping_status":"closed","template":"","meta":{"jetpack_post_was_ever_published":false,"footnotes":""},"class_list":["post-961","page","type-page","status-publish","hentry"],"jetpack_sharing_enabled":true,"jetpack_shortlink":"https:\/\/wp.me\/P8Mo6O-fv","_links":{"self":[{"href":"https:\/\/wp.ufpel.edu.br\/gbem\/wp-json\/wp\/v2\/pages\/961","targetHints":{"allow":["GET"]}}],"collection":[{"href":"https:\/\/wp.ufpel.edu.br\/gbem\/wp-json\/wp\/v2\/pages"}],"about":[{"href":"https:\/\/wp.ufpel.edu.br\/gbem\/wp-json\/wp\/v2\/types\/page"}],"author":[{"embeddable":true,"href":"https:\/\/wp.ufpel.edu.br\/gbem\/wp-json\/wp\/v2\/users\/682"}],"replies":[{"embeddable":true,"href":"https:\/\/wp.ufpel.edu.br\/gbem\/wp-json\/wp\/v2\/comments?post=961"}],"version-history":[{"count":11,"href":"https:\/\/wp.ufpel.edu.br\/gbem\/wp-json\/wp\/v2\/pages\/961\/revisions"}],"predecessor-version":[{"id":1067,"href":"https:\/\/wp.ufpel.edu.br\/gbem\/wp-json\/wp\/v2\/pages\/961\/revisions\/1067"}],"wp:attachment":[{"href":"https:\/\/wp.ufpel.edu.br\/gbem\/wp-json\/wp\/v2\/media?parent=961"}],"curies":[{"name":"wp","href":"https:\/\/api.w.org\/{rel}","templated":true}]}}