{"id":93,"date":"2017-07-05T12:10:49","date_gmt":"2017-07-05T15:10:49","guid":{"rendered":"https:\/\/wp.ufpel.edu.br\/gbem\/?page_id=93"},"modified":"2020-09-06T22:46:54","modified_gmt":"2020-09-07T01:46:54","slug":"o-que-e-o-gbem","status":"publish","type":"page","link":"https:\/\/wp.ufpel.edu.br\/gbem\/o-que-e-o-gbem\/","title":{"rendered":"O que \u00e9 o GBEM?"},"content":{"rendered":"<p style=\"text-align: justify\">O Grupo Brasileiro de Estudos sobre Multimorbidade (GBEM) <strong>estuda, pesquisa<\/strong> e <strong>difunde<\/strong> conhecimentos sobre a multimorbidade no Brasil. Atualmente, contamos com a colabora\u00e7\u00e3o de <strong>55 pesquisadores<\/strong> <strong>brasileiros<\/strong> e <strong>10 pesquisadores internacionais<\/strong>. Por meio desta rede, otimizamos esfor\u00e7os para entender as <strong>causas<\/strong>, <strong>consequ\u00eancias<\/strong> e <strong>desafios<\/strong> no manejo adequado da multimorbidade na popula\u00e7\u00e3o brasileira. O grupo est\u00e1 cadastrado no diret\u00f3rio de pesquisas do\u00a0<a href=\"http:\/\/dgp.cnpq.br\/dgp\/espelhogrupo\/1494764101214972\">CNPq.<\/a>\u00a0Al\u00e9m disso, o grupo e suas atividades podem ser seguidas no <a href=\"https:\/\/www.researchgate.net\/project\/GBEM-Grupo-Brasileiro-de-Estudos-sobre-Multimorbidade-Brazilian-Group-of-Studies-on-Multimorbidity\">ResearchGate<\/a>, <a href=\"https:\/\/www.facebook.com\/gbemulti\/\">Facebook<\/a> e <a href=\"https:\/\/twitter.com\/gbemulti\">Twitter<\/a>.<\/p>\n<p>&nbsp;<\/p>\n<header class=\"entry-header\">\n<h4 class=\"entry-title\">Objetivos e A\u00e7\u00f5es<\/h4>\n<\/header>\n<div class=\"entry-content\">\n<p>Nosso <em>p\u00fablico alvo<\/em>\u00a0s\u00e3o pesquisadores da \u00e1rea, profissionais da sa\u00fade e pessoas interessadas em saber mais sobre o tema. A partir disso, procuramos desenvolver a\u00e7\u00f5es de pesquisa, estudo e extens\u00e3o nos seguintes eixos:<\/p>\n<p><strong>1) Epidemiologia da multimorbidade no Brasil<\/strong><br \/>\n\u2013 Estudos de ocorr\u00eancia, clusters de doen\u00e7as, causas, consequ\u00eancias e tend\u00eancia temporal do problema.<\/p>\n<p><strong>2) Import\u00e2ncia da multimorbidade na gest\u00e3o dos sistemas de sa\u00fade<\/strong><br \/>\n\u2013 Promo\u00e7\u00e3o de a\u00e7\u00f5es de conscientiza\u00e7\u00e3o e discuss\u00e3o da multimorbidade junto ao poder p\u00fablico municipal (C\u00e2mara de Vereadores e prefeituras).<\/p>\n<p><strong>3) Manejo cl\u00ednico da multimorbidade<\/strong><br \/>\n\u2013 Qualidade da aten\u00e7\u00e3o em sa\u00fade aos indiv\u00edduos com m\u00faltiplos problemas cr\u00f4nicos;<br \/>\n\u2013 Avalia\u00e7\u00e3o, cria\u00e7\u00e3o e adequa\u00e7\u00e3o de protocolos cl\u00ednicos;<br \/>\n\u2013 Valida\u00e7\u00e3o de escalas e instrumentos como suporte para a pr\u00e1tica cl\u00ednica.<\/p>\n<p><strong>4) Forma\u00e7\u00e3o de profissionais de sa\u00fade em rela\u00e7\u00e3o \u00e0 multimorbidade<\/strong><br \/>\n\u2013 Programas de educa\u00e7\u00e3o continuada.<\/p>\n<\/div>\n<p style=\"text-align: justify\">Neste blog, disponibilizamos informa\u00e7\u00f5es, entrevistas e pesquisas nossas sobre o tema.<\/p>\n<p>&nbsp;<\/p>\n<p style=\"text-align: center\">O grupo \u00e9 realiza\u00e7\u00e3o da Universidade Federal de Pelotas<\/p>\n<p><img loading=\"lazy\" decoding=\"async\" class=\"size-full wp-image-1529 aligncenter\" src=\"https:\/\/wp.ufpel.edu.br\/gbem\/files\/2020\/07\/Marca-Colorida-UFPEL_10042014-337x150-1.png\" alt=\"\" width=\"337\" height=\"150\" srcset=\"https:\/\/wp.ufpel.edu.br\/gbem\/files\/2020\/07\/Marca-Colorida-UFPEL_10042014-337x150-1.png 337w, https:\/\/wp.ufpel.edu.br\/gbem\/files\/2020\/07\/Marca-Colorida-UFPEL_10042014-337x150-1-212x94.png 212w\" sizes=\"auto, (max-width: 337px) 100vw, 337px\" \/><\/p>\n","protected":false},"excerpt":{"rendered":"<p>O Grupo Brasileiro de Estudos sobre Multimorbidade (GBEM) estuda, pesquisa e difunde conhecimentos sobre a multimorbidade no Brasil. Atualmente, contamos com a colabora\u00e7\u00e3o de 55 pesquisadores brasileiros e 10 pesquisadores internacionais. Por meio desta rede, otimizamos esfor\u00e7os para entender as causas, consequ\u00eancias e desafios no manejo adequado da multimorbidade na popula\u00e7\u00e3o brasileira. O grupo est\u00e1&hellip;<\/p>\n","protected":false},"author":682,"featured_media":0,"parent":0,"menu_order":1,"comment_status":"closed","ping_status":"closed","template":"","meta":{"jetpack_post_was_ever_published":false,"footnotes":""},"class_list":["post-93","page","type-page","status-publish","hentry"],"jetpack_sharing_enabled":true,"jetpack_shortlink":"https:\/\/wp.me\/P8Mo6O-1v","_links":{"self":[{"href":"https:\/\/wp.ufpel.edu.br\/gbem\/wp-json\/wp\/v2\/pages\/93","targetHints":{"allow":["GET"]}}],"collection":[{"href":"https:\/\/wp.ufpel.edu.br\/gbem\/wp-json\/wp\/v2\/pages"}],"about":[{"href":"https:\/\/wp.ufpel.edu.br\/gbem\/wp-json\/wp\/v2\/types\/page"}],"author":[{"embeddable":true,"href":"https:\/\/wp.ufpel.edu.br\/gbem\/wp-json\/wp\/v2\/users\/682"}],"replies":[{"embeddable":true,"href":"https:\/\/wp.ufpel.edu.br\/gbem\/wp-json\/wp\/v2\/comments?post=93"}],"version-history":[{"count":13,"href":"https:\/\/wp.ufpel.edu.br\/gbem\/wp-json\/wp\/v2\/pages\/93\/revisions"}],"predecessor-version":[{"id":1576,"href":"https:\/\/wp.ufpel.edu.br\/gbem\/wp-json\/wp\/v2\/pages\/93\/revisions\/1576"}],"wp:attachment":[{"href":"https:\/\/wp.ufpel.edu.br\/gbem\/wp-json\/wp\/v2\/media?parent=93"}],"curies":[{"name":"wp","href":"https:\/\/api.w.org\/{rel}","templated":true}]}}