{"id":921,"date":"2018-06-29T20:16:30","date_gmt":"2018-06-29T23:16:30","guid":{"rendered":"https:\/\/wp.ufpel.edu.br\/gbem\/?page_id=921"},"modified":"2020-06-29T14:52:13","modified_gmt":"2020-06-29T17:52:13","slug":"ana-paula-santana-coelho-almeida","status":"publish","type":"page","link":"https:\/\/wp.ufpel.edu.br\/gbem\/integrantes-do-grupo\/pesquisadores\/ana-paula-santana-coelho-almeida\/","title":{"rendered":"Ana Paula Santana Coelho Almeida"},"content":{"rendered":"<p style=\"text-align: justify\"><img loading=\"lazy\" decoding=\"async\" class=\"size-medium wp-image-923 alignleft\" src=\"https:\/\/wp.ufpel.edu.br\/gbem\/files\/2018\/06\/Foto-Ana-Paula2-301x318.jpg\" alt=\"\" width=\"301\" height=\"318\" srcset=\"https:\/\/wp.ufpel.edu.br\/gbem\/files\/2018\/06\/Foto-Ana-Paula2-301x318.jpg 301w, https:\/\/wp.ufpel.edu.br\/gbem\/files\/2018\/06\/Foto-Ana-Paula2-150x159.jpg 150w, https:\/\/wp.ufpel.edu.br\/gbem\/files\/2018\/06\/Foto-Ana-Paula2.jpg 705w\" sizes=\"auto, (max-width: 301px) 100vw, 301px\" \/><strong>Professora do Departamento de Sa\u00fade da Universidade Federal do Esp\u00edrito Santo\u00a0 |<\/strong>\u00a0 <a href=\"http:\/\/lattes.cnpq.br\/2570855705420190\"><strong>Lattes<\/strong><\/a><\/p>\n<p style=\"text-align: justify\">\n<p style=\"text-align: justify\">Enfermeira, Professora do Departamento de Medicina Social e docente do Programa de P\u00f3s-Gradua\u00e7\u00e3o em Sa\u00fade Coletiva da Universidade Federal do Esp\u00edrito Santo. Possui mestrado em Sa\u00fade P\u00fablica pela Escola Nacional de Sa\u00fade P\u00fablica\/ Fiocruz e doutorado em Epidemiologia pela Universidade Federal de Pelotas. No GBEM pretende contribuir em estudos relacionados ao acesso, utiliza\u00e7\u00e3o e qualidade da aten\u00e7\u00e3o a pessoas com m\u00faltiplas morbidades e as implica\u00e7\u00f5es para o sistema de sa\u00fade.<\/p>\n","protected":false},"excerpt":{"rendered":"<p>Professora do Departamento de Sa\u00fade da Universidade Federal do Esp\u00edrito Santo\u00a0 |\u00a0 Lattes Enfermeira, Professora do Departamento de Medicina Social e docente do Programa de P\u00f3s-Gradua\u00e7\u00e3o em Sa\u00fade Coletiva da Universidade Federal do Esp\u00edrito Santo. Possui mestrado em Sa\u00fade P\u00fablica pela Escola Nacional de Sa\u00fade P\u00fablica\/ Fiocruz e doutorado em Epidemiologia pela Universidade Federal de&hellip;<\/p>\n","protected":false},"author":682,"featured_media":0,"parent":538,"menu_order":0,"comment_status":"closed","ping_status":"closed","template":"","meta":{"jetpack_post_was_ever_published":false,"footnotes":""},"class_list":["post-921","page","type-page","status-publish","hentry"],"jetpack_sharing_enabled":true,"jetpack_shortlink":"https:\/\/wp.me\/P8Mo6O-eR","_links":{"self":[{"href":"https:\/\/wp.ufpel.edu.br\/gbem\/wp-json\/wp\/v2\/pages\/921","targetHints":{"allow":["GET"]}}],"collection":[{"href":"https:\/\/wp.ufpel.edu.br\/gbem\/wp-json\/wp\/v2\/pages"}],"about":[{"href":"https:\/\/wp.ufpel.edu.br\/gbem\/wp-json\/wp\/v2\/types\/page"}],"author":[{"embeddable":true,"href":"https:\/\/wp.ufpel.edu.br\/gbem\/wp-json\/wp\/v2\/users\/682"}],"replies":[{"embeddable":true,"href":"https:\/\/wp.ufpel.edu.br\/gbem\/wp-json\/wp\/v2\/comments?post=921"}],"version-history":[{"count":4,"href":"https:\/\/wp.ufpel.edu.br\/gbem\/wp-json\/wp\/v2\/pages\/921\/revisions"}],"predecessor-version":[{"id":1356,"href":"https:\/\/wp.ufpel.edu.br\/gbem\/wp-json\/wp\/v2\/pages\/921\/revisions\/1356"}],"up":[{"embeddable":true,"href":"https:\/\/wp.ufpel.edu.br\/gbem\/wp-json\/wp\/v2\/pages\/538"}],"wp:attachment":[{"href":"https:\/\/wp.ufpel.edu.br\/gbem\/wp-json\/wp\/v2\/media?parent=921"}],"curies":[{"name":"wp","href":"https:\/\/api.w.org\/{rel}","templated":true}]}}