{"id":898,"date":"2018-06-20T14:29:55","date_gmt":"2018-06-20T17:29:55","guid":{"rendered":"https:\/\/wp.ufpel.edu.br\/gbem\/?page_id=898"},"modified":"2020-06-29T19:15:12","modified_gmt":"2020-06-29T22:15:12","slug":"tais-freire-galvao","status":"publish","type":"page","link":"https:\/\/wp.ufpel.edu.br\/gbem\/integrantes-do-grupo\/pesquisadores\/tais-freire-galvao\/","title":{"rendered":"Ta\u00eds Freire Galv\u00e3o"},"content":{"rendered":"<p style=\"text-align: justify\"><strong><img loading=\"lazy\" decoding=\"async\" class=\" wp-image-900 alignleft\" src=\"https:\/\/wp.ufpel.edu.br\/gbem\/files\/2018\/06\/untitled-1-300x318.png\" alt=\"\" width=\"211\" height=\"224\" srcset=\"https:\/\/wp.ufpel.edu.br\/gbem\/files\/2018\/06\/untitled-1-300x318.png 300w, https:\/\/wp.ufpel.edu.br\/gbem\/files\/2018\/06\/untitled-1-150x159.png 150w, https:\/\/wp.ufpel.edu.br\/gbem\/files\/2018\/06\/untitled-1.png 356w\" sizes=\"auto, (max-width: 211px) 100vw, 211px\" \/>Professora da Faculdade de Ci\u00eancias Farmac\u00eauticas da Unicamp | <a href=\"http:\/\/www.lattes.cnpq.br\/1018878326925132\">Lattes<\/a><\/strong><\/p>\n<p style=\"text-align: justify\">Graduada em Farm\u00e1cia pela Universidade Federal do Amazonas (2004), mestre em Efetividade em Sa\u00fade Baseada em Evid\u00eancias pela Universidade Federal de S\u00e3o Paulo (2010) e doutora em Ci\u00eancias da Sa\u00fade na Universidade de Bras\u00edlia (2014). Atua nos seguintes temas: avalia\u00e7\u00e3o de tecnologias em sa\u00fade, preval\u00eancia de doen\u00e7as e fatores de risco e seguran\u00e7a do paciente. No GBEM, se interessa pela avalia\u00e7\u00e3o do estado de sa\u00fade e\u00a0uso de servi\u00e7os de sa\u00fade na popula\u00e7\u00e3o.<\/p>\n","protected":false},"excerpt":{"rendered":"<p>Professora da Faculdade de Ci\u00eancias Farmac\u00eauticas da Unicamp | Lattes Graduada em Farm\u00e1cia pela Universidade Federal do Amazonas (2004), mestre em Efetividade em Sa\u00fade Baseada em Evid\u00eancias pela Universidade Federal de S\u00e3o Paulo (2010) e doutora em Ci\u00eancias da Sa\u00fade na Universidade de Bras\u00edlia (2014). Atua nos seguintes temas: avalia\u00e7\u00e3o de tecnologias em sa\u00fade, preval\u00eancia&hellip;<\/p>\n","protected":false},"author":682,"featured_media":0,"parent":538,"menu_order":0,"comment_status":"closed","ping_status":"closed","template":"","meta":{"jetpack_post_was_ever_published":false,"footnotes":""},"class_list":["post-898","page","type-page","status-publish","hentry"],"jetpack_sharing_enabled":true,"jetpack_shortlink":"https:\/\/wp.me\/P8Mo6O-eu","_links":{"self":[{"href":"https:\/\/wp.ufpel.edu.br\/gbem\/wp-json\/wp\/v2\/pages\/898","targetHints":{"allow":["GET"]}}],"collection":[{"href":"https:\/\/wp.ufpel.edu.br\/gbem\/wp-json\/wp\/v2\/pages"}],"about":[{"href":"https:\/\/wp.ufpel.edu.br\/gbem\/wp-json\/wp\/v2\/types\/page"}],"author":[{"embeddable":true,"href":"https:\/\/wp.ufpel.edu.br\/gbem\/wp-json\/wp\/v2\/users\/682"}],"replies":[{"embeddable":true,"href":"https:\/\/wp.ufpel.edu.br\/gbem\/wp-json\/wp\/v2\/comments?post=898"}],"version-history":[{"count":2,"href":"https:\/\/wp.ufpel.edu.br\/gbem\/wp-json\/wp\/v2\/pages\/898\/revisions"}],"predecessor-version":[{"id":1433,"href":"https:\/\/wp.ufpel.edu.br\/gbem\/wp-json\/wp\/v2\/pages\/898\/revisions\/1433"}],"up":[{"embeddable":true,"href":"https:\/\/wp.ufpel.edu.br\/gbem\/wp-json\/wp\/v2\/pages\/538"}],"wp:attachment":[{"href":"https:\/\/wp.ufpel.edu.br\/gbem\/wp-json\/wp\/v2\/media?parent=898"}],"curies":[{"name":"wp","href":"https:\/\/api.w.org\/{rel}","templated":true}]}}