{"id":891,"date":"2018-06-20T14:17:42","date_gmt":"2018-06-20T17:17:42","guid":{"rendered":"https:\/\/wp.ufpel.edu.br\/gbem\/?page_id=891"},"modified":"2020-06-29T14:30:44","modified_gmt":"2020-06-29T17:30:44","slug":"alexandre-chiavegatto-filho","status":"publish","type":"page","link":"https:\/\/wp.ufpel.edu.br\/gbem\/integrantes-do-grupo\/pesquisadores\/alexandre-chiavegatto-filho\/","title":{"rendered":"Alexandre Chiavegatto Filho"},"content":{"rendered":"<p style=\"text-align: left\"><img loading=\"lazy\" decoding=\"async\" class=\"size-full wp-image-893 alignright\" src=\"https:\/\/wp.ufpel.edu.br\/gbem\/files\/2018\/06\/untitled.png\" alt=\"\" width=\"349\" height=\"310\" srcset=\"https:\/\/wp.ufpel.edu.br\/gbem\/files\/2018\/06\/untitled.png 349w, https:\/\/wp.ufpel.edu.br\/gbem\/files\/2018\/06\/untitled-179x159.png 179w\" sizes=\"auto, (max-width: 349px) 100vw, 349px\" \/><strong>Professor da Faculdade de Sa\u00fade P\u00fablica da USP | <a href=\"http:\/\/lattes.cnpq.br\/5517850224634709\">Lattes<\/a><\/strong><\/p>\n<p style=\"text-align: left\">Possui gradua\u00e7\u00e3o em Economia na FEA\/USP, doutorado direto em Sa\u00fade P\u00fablica na FSP\/USP e p\u00f3s-doutorado na Universidade de Harvard. Atuou como professor convidado (2016) e pesquisador visitante (2017) na Universidade de Harvard. \u00c9 coordenador de cursos na FSP\/USP sobre o uso do R para a an\u00e1lise de dados e sobre machine learning em sa\u00fade.<\/p>\n<p>No GBEM, se interessa no desenvolvimento de algoritmos preditivos de machine learning.<\/p>\n<p>&nbsp;<\/p>\n","protected":false},"excerpt":{"rendered":"<p>Professor da Faculdade de Sa\u00fade P\u00fablica da USP | Lattes Possui gradua\u00e7\u00e3o em Economia na FEA\/USP, doutorado direto em Sa\u00fade P\u00fablica na FSP\/USP e p\u00f3s-doutorado na Universidade de Harvard. Atuou como professor convidado (2016) e pesquisador visitante (2017) na Universidade de Harvard. \u00c9 coordenador de cursos na FSP\/USP sobre o uso do R para a&hellip;<\/p>\n","protected":false},"author":682,"featured_media":0,"parent":538,"menu_order":0,"comment_status":"closed","ping_status":"closed","template":"","meta":{"jetpack_post_was_ever_published":false,"footnotes":""},"class_list":["post-891","page","type-page","status-publish","hentry"],"jetpack_sharing_enabled":true,"jetpack_shortlink":"https:\/\/wp.me\/P8Mo6O-en","_links":{"self":[{"href":"https:\/\/wp.ufpel.edu.br\/gbem\/wp-json\/wp\/v2\/pages\/891","targetHints":{"allow":["GET"]}}],"collection":[{"href":"https:\/\/wp.ufpel.edu.br\/gbem\/wp-json\/wp\/v2\/pages"}],"about":[{"href":"https:\/\/wp.ufpel.edu.br\/gbem\/wp-json\/wp\/v2\/types\/page"}],"author":[{"embeddable":true,"href":"https:\/\/wp.ufpel.edu.br\/gbem\/wp-json\/wp\/v2\/users\/682"}],"replies":[{"embeddable":true,"href":"https:\/\/wp.ufpel.edu.br\/gbem\/wp-json\/wp\/v2\/comments?post=891"}],"version-history":[{"count":2,"href":"https:\/\/wp.ufpel.edu.br\/gbem\/wp-json\/wp\/v2\/pages\/891\/revisions"}],"predecessor-version":[{"id":1345,"href":"https:\/\/wp.ufpel.edu.br\/gbem\/wp-json\/wp\/v2\/pages\/891\/revisions\/1345"}],"up":[{"embeddable":true,"href":"https:\/\/wp.ufpel.edu.br\/gbem\/wp-json\/wp\/v2\/pages\/538"}],"wp:attachment":[{"href":"https:\/\/wp.ufpel.edu.br\/gbem\/wp-json\/wp\/v2\/media?parent=891"}],"curies":[{"name":"wp","href":"https:\/\/api.w.org\/{rel}","templated":true}]}}