{"id":822,"date":"2018-05-30T12:28:09","date_gmt":"2018-05-30T15:28:09","guid":{"rendered":"https:\/\/wp.ufpel.edu.br\/gbem\/?page_id=822"},"modified":"2020-06-25T20:19:25","modified_gmt":"2020-06-25T23:19:25","slug":"pierre-fernando-timm","status":"publish","type":"page","link":"https:\/\/wp.ufpel.edu.br\/gbem\/integrantes-do-grupo\/pesquisadores\/pierre-fernando-timm\/","title":{"rendered":"Pierre Fernando Timm"},"content":{"rendered":"<p style=\"text-align: justify\"><img loading=\"lazy\" decoding=\"async\" class=\"size-medium wp-image-824 alignright\" src=\"https:\/\/wp.ufpel.edu.br\/gbem\/files\/2018\/05\/foto-site-318x318.jpg\" alt=\"\" width=\"318\" height=\"318\" srcset=\"https:\/\/wp.ufpel.edu.br\/gbem\/files\/2018\/05\/foto-site-318x318.jpg 318w, https:\/\/wp.ufpel.edu.br\/gbem\/files\/2018\/05\/foto-site-159x159.jpg 159w, https:\/\/wp.ufpel.edu.br\/gbem\/files\/2018\/05\/foto-site-50x50.jpg 50w, https:\/\/wp.ufpel.edu.br\/gbem\/files\/2018\/05\/foto-site.jpg 484w\" sizes=\"auto, (max-width: 318px) 100vw, 318px\" \/><strong>Enfermeiro Assistencial |<\/strong> <a href=\"http:\/\/lattes.cnpq.br\/8169682834058785\">Lattes<\/a><\/p>\n<p>&nbsp;<\/p>\n<p style=\"text-align: justify\">Enfermeiro Assistencial no Hospital Universit\u00e1rio S\u00e3o Francisco de Paula &#8211; HUSFP UCPel. Graduado pela Faculdade de Enfermagem da Universidade Federal de Pelotas. Especializa\u00e7\u00e3o em P\u00f3s Gradua\u00e7\u00e3o em Sa\u00fade P\u00fablica pela Dom Alberto LTDA. Objetivos no GBEM: aperfei\u00e7oar e aprofundar o conhecimento em pesquisas, produ\u00e7\u00f5es cient\u00edficas e epidemiologia, referentes \u00e0 multimorbidade no Brasil, com enfoque na sa\u00fade do idoso.<\/p>\n<p>&nbsp;<\/p>\n","protected":false},"excerpt":{"rendered":"<p>Enfermeiro Assistencial | Lattes &nbsp; Enfermeiro Assistencial no Hospital Universit\u00e1rio S\u00e3o Francisco de Paula &#8211; HUSFP UCPel. Graduado pela Faculdade de Enfermagem da Universidade Federal de Pelotas. Especializa\u00e7\u00e3o em P\u00f3s Gradua\u00e7\u00e3o em Sa\u00fade P\u00fablica pela Dom Alberto LTDA. Objetivos no GBEM: aperfei\u00e7oar e aprofundar o conhecimento em pesquisas, produ\u00e7\u00f5es cient\u00edficas e epidemiologia, referentes \u00e0 multimorbidade&hellip;<\/p>\n","protected":false},"author":682,"featured_media":0,"parent":538,"menu_order":0,"comment_status":"closed","ping_status":"closed","template":"","meta":{"jetpack_post_was_ever_published":false,"footnotes":""},"class_list":["post-822","page","type-page","status-publish","hentry"],"jetpack_sharing_enabled":true,"jetpack_shortlink":"https:\/\/wp.me\/P8Mo6O-dg","_links":{"self":[{"href":"https:\/\/wp.ufpel.edu.br\/gbem\/wp-json\/wp\/v2\/pages\/822","targetHints":{"allow":["GET"]}}],"collection":[{"href":"https:\/\/wp.ufpel.edu.br\/gbem\/wp-json\/wp\/v2\/pages"}],"about":[{"href":"https:\/\/wp.ufpel.edu.br\/gbem\/wp-json\/wp\/v2\/types\/page"}],"author":[{"embeddable":true,"href":"https:\/\/wp.ufpel.edu.br\/gbem\/wp-json\/wp\/v2\/users\/682"}],"replies":[{"embeddable":true,"href":"https:\/\/wp.ufpel.edu.br\/gbem\/wp-json\/wp\/v2\/comments?post=822"}],"version-history":[{"count":4,"href":"https:\/\/wp.ufpel.edu.br\/gbem\/wp-json\/wp\/v2\/pages\/822\/revisions"}],"predecessor-version":[{"id":1280,"href":"https:\/\/wp.ufpel.edu.br\/gbem\/wp-json\/wp\/v2\/pages\/822\/revisions\/1280"}],"up":[{"embeddable":true,"href":"https:\/\/wp.ufpel.edu.br\/gbem\/wp-json\/wp\/v2\/pages\/538"}],"wp:attachment":[{"href":"https:\/\/wp.ufpel.edu.br\/gbem\/wp-json\/wp\/v2\/media?parent=822"}],"curies":[{"name":"wp","href":"https:\/\/api.w.org\/{rel}","templated":true}]}}