{"id":816,"date":"2018-05-30T12:21:27","date_gmt":"2018-05-30T15:21:27","guid":{"rendered":"https:\/\/wp.ufpel.edu.br\/gbem\/?page_id=816"},"modified":"2020-06-28T21:44:18","modified_gmt":"2020-06-29T00:44:18","slug":"indiara-da-silva-viegas","status":"publish","type":"page","link":"https:\/\/wp.ufpel.edu.br\/gbem\/integrantes-do-grupo\/pesquisadores\/indiara-da-silva-viegas\/","title":{"rendered":"Indiara da Silva Viegas"},"content":{"rendered":"<p style=\"text-align: justify\"><img loading=\"lazy\" decoding=\"async\" class=\"size-medium wp-image-818 alignleft\" src=\"https:\/\/wp.ufpel.edu.br\/gbem\/files\/2018\/05\/img_Indiara-169x318.jpg\" alt=\"\" width=\"169\" height=\"318\" srcset=\"https:\/\/wp.ufpel.edu.br\/gbem\/files\/2018\/05\/img_Indiara-169x318.jpg 169w, https:\/\/wp.ufpel.edu.br\/gbem\/files\/2018\/05\/img_Indiara-85x159.jpg 85w, https:\/\/wp.ufpel.edu.br\/gbem\/files\/2018\/05\/img_Indiara.jpg 734w\" sizes=\"auto, (max-width: 169px) 100vw, 169px\" \/><strong>Acad\u00eamica de Enfermagem da Universidade Federal de Pelotas |<\/strong> <a href=\"http:\/\/lattes.cnpq.br\/1560860604855819\">Lattes<\/a><\/p>\n<p style=\"text-align: justify\">Acad\u00eamica do 9\u00ba semestre da Faculdade de Enfermagem na Universidade Federal de Pelotas. Membro do Grupo Brasileiro de Estudos sobre Multimorbidade (GBEM) e membro da Liga de Atendimento Pr\u00e9-Hospitalar (LAPH).<\/p>\n<p style=\"text-align: justify\">No GBEM, os principais interesses s\u00e3o agregar conhecimento cient\u00edfico na forma\u00e7\u00e3o acad\u00eamica e entender melhor como as doen\u00e7as cr\u00f4nicas interferem na qualidade de vida das pessoas. Assim como, avaliar o efeito desse indicador na predi\u00e7\u00e3o da mortalidade.<\/p>\n<p>&nbsp;<\/p>\n<p><strong>#multimorbidade\u00a0 #doen\u00e7ascr\u00f4nicas\u00a0 #mortalidade<\/strong><\/p>\n<p>&nbsp;<\/p>\n","protected":false},"excerpt":{"rendered":"<p>Acad\u00eamica de Enfermagem da Universidade Federal de Pelotas | Lattes Acad\u00eamica do 9\u00ba semestre da Faculdade de Enfermagem na Universidade Federal de Pelotas. Membro do Grupo Brasileiro de Estudos sobre Multimorbidade (GBEM) e membro da Liga de Atendimento Pr\u00e9-Hospitalar (LAPH). No GBEM, os principais interesses s\u00e3o agregar conhecimento cient\u00edfico na forma\u00e7\u00e3o acad\u00eamica e entender melhor&hellip;<\/p>\n","protected":false},"author":682,"featured_media":0,"parent":538,"menu_order":0,"comment_status":"closed","ping_status":"closed","template":"","meta":{"jetpack_post_was_ever_published":false,"footnotes":""},"class_list":["post-816","page","type-page","status-publish","hentry"],"jetpack_sharing_enabled":true,"jetpack_shortlink":"https:\/\/wp.me\/P8Mo6O-da","_links":{"self":[{"href":"https:\/\/wp.ufpel.edu.br\/gbem\/wp-json\/wp\/v2\/pages\/816","targetHints":{"allow":["GET"]}}],"collection":[{"href":"https:\/\/wp.ufpel.edu.br\/gbem\/wp-json\/wp\/v2\/pages"}],"about":[{"href":"https:\/\/wp.ufpel.edu.br\/gbem\/wp-json\/wp\/v2\/types\/page"}],"author":[{"embeddable":true,"href":"https:\/\/wp.ufpel.edu.br\/gbem\/wp-json\/wp\/v2\/users\/682"}],"replies":[{"embeddable":true,"href":"https:\/\/wp.ufpel.edu.br\/gbem\/wp-json\/wp\/v2\/comments?post=816"}],"version-history":[{"count":5,"href":"https:\/\/wp.ufpel.edu.br\/gbem\/wp-json\/wp\/v2\/pages\/816\/revisions"}],"predecessor-version":[{"id":1320,"href":"https:\/\/wp.ufpel.edu.br\/gbem\/wp-json\/wp\/v2\/pages\/816\/revisions\/1320"}],"up":[{"embeddable":true,"href":"https:\/\/wp.ufpel.edu.br\/gbem\/wp-json\/wp\/v2\/pages\/538"}],"wp:attachment":[{"href":"https:\/\/wp.ufpel.edu.br\/gbem\/wp-json\/wp\/v2\/media?parent=816"}],"curies":[{"name":"wp","href":"https:\/\/api.w.org\/{rel}","templated":true}]}}