{"id":809,"date":"2018-05-30T12:07:28","date_gmt":"2018-05-30T15:07:28","guid":{"rendered":"https:\/\/wp.ufpel.edu.br\/gbem\/?page_id=809"},"modified":"2018-05-30T12:43:36","modified_gmt":"2018-05-30T15:43:36","slug":"gregore-iven-mielke","status":"publish","type":"page","link":"https:\/\/wp.ufpel.edu.br\/gbem\/integrantes-do-grupo\/colaboradores-internacionais\/gregore-iven-mielke\/","title":{"rendered":"Gregore Iven Mielke"},"content":{"rendered":"<p><strong><img loading=\"lazy\" decoding=\"async\" class=\"size-medium wp-image-839 alignleft\" src=\"https:\/\/wp.ufpel.edu.br\/gbem\/files\/2018\/05\/gregore-329x318.jpg\" alt=\"\" width=\"329\" height=\"318\" srcset=\"https:\/\/wp.ufpel.edu.br\/gbem\/files\/2018\/05\/gregore-329x318.jpg 329w, https:\/\/wp.ufpel.edu.br\/gbem\/files\/2018\/05\/gregore-164x159.jpg 164w, https:\/\/wp.ufpel.edu.br\/gbem\/files\/2018\/05\/gregore-768x742.jpg 768w, https:\/\/wp.ufpel.edu.br\/gbem\/files\/2018\/05\/gregore.jpg 1355w\" sizes=\"auto, (max-width: 329px) 100vw, 329px\" \/>Pesquisador da University of Queensland, Austr\u00e1lia | <a href=\"http:\/\/lattes.cnpq.br\/6429798795330732\">Lattes<\/a><\/strong><\/p>\n<p>Possui bacharelado em Educa\u00e7\u00e3o F\u00edsica e doutorado em Epidemiologia pelo Universidade Federal de Pelotas. Atualmente atua como pesquisador na School of Human Movement and Nutrition Sciences &#8211; University of Queensland, Australia e faz parte da diretoria executiva da Sociedade Brasileira de Atividade F\u00edsica e Sa\u00fade. Ja atuou como consultor t\u00e9cnico no Minist\u00e9rio da Sa\u00fade e pesquisador na Coorte de Nascimentos de 2015, Pelotas- Universidade Federal de Pelotas. Procura desenvolver, no GBEM, estudos com foco atividade f\u00edsica, comportamento sedent\u00e1rio, desigualdades e multimorbidades.<\/p>\n<p><a href=\"https:\/\/twitter.com\/gregoremielke\">Twitter<\/a> | <a href=\"https:\/\/researchers.uq.edu.au\/researcher\/17360\">P\u00e1gina Profissional<\/a><\/p>\n<p>&nbsp;<\/p>\n<p>&nbsp;<\/p>\n","protected":false},"excerpt":{"rendered":"<p>Pesquisador da University of Queensland, Austr\u00e1lia | Lattes Possui bacharelado em Educa\u00e7\u00e3o F\u00edsica e doutorado em Epidemiologia pelo Universidade Federal de Pelotas. Atualmente atua como pesquisador na School of Human Movement and Nutrition Sciences &#8211; University of Queensland, Australia e faz parte da diretoria executiva da Sociedade Brasileira de Atividade F\u00edsica e Sa\u00fade. Ja atuou&hellip;<\/p>\n","protected":false},"author":682,"featured_media":0,"parent":640,"menu_order":0,"comment_status":"closed","ping_status":"closed","template":"","meta":{"_crdt_document":"","footnotes":""},"class_list":["post-809","page","type-page","status-publish","hentry"],"jetpack_sharing_enabled":true,"jetpack_shortlink":"https:\/\/wp.me\/P8Mo6O-d3","_links":{"self":[{"href":"https:\/\/wp.ufpel.edu.br\/gbem\/wp-json\/wp\/v2\/pages\/809","targetHints":{"allow":["GET"]}}],"collection":[{"href":"https:\/\/wp.ufpel.edu.br\/gbem\/wp-json\/wp\/v2\/pages"}],"about":[{"href":"https:\/\/wp.ufpel.edu.br\/gbem\/wp-json\/wp\/v2\/types\/page"}],"author":[{"embeddable":true,"href":"https:\/\/wp.ufpel.edu.br\/gbem\/wp-json\/wp\/v2\/users\/682"}],"replies":[{"embeddable":true,"href":"https:\/\/wp.ufpel.edu.br\/gbem\/wp-json\/wp\/v2\/comments?post=809"}],"version-history":[{"count":4,"href":"https:\/\/wp.ufpel.edu.br\/gbem\/wp-json\/wp\/v2\/pages\/809\/revisions"}],"predecessor-version":[{"id":838,"href":"https:\/\/wp.ufpel.edu.br\/gbem\/wp-json\/wp\/v2\/pages\/809\/revisions\/838"}],"up":[{"embeddable":true,"href":"https:\/\/wp.ufpel.edu.br\/gbem\/wp-json\/wp\/v2\/pages\/640"}],"wp:attachment":[{"href":"https:\/\/wp.ufpel.edu.br\/gbem\/wp-json\/wp\/v2\/media?parent=809"}],"curies":[{"name":"wp","href":"https:\/\/api.w.org\/{rel}","templated":true}]}}