{"id":775,"date":"2018-05-29T11:20:17","date_gmt":"2018-05-29T14:20:17","guid":{"rendered":"https:\/\/wp.ufpel.edu.br\/gbem\/?page_id=775"},"modified":"2020-07-31T18:01:15","modified_gmt":"2020-07-31T21:01:15","slug":"projetos-em-andamento","status":"publish","type":"page","link":"https:\/\/wp.ufpel.edu.br\/gbem\/projetos-em-andamento\/","title":{"rendered":"Projetos"},"content":{"rendered":"<p><img loading=\"lazy\" decoding=\"async\" class=\"alignnone size-full wp-image-1212\" src=\"https:\/\/wp.ufpel.edu.br\/gbem\/files\/2020\/06\/Projetos-de-Pesquisa-GBEM-4.png\" alt=\"\" width=\"1024\" height=\"292\" srcset=\"https:\/\/wp.ufpel.edu.br\/gbem\/files\/2020\/06\/Projetos-de-Pesquisa-GBEM-4.png 1024w, https:\/\/wp.ufpel.edu.br\/gbem\/files\/2020\/06\/Projetos-de-Pesquisa-GBEM-4-424x121.png 424w, https:\/\/wp.ufpel.edu.br\/gbem\/files\/2020\/06\/Projetos-de-Pesquisa-GBEM-4-212x60.png 212w, https:\/\/wp.ufpel.edu.br\/gbem\/files\/2020\/06\/Projetos-de-Pesquisa-GBEM-4-768x219.png 768w\" sizes=\"auto, (max-width: 1024px) 100vw, 1024px\" \/><\/p>\n<p style=\"text-align: justify\">As doen\u00e7as cr\u00f4nicas n\u00e3o-transmiss\u00edveis (DCNT) s\u00e3o a principal causa de morte e incapacidades no mundo e no Brasil. Contudo, no Brasil, o impacto das DCNT \u00e9 potencializado devido as r\u00e1pidas transi\u00e7\u00f5es demogr\u00e1fica e epidemiol\u00f3gica tornando o sistema de sa\u00fade menos preparado para atender a demanda crescente de pessoas com DCNT. Nesse contexto, a multimorbidade &#8211; caracterizada pela ocorr\u00eancia de duas ou mais doen\u00e7as cr\u00f4nicas em um mesmo indiv\u00edduo &#8211; apresenta-se como um problema de sa\u00fade dada sua alta ocorr\u00eancia (mais de 60% em idosos), consequ\u00eancias negativas para a sa\u00fade e falta de informa\u00e7\u00e3o para seu manejo adequado. Umas das respostas para essa situa\u00e7\u00e3o \u00e9 a realiza\u00e7\u00e3o de pesquisas para o melhor entendimento da ocorr\u00eancia, causas e consequ\u00eancias das DNCT e multimorbidade com o intuito de identificar as melhores estrat\u00e9gias para o enfrentamento do problema por meio de pr\u00e1ticas baseadas em evid\u00eancias. Esses resultados podem ser mais bem aproveitados com a utiliza\u00e7\u00e3o de diferentes formas de comunica\u00e7\u00e3o e divulga\u00e7\u00e3o do conhecimento cient\u00edfico. Temos como objetivo sensibilizar gestores, profissionais de sa\u00fade e sociedade sobre as melhores evid\u00eancias para o enfrentamento das DCNT. As a\u00e7\u00f5es do projeto incluem a produ\u00e7\u00e3o de conte\u00fado de divulga\u00e7\u00e3o cient\u00edfica no blog e m\u00eddias sociais do GBEM (Facebook, Twitter, Instagram e Youtube) e a realiza\u00e7\u00e3o de atividades de comunica\u00e7\u00e3o e divulga\u00e7\u00e3o do conhecimento cient\u00edfico sobre Doen\u00e7as Cr\u00f4nicas N\u00e3o Transmiss\u00edveis e multimorbidade direcionadas \u00e0 gest\u00e3o (local, regional e nacional) do Sistema \u00danico de Sa\u00fade, tomadores de decis\u00e3o e profissionais de sa\u00fade da comunidade de Pelotas-RS.<\/p>\n<p style=\"text-align: justify\"><strong>Coordenadores: <a href=\"https:\/\/wp.ufpel.edu.br\/gbem\/curriculo-bruno\/\">Bruno Pereira Nunes<\/a> e <a href=\"https:\/\/wp.ufpel.edu.br\/gbem\/integrantes-do-grupo\/coordenadores\/natalia-martins-flores\/\">Nat\u00e1lia Martins Flores<\/a> (12\/2017 &#8211; 04\/2018) | Universidade Federal de Pelotas<\/strong><\/p>\n<p><img loading=\"lazy\" decoding=\"async\" class=\"alignnone size-full wp-image-1213\" src=\"https:\/\/wp.ufpel.edu.br\/gbem\/files\/2020\/06\/Projetos-de-Pesquisa-GBEM-5.png\" alt=\"\" width=\"1024\" height=\"284\" srcset=\"https:\/\/wp.ufpel.edu.br\/gbem\/files\/2020\/06\/Projetos-de-Pesquisa-GBEM-5.png 1024w, https:\/\/wp.ufpel.edu.br\/gbem\/files\/2020\/06\/Projetos-de-Pesquisa-GBEM-5-424x118.png 424w, https:\/\/wp.ufpel.edu.br\/gbem\/files\/2020\/06\/Projetos-de-Pesquisa-GBEM-5-212x59.png 212w, https:\/\/wp.ufpel.edu.br\/gbem\/files\/2020\/06\/Projetos-de-Pesquisa-GBEM-5-768x213.png 768w\" sizes=\"auto, (max-width: 1024px) 100vw, 1024px\" \/><\/p>\n<p style=\"text-align: justify\">A multimorbidade \u00e9 definida como a ocorr\u00eancia de diferentes doen\u00e7as em um mesmo indiv\u00edduo. Na popula\u00e7\u00e3o idosa, mais de 50% dos indiv\u00edduos apresentam duas ou mais doen\u00e7as cr\u00f4nicas, com estudos apresentando estimativas superiores a 90%. Al\u00e9m da alta preval\u00eancia, a multimorbidade ganha mais relev\u00e2ncia como problema de sa\u00fade p\u00fablica devido \u00e0s suas diferentes consequ\u00eancias negativas na sa\u00fade f\u00edsica, mental e utiliza\u00e7\u00e3o dos servi\u00e7os de sa\u00fade, observadas principalmente em pa\u00edses de alta renda. Existem poucos estudos sobre a tem\u00e1tica no Brasil e este tipo de investiga\u00e7\u00e3o pode contribuir para a melhoria do modelo de cuidado aos idosos. Neste projeto ser\u00e3o utilizados tr\u00eas bancos de dados que incluem informa\u00e7\u00f5es sobre idosos com representatividade nacional (Pesquisa Nacional de Amostra por Domic\u00edlios, 2008 e Pesquisa Nacional de Sa\u00fade, 2013) e da cidade de Bag\u00e9-RS (Pesquisa ADOMIS &#8211; Aten\u00e7\u00e3o Domiciliar a Idosos: Desempenho dos Servi\u00e7os de Aten\u00e7\u00e3o B\u00e1sica, 2008 e seu 1\u00ba ciclo de acompanhamento, 2016). As contribui\u00e7\u00f5es da proposta incluem a identifica\u00e7\u00e3o da exist\u00eancia e magnitude do efeito da multimorbidade e de seus padr\u00f5es em diferentes indicadores de sa\u00fade entre idosos em um pa\u00eds com poucas informa\u00e7\u00f5es sobre o problema e que passa por uma r\u00e1pida transi\u00e7\u00e3o demogr\u00e1fica e epidemiol\u00f3gica.\u00a0<b>Fin<\/b><b>anciamento: CNPq Per\u00edodo: 2017-2020<\/b><\/p>\n<p style=\"margin: 0cm 0cm 0.0001pt;text-align: justify\"><em><span style=\"font-size: 10.0pt\">Trabalhos acad\u00eamicos vinculados:\u00a0<\/span><\/em><\/p>\n<p style=\"margin: 0cm 0cm 0.0001pt;text-align: justify\"><em>&#8211; Trabalho de Conclus\u00e3o de Curso: Doen\u00e7as cr\u00f4nicas e multimorbidade em idosos: rela\u00e7\u00e3o com o tipo de servi\u00e7o de sa\u00fade utilizado (Aluna: <a href=\"https:\/\/wp.ufpel.edu.br\/gbem\/integrantes-do-grupo\/pesquisadores\/bruna-borges-coelho\/\">Bruna Borges Coelho<\/a>)<\/em><br \/>\n<em>&#8211; Trabalho de Conclus\u00e3o de Curso: Ocorr\u00eancia de doen\u00e7as cr\u00f4nicas e multimorbidade em idosos brasileiros: compara\u00e7\u00e3o entre 2008 e 2013 (Aluno: <a href=\"https:\/\/wp.ufpel.edu.br\/gbem\/integrantes-do-grupo\/pesquisadores\/pierre-fernando-timm\/\">Pierre Fernando Timm<\/a>)<\/em><br \/>\n<em>&#8211; Disserta\u00e7\u00e3o de Mestrado: Ocorr\u00eancia de c\u00e2ncer e multimorbidade entre idosos brasileiros (Aluna: <a href=\"https:\/\/wp.ufpel.edu.br\/gbem\/integrantes-do-grupo\/pesquisadores\/bianca-machado-de-avila\/\">Bianca Machado de \u00c1vila<\/a>)<\/em><\/p>\n<p>&nbsp;<\/p>\n<p style=\"text-align: justify\"><strong>Coordenador: <a href=\"https:\/\/wp.ufpel.edu.br\/gbem\/curriculo-bruno\/\">Bruno Pereira Nunes<\/a> | Universidade Federal de Pelotas<\/strong><\/p>\n<p><img loading=\"lazy\" decoding=\"async\" class=\"alignnone size-full wp-image-1214\" src=\"https:\/\/wp.ufpel.edu.br\/gbem\/files\/2020\/06\/Projetos-de-Pesquisa-GBEM-6.png\" alt=\"\" width=\"1024\" height=\"234\" srcset=\"https:\/\/wp.ufpel.edu.br\/gbem\/files\/2020\/06\/Projetos-de-Pesquisa-GBEM-6.png 1024w, https:\/\/wp.ufpel.edu.br\/gbem\/files\/2020\/06\/Projetos-de-Pesquisa-GBEM-6-424x97.png 424w, https:\/\/wp.ufpel.edu.br\/gbem\/files\/2020\/06\/Projetos-de-Pesquisa-GBEM-6-212x48.png 212w, https:\/\/wp.ufpel.edu.br\/gbem\/files\/2020\/06\/Projetos-de-Pesquisa-GBEM-6-768x176.png 768w\" sizes=\"auto, (max-width: 1024px) 100vw, 1024px\" \/><\/p>\n<p style=\"text-align: justify\">A maior parte dos estudos sobre multimorbidade \u00e9 realizada com a popula\u00e7\u00e3o idosa dado a relev\u00e2ncia e alta frequ\u00eancia das doen\u00e7as cr\u00f4nicas nesta faixa et\u00e1ria. Apesar disso, a multimorbidade tamb\u00e9m \u00e9 frequente entre adultos jovens (\u224820%). Compreender sua ocorr\u00eancia e padr\u00f5es pode ser relevante para estrat\u00e9gias de preven\u00e7\u00e3o. Al\u00e9m disso, avaliar a ocorr\u00eancia e as causas das desigualdades sociais na ocorr\u00eancia de multimorbidade pode contribuir para a realiza\u00e7\u00e3o de a\u00e7\u00f5es mais efetivas para o manejo do problema. Com base no exposto, a proposta deste trabalho \u00e9 avaliar atrav\u00e9s da Pesquisa Nacional sobre Acesso, Utiliza\u00e7\u00e3o e promo\u00e7\u00e3o do Uso Racional de Medicamentos no Brasil de 2013-2014 (PNAUM) a ocorr\u00eancia de multimorbidade, o padr\u00e3o destas doen\u00e7as e as desigualdades socioecon\u00f4micas entre adultos no Brasil.<\/p>\n<p><em>&#8211; Disserta\u00e7\u00e3o de Mestrado: (Aluna: <a href=\"https:\/\/wp.ufpel.edu.br\/gbem\/integrantes-do-grupo\/pesquisadores\/andria-krolow-costa\/\">\u00c2ndria Krolow Costa<\/a>) | Universidade Federal de Pelotas<\/em><\/p>\n<p style=\"text-align: justify\"><strong>Coordenador: <a href=\"https:\/\/wp.ufpel.edu.br\/gbem\/curriculo-bruno\/\">Bruno Pereira Nunes<\/a> | Universidade Federal de Pelotas<\/strong><\/p>\n<p><img loading=\"lazy\" decoding=\"async\" class=\"alignnone size-full wp-image-1211\" src=\"https:\/\/wp.ufpel.edu.br\/gbem\/files\/2020\/06\/Projetos-de-Pesquisa-GBEM-1-2.png\" alt=\"\" width=\"1024\" height=\"324\" srcset=\"https:\/\/wp.ufpel.edu.br\/gbem\/files\/2020\/06\/Projetos-de-Pesquisa-GBEM-1-2.png 1024w, https:\/\/wp.ufpel.edu.br\/gbem\/files\/2020\/06\/Projetos-de-Pesquisa-GBEM-1-2-424x134.png 424w, https:\/\/wp.ufpel.edu.br\/gbem\/files\/2020\/06\/Projetos-de-Pesquisa-GBEM-1-2-212x67.png 212w, https:\/\/wp.ufpel.edu.br\/gbem\/files\/2020\/06\/Projetos-de-Pesquisa-GBEM-1-2-768x243.png 768w\" sizes=\"auto, (max-width: 1024px) 100vw, 1024px\" \/><\/p>\n<p style=\"text-align: justify\">A organiza\u00e7\u00e3o nos servi\u00e7os de sa\u00fade em rede guarda uma rela\u00e7\u00e3o intr\u00ednseca com os objetivos da universalidade, equidade e integralidade. Nesse contexto, os servi\u00e7os de urg\u00eancia e emerg\u00eancia s\u00e3o fundamentais, funcionando com porta de entrada para o sistema. Entretanto, apresentam dificuldade para seu funcionamento, destacando-se a superlota\u00e7\u00e3o dos servi\u00e7os, a qual pode ser explicada, em boa medida, pelo uso inadequado do servi\u00e7o e reutiliza\u00e7\u00e3o frequente por parte de usu\u00e1rios. Apesar do conhecimento dessa situa\u00e7\u00e3o, as informa\u00e7\u00f5es sobre a tem\u00e1tica s\u00e3o escassas no Brasil, especialmente com rela\u00e7\u00e3o ao progn\u00f3stico ap\u00f3s a utiliza\u00e7\u00e3o de servi\u00e7os de urg\u00eancia e emerg\u00eancia. Assim, este projeto objetiva avaliar a performance preditiva de diferentes algoritmos de <em>machine learning<\/em> para estimar o uso inapropriado dos servi\u00e7os de emerg\u00eancia, mortalidade e reutiliza\u00e7\u00e3o dos servi\u00e7os de emerg\u00eancia. Para isso, ser\u00e1 realizado um estudo no munic\u00edpio de Vit\u00f3ria-ES com 1.285 usu\u00e1rios do Pronto Atendimento da Praia do Su\u00e1. Quantificar e predizer esses eventos pode auxiliar na elabora\u00e7\u00e3o de estrat\u00e9gias de prioriza\u00e7\u00e3o de casos, no direcionamento para ado\u00e7\u00e3o de manejo cl\u00ednico mais ampliado nos indiv\u00edduos com maior risco de desenvolvimento desses desfechos, al\u00e9m de ser \u00fatil para a organiza\u00e7\u00e3o do sistema de sa\u00fade. Espera-se com este estudo contribuir para a ado\u00e7\u00e3o de inova\u00e7\u00f5es em sa\u00fade que possam melhorar a efetividade do sistema, otimiza\u00e7\u00e3o de recursos e preven\u00e7\u00e3o de eventos adversos para a popula\u00e7\u00e3o.\u00a0<strong>Financiamento: CNPq.<\/strong><\/p>\n<p><strong>Coordenador: <a href=\"https:\/\/wp.ufpel.edu.br\/gbem\/integrantes-do-grupo\/pesquisadores\/ana-paula-santana-coelho-almeida\/\">Ana Paula Santana Coelho<\/a> | UFES<\/strong><\/p>\n<p><img loading=\"lazy\" decoding=\"async\" class=\"alignnone size-full wp-image-1042\" src=\"https:\/\/wp.ufpel.edu.br\/gbem\/files\/2019\/02\/projetomanaus-1.png\" alt=\"\" width=\"985\" height=\"228\" srcset=\"https:\/\/wp.ufpel.edu.br\/gbem\/files\/2019\/02\/projetomanaus-1.png 985w, https:\/\/wp.ufpel.edu.br\/gbem\/files\/2019\/02\/projetomanaus-1-212x49.png 212w, https:\/\/wp.ufpel.edu.br\/gbem\/files\/2019\/02\/projetomanaus-1-424x98.png 424w, https:\/\/wp.ufpel.edu.br\/gbem\/files\/2019\/02\/projetomanaus-1-768x178.png 768w\" sizes=\"auto, (max-width: 985px) 100vw, 985px\" \/><\/p>\n<p style=\"text-align: justify\">A utiliza\u00e7\u00e3o dos servi\u00e7os de sa\u00fade \u00e9 uma medida indireta da equidade de um sistema de sa\u00fade. Uma pesquisa realizada em 2015 na Regi\u00e3o Metropolitana de Manaus mostrou que mais de 70% dos adultos consultaram o m\u00e9dico e um em cada tr\u00eas consultou um dentista no \u00faltimo ano. Pol\u00edticas de austeridade est\u00e3o sendo implantadas no Brasil, com cortes or\u00e7ament\u00e1rios e redu\u00e7\u00e3o da composi\u00e7\u00e3o da equipe de sa\u00fade da fam\u00edlia, entre outras agendas neoliberais. A preval\u00eancia do uso de servi\u00e7os de sa\u00fade e o estado de sa\u00fade da popula\u00e7\u00e3o podem ter sido afetados, particularmente em regi\u00f5es pobres e perif\u00e9ricas. Este projeto tem como objetivo estimar a preval\u00eancia do uso de servi\u00e7os de sa\u00fade e estado de sa\u00fade em adultos residentes em Manaus.<\/p>\n<p style=\"text-align: justify\"><strong><span style=\"text-align: left;color: #404040;text-indent: 0px;letter-spacing: normal;font-family: 'Helvetica Neue',Helvetica,Arial,sans-serif;font-size: 13px;font-style: normal;font-variant: normal;text-decoration: none;cursor: text;float: none;background-color: transparent\">Coordenador: Marcus Tolentino Silva | Universidade Federal do Amazonas<\/span><\/strong><\/p>\n<p><strong><span style=\"text-align: left;color: #404040;text-indent: 0px;letter-spacing: normal;font-family: 'Helvetica Neue',Helvetica,Arial,sans-serif;font-size: 13px;font-style: normal;font-variant: normal;text-decoration: none;cursor: text;float: none;background-color: transparent\"><img loading=\"lazy\" decoding=\"async\" class=\"alignnone size-full wp-image-1210\" src=\"https:\/\/wp.ufpel.edu.br\/gbem\/files\/2020\/06\/Projetos-de-Pesquisa-GBEM-3.png\" alt=\"\" width=\"1024\" height=\"235\" srcset=\"https:\/\/wp.ufpel.edu.br\/gbem\/files\/2020\/06\/Projetos-de-Pesquisa-GBEM-3.png 1024w, https:\/\/wp.ufpel.edu.br\/gbem\/files\/2020\/06\/Projetos-de-Pesquisa-GBEM-3-424x97.png 424w, https:\/\/wp.ufpel.edu.br\/gbem\/files\/2020\/06\/Projetos-de-Pesquisa-GBEM-3-212x49.png 212w, https:\/\/wp.ufpel.edu.br\/gbem\/files\/2020\/06\/Projetos-de-Pesquisa-GBEM-3-768x176.png 768w\" sizes=\"auto, (max-width: 1024px) 100vw, 1024px\" \/><\/span><\/strong><\/p>\n<p style=\"text-align: justify\">Os servi\u00e7os de emerg\u00eancia s\u00e3o fundamentais na organiza\u00e7\u00e3o da rede de aten\u00e7\u00e3o \u00e0 sa\u00fade. N\u00e3o obstante, apresentam diferentes dificuldades para seu funcionamento. Entre essas, destaca-se a superlota\u00e7\u00e3o dos servi\u00e7os a qual \u00e9, em boa medida, explicada pelo uso inadequado do servi\u00e7o e reutiliza\u00e7\u00e3o frequente por parte de usu\u00e1rios. Apesar do conhecimento dessa situa\u00e7\u00e3o, as informa\u00e7\u00f5es sobre a tem\u00e1tica s\u00e3o escassas no Brasil, ainda mais relacionada ao acompanhamento longitudinal dos usu\u00e1rios. Assim, este projeto objetiva avaliar a performance preditiva de diferentes algoritmos de\u00a0<i data-stringify-type=\"italic\">machine learning<\/i> para estimar o uso inapropriado dos servi\u00e7os de emerg\u00eancia, mortalidade e reutiliza\u00e7\u00e3o dos servi\u00e7os de emerg\u00eancia. Para isso, ser\u00e1 realizado um estudo no munic\u00edpio de Pelotas-RS com um pouco mais de 5 mil usu\u00e1rios do pronto socorro municipal. Caso o estudo seja bem-sucedido, pretende-se testar a aplicabilidade e aceita\u00e7\u00e3o do uso desses algoritmos na pr\u00e1tica para auxiliar profissionais de sa\u00fade na tomada de decis\u00e3o no contexto hospitalar. Diferentes estrat\u00e9gias de difus\u00e3o dos conhecimentos ser\u00e3o utilizadas para aumentar a capacidade do estudo em produzir inova\u00e7\u00f5es para a organiza\u00e7\u00e3o do sistema e servi\u00e7os de sa\u00fade. <strong>Financiamento: FAPERGS.<\/strong><\/p>\n<p style=\"text-align: justify\"><strong>Coordenador: <a href=\"https:\/\/wp.ufpel.edu.br\/gbem\/curriculo-bruno\/\">Bruno Pereira Nunes<\/a> | Universidade Federal de Pelotas<\/strong><\/p>\n<p><img loading=\"lazy\" decoding=\"async\" class=\"alignnone size-full wp-image-1208\" src=\"https:\/\/wp.ufpel.edu.br\/gbem\/files\/2020\/06\/Projetos-de-Pesquisa-GBEM-1-1.png\" alt=\"\" width=\"1024\" height=\"238\" srcset=\"https:\/\/wp.ufpel.edu.br\/gbem\/files\/2020\/06\/Projetos-de-Pesquisa-GBEM-1-1.png 1024w, https:\/\/wp.ufpel.edu.br\/gbem\/files\/2020\/06\/Projetos-de-Pesquisa-GBEM-1-1-424x99.png 424w, https:\/\/wp.ufpel.edu.br\/gbem\/files\/2020\/06\/Projetos-de-Pesquisa-GBEM-1-1-212x49.png 212w, https:\/\/wp.ufpel.edu.br\/gbem\/files\/2020\/06\/Projetos-de-Pesquisa-GBEM-1-1-768x179.png 768w\" sizes=\"auto, (max-width: 1024px) 100vw, 1024px\" \/><\/p>\n<p style=\"text-align: justify\">A multimorbidade \u00e9 um problema de sa\u00fade p\u00fablica no Brasil devido sua alta frequ\u00eancia (mais de 60% entre idosos), efeito negativo em desfechos em sa\u00fade e dificuldade de manejo adequado devido \u00e0 escassez de evid\u00eancias cientificas robustas sobre o problema. Apesar do conhecimento dessa situa\u00e7\u00e3o, as informa\u00e7\u00f5es sobre a tem\u00e1tica s\u00e3o escassas no Brasil, ainda mais relacionada ao efeito da multimorbidade no uso de servi\u00e7os de sa\u00fade atrav\u00e9s da realiza\u00e7\u00e3o de an\u00e1lises capazes de predizer o uso de diferentes servi\u00e7os de sa\u00fade. Assim, este projeto objetiva avaliar a performance preditiva de diferentes algoritmos de\u00a0<i data-stringify-type=\"italic\">machine learning<\/i> e estimar o efeito de padr\u00f5es de multimorbidade no uso de servi\u00e7os de sa\u00fade incluindo servi\u00e7os de aten\u00e7\u00e3o prim\u00e1ria, consulta m\u00e9dica, urg\u00eancia e emerg\u00eancia e hospitaliza\u00e7\u00e3o. Para isso, ser\u00e3o analisados dados do Estudo Longitudinal de Sa\u00fade dos Idosos Brasileiros (ELSI) o qual, em 2015-16, entrevistou 9.412 idosos em todas as cinco macrorregi\u00f5es do pa\u00eds. Caso o estudo seja bem-sucedido, pretende-se testar a aplicabilidade e aceita\u00e7\u00e3o do uso desses algoritmos na pr\u00e1tica para auxiliar profissionais de sa\u00fade na tomada de decis\u00e3o e classifica\u00e7\u00e3o de risco em diferentes contextos do sistema de sa\u00fade. Estrat\u00e9gias de difus\u00e3o dos conhecimentos ser\u00e3o utilizadas para aumentar a capacidade do estudo em produzir inova\u00e7\u00f5es para a organiza\u00e7\u00e3o do sistema e servi\u00e7os de sa\u00fade. <strong>Financiamento: FAPERGS.<\/strong><\/p>\n<p style=\"text-align: justify\"><strong>Coordenador: <a href=\"https:\/\/wp.ufpel.edu.br\/gbem\/curriculo-bruno\/\">Bruno Pereira Nunes<\/a> | Universidade Federal de Pelotas<\/strong><\/p>\n<p><img loading=\"lazy\" decoding=\"async\" class=\"alignnone size-full wp-image-1209\" src=\"https:\/\/wp.ufpel.edu.br\/gbem\/files\/2020\/06\/Projetos-de-Pesquisa-GBEM-2-1.png\" alt=\"\" width=\"1024\" height=\"226\" srcset=\"https:\/\/wp.ufpel.edu.br\/gbem\/files\/2020\/06\/Projetos-de-Pesquisa-GBEM-2-1.png 1024w, https:\/\/wp.ufpel.edu.br\/gbem\/files\/2020\/06\/Projetos-de-Pesquisa-GBEM-2-1-424x94.png 424w, https:\/\/wp.ufpel.edu.br\/gbem\/files\/2020\/06\/Projetos-de-Pesquisa-GBEM-2-1-212x47.png 212w, https:\/\/wp.ufpel.edu.br\/gbem\/files\/2020\/06\/Projetos-de-Pesquisa-GBEM-2-1-768x170.png 768w\" sizes=\"auto, (max-width: 1024px) 100vw, 1024px\" \/><\/p>\n<p style=\"text-align: justify\">Este estudo tem como base trabalho de pesquisa de delineamento transversal ocorrido na cidade de Pelotas, RS, no ano de 2014, com 1451 indiv\u00edduos de 60 anos ou mais. Em decorr\u00eancia das peculiaridades da popula\u00e7\u00e3o idosa do sul pa\u00eds em compara\u00e7\u00e3o ao observado em outros locais do Brasil e do mundo, justifica-se a observa\u00e7\u00e3o da ocorr\u00eancia de desfechos relacionados \u00e0 sa\u00fade na amostra j\u00e1 previamente estudada. A partir disso, ser\u00e1 poss\u00edvel avaliar o impacto, de maneira temporalmente correta, de quest\u00f5es observadas no primeiro momento sobre a frequ\u00eancia e categorias de tais desfechos, bem como a mudan\u00e7a observadas nesses relacionadas ao processo de envelhecimento. O estudo teve um primeiro acompanhamento em 2016-7 e a terceira entrevista est\u00e1 ocorrendo em 2019. Em 2016-7 foram localizados e entrevistados 89,9% dos idosos, incluindo 145 \u00f3bitos. Est\u00e3o previstas aproximadamente 1000 entrevistas no acompanhamento de 2019-20. Est\u00e3o sendo avaliados longitudinalmente assuntos como sarcopenia, estado nutricional, multimorbidade, fragilidade, depress\u00e3o, hospitaliza\u00e7\u00f5es, atividade f\u00edsica, tabagismo, consumo alimentar, risco nutritional, sa\u00fade bucal, quedas e fraturas e capacidade funcional.<\/p>\n<p style=\"text-align: justify\"><strong>Coordenadora:<\/strong> <strong><a href=\"https:\/\/wp.ufpel.edu.br\/gbem\/renata-moraes-bielemann\/\">Renata Moraes Bielemann<\/a> | Universidade Federal de Pelotas<\/strong><\/p>\n<p><img loading=\"lazy\" decoding=\"async\" class=\"alignnone size-full wp-image-1484\" src=\"https:\/\/wp.ufpel.edu.br\/gbem\/files\/2020\/07\/Projetos-de-Pesquisa-GBEM-2.png\" alt=\"\" width=\"1022\" height=\"225\" srcset=\"https:\/\/wp.ufpel.edu.br\/gbem\/files\/2020\/07\/Projetos-de-Pesquisa-GBEM-2.png 1022w, https:\/\/wp.ufpel.edu.br\/gbem\/files\/2020\/07\/Projetos-de-Pesquisa-GBEM-2-424x93.png 424w, https:\/\/wp.ufpel.edu.br\/gbem\/files\/2020\/07\/Projetos-de-Pesquisa-GBEM-2-212x47.png 212w, https:\/\/wp.ufpel.edu.br\/gbem\/files\/2020\/07\/Projetos-de-Pesquisa-GBEM-2-768x169.png 768w\" sizes=\"auto, (max-width: 1022px) 100vw, 1022px\" \/><\/p>\n<p style=\"text-align: justify\">Estudo de coorte constitu\u00eddo a partir de estudo transversal de base populacional sobre a capacidade de resposta dos servi\u00e7os de aten\u00e7\u00e3o prim\u00e1ria \u00e0 sa\u00fade na aten\u00e7\u00e3o domiciliar. Em 2008 foram entrevistados 1.593 indiv\u00edduos com 60 anos ou mais de idade residentes na \u00e1rea de abrang\u00eancia dos vinte servi\u00e7os de aten\u00e7\u00e3o prim\u00e1ria \u00e0 sa\u00fade da zona urbana do munic\u00edpio de Bag\u00e9, RS. No acompanhamento realizado em 2016\/ 2017, 83,9% dos idosos foram localizados, o que possibilitou\u00a0a identifica\u00e7\u00e3o da incid\u00eancia de doen\u00e7as cr\u00f4nicas n\u00e3o-transmiss\u00edveis, agravos e s\u00edndromes geri\u00e1tricas e modifica\u00e7\u00f5es na rede de apoio social. A coorte investiga a utiliza\u00e7\u00e3o de servi\u00e7os de aten\u00e7\u00e3o b\u00e1sica \u00e0 sa\u00fade, consult\u00f3rios privados, ambulatoriais, aten\u00e7\u00e3o domiciliar, urg\u00eancia, emerg\u00eancia e hospitaliza\u00e7\u00e3o. Constitui-se no primeiro estudo longitudinal brasileiro sobre envelhecimento com \u00eanfase na aten\u00e7\u00e3o prim\u00e1ria \u00e0 sa\u00fade, com possibilidade de verificar o efeito da Estrat\u00e9gia Sa\u00fade da Fam\u00edlia nos desfechos em estudo. Outro diferencial \u00e9 a possibilidade de verificar a taxa de mortalidade e as principais causas de \u00f3bito entre os indiv\u00edduos expostos aos diferentes modelos assistenciais com destaque \u00e0 import\u00e2ncia da estrat\u00e9gia de sa\u00fada da fam\u00edlia na promo\u00e7\u00e3o da equidade em um contexto de importantes desigualdades socioecon\u00f4micas.<\/p>\n<p><strong>Coordenadora: <a href=\"https:\/\/wp.ufpel.edu.br\/gbem\/integrantes-do-grupo\/pesquisadores\/elaine-thume\/\">Elaine Thum\u00e9<\/a> | Universidade Federal de Pelotas<\/strong><\/p>\n","protected":false},"excerpt":{"rendered":"<p>As doen\u00e7as cr\u00f4nicas n\u00e3o-transmiss\u00edveis (DCNT) s\u00e3o a principal causa de morte e incapacidades no mundo e no Brasil. Contudo, no Brasil, o impacto das DCNT \u00e9 potencializado devido as r\u00e1pidas transi\u00e7\u00f5es demogr\u00e1fica e epidemiol\u00f3gica tornando o sistema de sa\u00fade menos preparado para atender a demanda crescente de pessoas com DCNT. Nesse contexto, a multimorbidade &#8211;&hellip;<\/p>\n","protected":false},"author":682,"featured_media":0,"parent":0,"menu_order":7,"comment_status":"closed","ping_status":"closed","template":"","meta":{"jetpack_post_was_ever_published":false,"footnotes":""},"class_list":["post-775","page","type-page","status-publish","hentry"],"jetpack_sharing_enabled":true,"jetpack_shortlink":"https:\/\/wp.me\/P8Mo6O-cv","_links":{"self":[{"href":"https:\/\/wp.ufpel.edu.br\/gbem\/wp-json\/wp\/v2\/pages\/775","targetHints":{"allow":["GET"]}}],"collection":[{"href":"https:\/\/wp.ufpel.edu.br\/gbem\/wp-json\/wp\/v2\/pages"}],"about":[{"href":"https:\/\/wp.ufpel.edu.br\/gbem\/wp-json\/wp\/v2\/types\/page"}],"author":[{"embeddable":true,"href":"https:\/\/wp.ufpel.edu.br\/gbem\/wp-json\/wp\/v2\/users\/682"}],"replies":[{"embeddable":true,"href":"https:\/\/wp.ufpel.edu.br\/gbem\/wp-json\/wp\/v2\/comments?post=775"}],"version-history":[{"count":27,"href":"https:\/\/wp.ufpel.edu.br\/gbem\/wp-json\/wp\/v2\/pages\/775\/revisions"}],"predecessor-version":[{"id":1539,"href":"https:\/\/wp.ufpel.edu.br\/gbem\/wp-json\/wp\/v2\/pages\/775\/revisions\/1539"}],"wp:attachment":[{"href":"https:\/\/wp.ufpel.edu.br\/gbem\/wp-json\/wp\/v2\/media?parent=775"}],"curies":[{"name":"wp","href":"https:\/\/api.w.org\/{rel}","templated":true}]}}