{"id":551,"date":"2018-01-10T11:54:10","date_gmt":"2018-01-10T13:54:10","guid":{"rendered":"https:\/\/wp.ufpel.edu.br\/gbem\/?page_id=551"},"modified":"2020-08-14T14:48:33","modified_gmt":"2020-08-14T17:48:33","slug":"coordenadores","status":"publish","type":"page","link":"https:\/\/wp.ufpel.edu.br\/gbem\/integrantes-do-grupo\/coordenadores\/","title":{"rendered":"Coordenadores"},"content":{"rendered":"<h3>Coordenadores cient\u00edficos<\/h3>\n<p><strong>Bruno Pereira Nunes | <\/strong><a href=\"https:\/\/wp.ufpel.edu.br\/gbem\/integrantes-do-grupo\/coordenadores\/curriculo-bruno\/\">Quem sou eu<\/a> \u00a0<a href=\"http:\/\/buscatextual.cnpq.br\/buscatextual\/visualizacv.do?id=K4272806U9\">Lattes<\/a><\/p>\n<p><strong>Doralice Severo da Cruz |\u00a0<\/strong><a href=\"https:\/\/wp.ufpel.edu.br\/gbem\/integrantes-do-grupo\/coordenadores\/doralice-severo-da-cruz\/\">Quem sou eu<\/a>\u00a0\u00a0<a href=\"http:\/\/lattes.cnpq.br\/5163304057252966\">Lattes<\/a><\/p>\n<p><strong>Sandro Rodrigues Batista |<\/strong> <a href=\"https:\/\/wp.ufpel.edu.br\/gbem\/integrantes-do-grupo\/coordenadores\/sandro-rodrigues-batista\/\">Quem sou eu<\/a> \u00a0<a href=\"http:\/\/lattes.cnpq.br\/0635277135921573\">Lattes<\/a><\/p>\n<h3>Coordenadora de produ\u00e7\u00e3o cient\u00edfica<\/h3>\n<p><strong>Ana Paula dos Santos Rodrigues<\/strong> <strong>|<\/strong> <a href=\"https:\/\/wp.ufpel.edu.br\/gbem\/integrantes-do-grupo\/pesquisadores\/ana-paula-dos-santos-rodrigues\/\">Quem sou eu<\/a>\u00a0 <a href=\"http:\/\/lattes.cnpq.br\/0391919144390610\">Lattes<\/a><\/p>\n<h3>Colaboradora de produ\u00e7\u00e3o de conte\u00fado para m\u00eddias sociais<\/h3>\n<p><b>Nat\u00e1lia Martins Flores |<\/b> <a href=\"https:\/\/wp.ufpel.edu.br\/gbem\/integrantes-do-grupo\/coordenadores\/natalia-martins-flores\/\">Quem sou eu<\/a><span style=\"float: none;background-color: transparent;color: #404040;cursor: text;font-family: 'Helvetica Neue',Helvetica,Arial,sans-serif;font-size: 13px;font-style: normal;font-variant: normal;font-weight: 300;letter-spacing: normal;text-align: left;text-decoration: none;text-indent: 0px\"> \u00a0<\/span><a href=\"http:\/\/lattes.cnpq.br\/0569550558569866\">Lattes<\/a><\/p>\n","protected":false},"excerpt":{"rendered":"<p>Coordenadores cient\u00edficos Bruno Pereira Nunes | Quem sou eu \u00a0Lattes Doralice Severo da Cruz |\u00a0Quem sou eu\u00a0\u00a0Lattes Sandro Rodrigues Batista | Quem sou eu \u00a0Lattes Coordenadora de produ\u00e7\u00e3o cient\u00edfica Ana Paula dos Santos Rodrigues | Quem sou eu\u00a0 Lattes Colaboradora de produ\u00e7\u00e3o de conte\u00fado para m\u00eddias sociais Nat\u00e1lia Martins Flores | Quem sou eu \u00a0Lattes<\/p>\n","protected":false},"author":682,"featured_media":0,"parent":2,"menu_order":0,"comment_status":"closed","ping_status":"closed","template":"","meta":{"jetpack_post_was_ever_published":false,"footnotes":""},"class_list":["post-551","page","type-page","status-publish","hentry"],"jetpack_sharing_enabled":true,"jetpack_shortlink":"https:\/\/wp.me\/P8Mo6O-8T","_links":{"self":[{"href":"https:\/\/wp.ufpel.edu.br\/gbem\/wp-json\/wp\/v2\/pages\/551","targetHints":{"allow":["GET"]}}],"collection":[{"href":"https:\/\/wp.ufpel.edu.br\/gbem\/wp-json\/wp\/v2\/pages"}],"about":[{"href":"https:\/\/wp.ufpel.edu.br\/gbem\/wp-json\/wp\/v2\/types\/page"}],"author":[{"embeddable":true,"href":"https:\/\/wp.ufpel.edu.br\/gbem\/wp-json\/wp\/v2\/users\/682"}],"replies":[{"embeddable":true,"href":"https:\/\/wp.ufpel.edu.br\/gbem\/wp-json\/wp\/v2\/comments?post=551"}],"version-history":[{"count":12,"href":"https:\/\/wp.ufpel.edu.br\/gbem\/wp-json\/wp\/v2\/pages\/551\/revisions"}],"predecessor-version":[{"id":1545,"href":"https:\/\/wp.ufpel.edu.br\/gbem\/wp-json\/wp\/v2\/pages\/551\/revisions\/1545"}],"up":[{"embeddable":true,"href":"https:\/\/wp.ufpel.edu.br\/gbem\/wp-json\/wp\/v2\/pages\/2"}],"wp:attachment":[{"href":"https:\/\/wp.ufpel.edu.br\/gbem\/wp-json\/wp\/v2\/media?parent=551"}],"curies":[{"name":"wp","href":"https:\/\/api.w.org\/{rel}","templated":true}]}}