{"id":506,"date":"2017-12-05T17:36:21","date_gmt":"2017-12-05T19:36:21","guid":{"rendered":"https:\/\/wp.ufpel.edu.br\/gbem\/?page_id=506"},"modified":"2019-05-08T12:40:02","modified_gmt":"2019-05-08T15:40:02","slug":"natalia-martins-flores","status":"publish","type":"page","link":"https:\/\/wp.ufpel.edu.br\/gbem\/integrantes-do-grupo\/coordenadores\/natalia-martins-flores\/","title":{"rendered":"Nat\u00e1lia Martins Flores"},"content":{"rendered":"<p><img loading=\"lazy\" decoding=\"async\" class=\"size-medium wp-image-508 alignleft\" src=\"https:\/\/wp.ufpel.edu.br\/gbem\/files\/2017\/12\/15966263_10211755306348778_3130104166626622845_n-318x318.jpg\" alt=\"\" width=\"318\" height=\"318\" srcset=\"https:\/\/wp.ufpel.edu.br\/gbem\/files\/2017\/12\/15966263_10211755306348778_3130104166626622845_n-318x318.jpg 318w, https:\/\/wp.ufpel.edu.br\/gbem\/files\/2017\/12\/15966263_10211755306348778_3130104166626622845_n-159x159.jpg 159w, https:\/\/wp.ufpel.edu.br\/gbem\/files\/2017\/12\/15966263_10211755306348778_3130104166626622845_n-768x768.jpg 768w, https:\/\/wp.ufpel.edu.br\/gbem\/files\/2017\/12\/15966263_10211755306348778_3130104166626622845_n-50x50.jpg 50w, https:\/\/wp.ufpel.edu.br\/gbem\/files\/2017\/12\/15966263_10211755306348778_3130104166626622845_n.jpg 960w\" sizes=\"auto, (max-width: 318px) 100vw, 318px\" \/><b>Jornalista e pesquisadora de Comunica\u00e7\u00e3o| <a href=\"http:\/\/lattes.cnpq.br\/0569550558569866\">Lattes<\/a><\/b><\/p>\n<p>Doutora em Comunica\u00e7\u00e3o pela Universidade Federal de Pernambuco (UFPE), mestre em Comunica\u00e7\u00e3o pela Universidade Federal de Santa Maria (UFSM), Nat\u00e1lia desenvolve pesquisas sobre Divulga\u00e7\u00e3o Cient\u00edfica e Jornalismo Cient\u00edfico. No seu doutorado, pesquisou a imagem constru\u00edda por cientistas em blogs de ci\u00eancia.<\/p>\n<p>No GBEM, tem interesse em desenvolver atividades de divulga\u00e7\u00e3o cient\u00edfica e instruir os outros integrantes na produ\u00e7\u00e3o de conte\u00fado para m\u00eddias sociais.<\/p>\n<p><strong>#Divulga\u00e7\u00e3o Cient\u00edfica \u00a0\u00a0 #Cientistas e M\u00eddias sociais<\/strong><\/p>\n<p><a href=\"https:\/\/ufpe.academia.edu\/NataliaFlores\">Perfil Academia<\/a><\/p>\n","protected":false},"excerpt":{"rendered":"<p>Jornalista e pesquisadora de Comunica\u00e7\u00e3o| Lattes Doutora em Comunica\u00e7\u00e3o pela Universidade Federal de Pernambuco (UFPE), mestre em Comunica\u00e7\u00e3o pela Universidade Federal de Santa Maria (UFSM), Nat\u00e1lia desenvolve pesquisas sobre Divulga\u00e7\u00e3o Cient\u00edfica e Jornalismo Cient\u00edfico. No seu doutorado, pesquisou a imagem constru\u00edda por cientistas em blogs de ci\u00eancia. No GBEM, tem interesse em desenvolver atividades de&hellip;<\/p>\n","protected":false},"author":682,"featured_media":0,"parent":551,"menu_order":0,"comment_status":"closed","ping_status":"closed","template":"","meta":{"jetpack_post_was_ever_published":false,"footnotes":""},"class_list":["post-506","page","type-page","status-publish","hentry"],"jetpack_sharing_enabled":true,"jetpack_shortlink":"https:\/\/wp.me\/P8Mo6O-8a","_links":{"self":[{"href":"https:\/\/wp.ufpel.edu.br\/gbem\/wp-json\/wp\/v2\/pages\/506","targetHints":{"allow":["GET"]}}],"collection":[{"href":"https:\/\/wp.ufpel.edu.br\/gbem\/wp-json\/wp\/v2\/pages"}],"about":[{"href":"https:\/\/wp.ufpel.edu.br\/gbem\/wp-json\/wp\/v2\/types\/page"}],"author":[{"embeddable":true,"href":"https:\/\/wp.ufpel.edu.br\/gbem\/wp-json\/wp\/v2\/users\/682"}],"replies":[{"embeddable":true,"href":"https:\/\/wp.ufpel.edu.br\/gbem\/wp-json\/wp\/v2\/comments?post=506"}],"version-history":[{"count":7,"href":"https:\/\/wp.ufpel.edu.br\/gbem\/wp-json\/wp\/v2\/pages\/506\/revisions"}],"predecessor-version":[{"id":517,"href":"https:\/\/wp.ufpel.edu.br\/gbem\/wp-json\/wp\/v2\/pages\/506\/revisions\/517"}],"up":[{"embeddable":true,"href":"https:\/\/wp.ufpel.edu.br\/gbem\/wp-json\/wp\/v2\/pages\/551"}],"wp:attachment":[{"href":"https:\/\/wp.ufpel.edu.br\/gbem\/wp-json\/wp\/v2\/media?parent=506"}],"curies":[{"name":"wp","href":"https:\/\/api.w.org\/{rel}","templated":true}]}}