{"id":36,"date":"2017-04-17T15:30:30","date_gmt":"2017-04-17T18:30:30","guid":{"rendered":"https:\/\/wp.ufpel.edu.br\/gbem\/?page_id=36"},"modified":"2020-07-16T20:28:07","modified_gmt":"2020-07-16T23:28:07","slug":"publicacoes-de-integrantes-do-gbem","status":"publish","type":"page","link":"https:\/\/wp.ufpel.edu.br\/gbem\/publicacoes-de-integrantes-do-gbem\/","title":{"rendered":"Publica\u00e7\u00f5es"},"content":{"rendered":"<p>Nesse menu s\u00e3o publicados artigos cient\u00edficos, cap\u00edtulos de livros e trabalhos acad\u00eamicos (TCC&#8217;s, disserta\u00e7\u00f5es e teses) que foram produzidos pelos pesquisadores do grupo.<\/p>\n","protected":false},"excerpt":{"rendered":"<p>Nesse menu s\u00e3o publicados artigos cient\u00edficos, cap\u00edtulos de livros e trabalhos acad\u00eamicos (TCC&#8217;s, disserta\u00e7\u00f5es e teses) que foram produzidos pelos pesquisadores do grupo.<\/p>\n","protected":false},"author":682,"featured_media":0,"parent":0,"menu_order":5,"comment_status":"closed","ping_status":"closed","template":"","meta":{"jetpack_post_was_ever_published":false,"footnotes":""},"class_list":["post-36","page","type-page","status-publish","hentry"],"jetpack_sharing_enabled":true,"jetpack_shortlink":"https:\/\/wp.me\/P8Mo6O-A","_links":{"self":[{"href":"https:\/\/wp.ufpel.edu.br\/gbem\/wp-json\/wp\/v2\/pages\/36","targetHints":{"allow":["GET"]}}],"collection":[{"href":"https:\/\/wp.ufpel.edu.br\/gbem\/wp-json\/wp\/v2\/pages"}],"about":[{"href":"https:\/\/wp.ufpel.edu.br\/gbem\/wp-json\/wp\/v2\/types\/page"}],"author":[{"embeddable":true,"href":"https:\/\/wp.ufpel.edu.br\/gbem\/wp-json\/wp\/v2\/users\/682"}],"replies":[{"embeddable":true,"href":"https:\/\/wp.ufpel.edu.br\/gbem\/wp-json\/wp\/v2\/comments?post=36"}],"version-history":[{"count":33,"href":"https:\/\/wp.ufpel.edu.br\/gbem\/wp-json\/wp\/v2\/pages\/36\/revisions"}],"predecessor-version":[{"id":1511,"href":"https:\/\/wp.ufpel.edu.br\/gbem\/wp-json\/wp\/v2\/pages\/36\/revisions\/1511"}],"wp:attachment":[{"href":"https:\/\/wp.ufpel.edu.br\/gbem\/wp-json\/wp\/v2\/media?parent=36"}],"curies":[{"name":"wp","href":"https:\/\/api.w.org\/{rel}","templated":true}]}}