{"id":314,"date":"2017-10-23T19:37:03","date_gmt":"2017-10-23T21:37:03","guid":{"rendered":"https:\/\/wp.ufpel.edu.br\/gbem\/?page_id=314"},"modified":"2018-01-10T11:57:15","modified_gmt":"2018-01-10T13:57:15","slug":"sandro-rodrigues-batista","status":"publish","type":"page","link":"https:\/\/wp.ufpel.edu.br\/gbem\/integrantes-do-grupo\/coordenadores\/sandro-rodrigues-batista\/","title":{"rendered":"Sandro Rodrigues Batista"},"content":{"rendered":"<p><img loading=\"lazy\" decoding=\"async\" class=\"size-medium wp-image-316 alignleft\" src=\"https:\/\/wp.ufpel.edu.br\/gbem\/files\/2017\/10\/sandro-229x318.jpg\" alt=\"\" width=\"229\" height=\"318\" srcset=\"https:\/\/wp.ufpel.edu.br\/gbem\/files\/2017\/10\/sandro-229x318.jpg 229w, https:\/\/wp.ufpel.edu.br\/gbem\/files\/2017\/10\/sandro-115x159.jpg 115w, https:\/\/wp.ufpel.edu.br\/gbem\/files\/2017\/10\/sandro.jpg 384w\" sizes=\"auto, (max-width: 229px) 100vw, 229px\" \/><\/p>\n<p><strong>L\u00edder do GBEM<\/strong><\/p>\n<p><strong>Professor da Faculdade de Medicina da Universidade Federal de Goi\u00e1s | <\/strong><a href=\"http:\/\/lattes.cnpq.br\/0635277135921573\">Lattes<\/a><\/p>\n<p>&nbsp;<\/p>\n<p>Sandro \u00e9 m\u00e9dico de Fam\u00edlia e Comunidade, Mestre e Doutorando em Ci\u00eancias da Sa\u00fade (UFG). Professor da Faculdade de Medicina (UFG). Membro do Comit\u00ea Gestor da Rede Brasileira de Pesquisa em APS. Diretor de Pesquisa da Sociedade Brasileira de Medicina de Fam\u00edlia e Comunidade (SBMFC). Tem interesses em aspectos de multimorbidade relacionados ao manejo cl\u00ednico, condi\u00e7\u00f5es de sa\u00fade mental e forma\u00e7\u00e3o. Como l\u00edder do GBEM, pretende estabelecer redes de colabora\u00e7\u00e3o internacional.<\/p>\n<p><strong>#manejo cl\u00ednico\u00a0 #condi\u00e7\u00f5es de sa\u00fade mental\u00a0 \u00a0#forma\u00e7\u00e3o<\/strong><\/p>\n","protected":false},"excerpt":{"rendered":"<p>L\u00edder do GBEM Professor da Faculdade de Medicina da Universidade Federal de Goi\u00e1s | Lattes &nbsp; Sandro \u00e9 m\u00e9dico de Fam\u00edlia e Comunidade, Mestre e Doutorando em Ci\u00eancias da Sa\u00fade (UFG). Professor da Faculdade de Medicina (UFG). Membro do Comit\u00ea Gestor da Rede Brasileira de Pesquisa em APS. Diretor de Pesquisa da Sociedade Brasileira de&hellip;<\/p>\n","protected":false},"author":682,"featured_media":0,"parent":551,"menu_order":5,"comment_status":"closed","ping_status":"closed","template":"","meta":{"jetpack_post_was_ever_published":false,"footnotes":""},"class_list":["post-314","page","type-page","status-publish","hentry"],"jetpack_sharing_enabled":true,"jetpack_shortlink":"https:\/\/wp.me\/P8Mo6O-54","_links":{"self":[{"href":"https:\/\/wp.ufpel.edu.br\/gbem\/wp-json\/wp\/v2\/pages\/314","targetHints":{"allow":["GET"]}}],"collection":[{"href":"https:\/\/wp.ufpel.edu.br\/gbem\/wp-json\/wp\/v2\/pages"}],"about":[{"href":"https:\/\/wp.ufpel.edu.br\/gbem\/wp-json\/wp\/v2\/types\/page"}],"author":[{"embeddable":true,"href":"https:\/\/wp.ufpel.edu.br\/gbem\/wp-json\/wp\/v2\/users\/682"}],"replies":[{"embeddable":true,"href":"https:\/\/wp.ufpel.edu.br\/gbem\/wp-json\/wp\/v2\/comments?post=314"}],"version-history":[{"count":1,"href":"https:\/\/wp.ufpel.edu.br\/gbem\/wp-json\/wp\/v2\/pages\/314\/revisions"}],"predecessor-version":[{"id":317,"href":"https:\/\/wp.ufpel.edu.br\/gbem\/wp-json\/wp\/v2\/pages\/314\/revisions\/317"}],"up":[{"embeddable":true,"href":"https:\/\/wp.ufpel.edu.br\/gbem\/wp-json\/wp\/v2\/pages\/551"}],"wp:attachment":[{"href":"https:\/\/wp.ufpel.edu.br\/gbem\/wp-json\/wp\/v2\/media?parent=314"}],"curies":[{"name":"wp","href":"https:\/\/api.w.org\/{rel}","templated":true}]}}