{"id":310,"date":"2017-10-23T19:31:12","date_gmt":"2017-10-23T21:31:12","guid":{"rendered":"https:\/\/wp.ufpel.edu.br\/gbem\/?page_id=310"},"modified":"2020-06-28T21:59:48","modified_gmt":"2020-06-29T00:59:48","slug":"roxana-isabel-cardozo-gonzales","status":"publish","type":"page","link":"https:\/\/wp.ufpel.edu.br\/gbem\/integrantes-do-grupo\/pesquisadores\/roxana-isabel-cardozo-gonzales\/","title":{"rendered":"Roxana Isabel Cardozo Gonzales"},"content":{"rendered":"<p><img loading=\"lazy\" decoding=\"async\" class=\"size-medium wp-image-312 alignright\" src=\"https:\/\/wp.ufpel.edu.br\/gbem\/files\/2017\/10\/roxana-318x318.png\" alt=\"\" width=\"318\" height=\"318\" srcset=\"https:\/\/wp.ufpel.edu.br\/gbem\/files\/2017\/10\/roxana-318x318.png 318w, https:\/\/wp.ufpel.edu.br\/gbem\/files\/2017\/10\/roxana-159x159.png 159w, https:\/\/wp.ufpel.edu.br\/gbem\/files\/2017\/10\/roxana-50x50.png 50w, https:\/\/wp.ufpel.edu.br\/gbem\/files\/2017\/10\/roxana.png 640w\" sizes=\"auto, (max-width: 318px) 100vw, 318px\" \/><\/p>\n<p style=\"text-align: justify\"><strong>Professora de Enfermagem da UFPel | <\/strong><a href=\"http:\/\/lattes.cnpq.br\/9433866515781707\">Lattes<\/a><\/p>\n<p style=\"text-align: justify\">Roxana \u00e9 p\u00f3s-doutora em Enfermagem Sa\u00fade P\u00fablica pela Escola de Enfermagem de Ribeir\u00e3o Preto da Universidade de S\u00e3o Paulo \u2013 EERP\/USP. Professora Associada da Faculdade de Enfermagem da Universidade Federal de Goias &#8211; UFG. Professora credenciada no Programa de P\u00f3s-gradua\u00e7\u00e3o em Enfermagem da Universidade Federal de Pelotas-UFPel. Tem experi\u00eancia na \u00e1rea de Sa\u00fade Coletiva, com \u00eanfase nos seguintes temas: avalia\u00e7\u00e3o da aten\u00e7\u00e3o \u00e0s pessoas com tuberculose em servi\u00e7os de aten\u00e7\u00e3o prim\u00e1ria, sistemas de informa\u00e7\u00e3o em sa\u00fade e tuberculose, avalia\u00e7\u00e3o das a\u00e7\u00f5es e servi\u00e7os de aten\u00e7\u00e3o prim\u00e1ria \u00e0 sa\u00fade e gest\u00e3o dos servi\u00e7os de sa\u00fade, avalia\u00e7\u00e3o da aten\u00e7\u00e3o \u00e0s condi\u00e7\u00f5es cr\u00f4nicas n\u00e3o transmiss\u00edveis.<\/p>\n<p style=\"text-align: justify\">Seu principal objetivo no GBEM \u00e9 avan\u00e7ar no conhecimento das multimorbidade com \u00eanfase nas doen\u00e7as associadas a tuberculose.<\/p>\n<p style=\"text-align: justify\"><strong>#multimorbidades e tuberculose<\/strong><\/p>\n<p>&nbsp;<\/p>\n","protected":false},"excerpt":{"rendered":"<p>Professora de Enfermagem da UFPel | Lattes Roxana \u00e9 p\u00f3s-doutora em Enfermagem Sa\u00fade P\u00fablica pela Escola de Enfermagem de Ribeir\u00e3o Preto da Universidade de S\u00e3o Paulo \u2013 EERP\/USP. Professora Associada da Faculdade de Enfermagem da Universidade Federal de Goias &#8211; UFG. Professora credenciada no Programa de P\u00f3s-gradua\u00e7\u00e3o em Enfermagem da Universidade Federal de Pelotas-UFPel. Tem&hellip;<\/p>\n","protected":false},"author":682,"featured_media":0,"parent":538,"menu_order":0,"comment_status":"closed","ping_status":"closed","template":"","meta":{"jetpack_post_was_ever_published":false,"footnotes":""},"class_list":["post-310","page","type-page","status-publish","hentry"],"jetpack_sharing_enabled":true,"jetpack_shortlink":"https:\/\/wp.me\/P8Mo6O-50","_links":{"self":[{"href":"https:\/\/wp.ufpel.edu.br\/gbem\/wp-json\/wp\/v2\/pages\/310","targetHints":{"allow":["GET"]}}],"collection":[{"href":"https:\/\/wp.ufpel.edu.br\/gbem\/wp-json\/wp\/v2\/pages"}],"about":[{"href":"https:\/\/wp.ufpel.edu.br\/gbem\/wp-json\/wp\/v2\/types\/page"}],"author":[{"embeddable":true,"href":"https:\/\/wp.ufpel.edu.br\/gbem\/wp-json\/wp\/v2\/users\/682"}],"replies":[{"embeddable":true,"href":"https:\/\/wp.ufpel.edu.br\/gbem\/wp-json\/wp\/v2\/comments?post=310"}],"version-history":[{"count":3,"href":"https:\/\/wp.ufpel.edu.br\/gbem\/wp-json\/wp\/v2\/pages\/310\/revisions"}],"predecessor-version":[{"id":1335,"href":"https:\/\/wp.ufpel.edu.br\/gbem\/wp-json\/wp\/v2\/pages\/310\/revisions\/1335"}],"up":[{"embeddable":true,"href":"https:\/\/wp.ufpel.edu.br\/gbem\/wp-json\/wp\/v2\/pages\/538"}],"wp:attachment":[{"href":"https:\/\/wp.ufpel.edu.br\/gbem\/wp-json\/wp\/v2\/media?parent=310"}],"curies":[{"name":"wp","href":"https:\/\/api.w.org\/{rel}","templated":true}]}}