{"id":305,"date":"2017-10-23T19:19:22","date_gmt":"2017-10-23T21:19:22","guid":{"rendered":"https:\/\/wp.ufpel.edu.br\/gbem\/?page_id=305"},"modified":"2020-06-29T14:49:10","modified_gmt":"2020-06-29T17:49:10","slug":"christian-loret-de-mola-zanatti","status":"publish","type":"page","link":"https:\/\/wp.ufpel.edu.br\/gbem\/integrantes-do-grupo\/pesquisadores\/christian-loret-de-mola-zanatti\/","title":{"rendered":"Christian Loret de Mola Zanatti"},"content":{"rendered":"<p><img loading=\"lazy\" decoding=\"async\" class=\"size-medium wp-image-307 alignleft\" src=\"https:\/\/wp.ufpel.edu.br\/gbem\/files\/2017\/10\/christian-239x318.jpeg\" alt=\"\" width=\"239\" height=\"318\" srcset=\"https:\/\/wp.ufpel.edu.br\/gbem\/files\/2017\/10\/christian-239x318.jpeg 239w, https:\/\/wp.ufpel.edu.br\/gbem\/files\/2017\/10\/christian-119x159.jpeg 119w, https:\/\/wp.ufpel.edu.br\/gbem\/files\/2017\/10\/christian-768x1024.jpeg 768w, https:\/\/wp.ufpel.edu.br\/gbem\/files\/2017\/10\/christian.jpeg 960w\" sizes=\"auto, (max-width: 239px) 100vw, 239px\" \/><\/p>\n<p style=\"text-align: justify\"><b>Professor do magist\u00e9rio superior da Universidade Federal do Rio Grande | <\/b><a href=\"http:\/\/lattes.cnpq.br\/8242045446214833\">Lattes<\/a><\/p>\n<p style=\"text-align: justify\">\n<p style=\"text-align: justify\">Christian possui gradua\u00e7\u00e3o em Medicina Humana &#8211; Universidad Peruana Cayetano Heredia &#8211; UPCH (2007), mestrado em Epidemiologia Clinica con Menci\u00f3n en M\u00e9todos Cuant &#8211; Universidad Peruana Cayetano Heredia &#8211; UPCH (2010) e doutorado em Epidemiologia pela Universidade Federal de Pelotas (2014). Atualmente \u00e9 professor do magisterio superior da Universidade Federal do Rio Grande, professor permanente do ppgsp da Universidade Federal do Rio Grande, professor colaborador do ppge da Universidade Federal de Pelotas e professor colaborador da pos graduacao em enf da Universidade Federal de Pelotas. Tem experi\u00eancia na \u00e1rea de Sa\u00fade Coletiva, com \u00eanfase em Epidemiologia<\/p>\n<p style=\"text-align: justify\">\n<p style=\"text-align: justify\"><strong>#multimorbidade #sa\u00fadecoletiva<\/strong><\/p>\n<p>&nbsp;<\/p>\n","protected":false},"excerpt":{"rendered":"<p>Professor do magist\u00e9rio superior da Universidade Federal do Rio Grande | Lattes Christian possui gradua\u00e7\u00e3o em Medicina Humana &#8211; Universidad Peruana Cayetano Heredia &#8211; UPCH (2007), mestrado em Epidemiologia Clinica con Menci\u00f3n en M\u00e9todos Cuant &#8211; Universidad Peruana Cayetano Heredia &#8211; UPCH (2010) e doutorado em Epidemiologia pela Universidade Federal de Pelotas (2014). Atualmente \u00e9&hellip;<\/p>\n","protected":false},"author":682,"featured_media":0,"parent":538,"menu_order":0,"comment_status":"closed","ping_status":"closed","template":"","meta":{"_crdt_document":"","footnotes":""},"class_list":["post-305","page","type-page","status-publish","hentry"],"jetpack_sharing_enabled":true,"jetpack_shortlink":"https:\/\/wp.me\/P8Mo6O-4V","_links":{"self":[{"href":"https:\/\/wp.ufpel.edu.br\/gbem\/wp-json\/wp\/v2\/pages\/305","targetHints":{"allow":["GET"]}}],"collection":[{"href":"https:\/\/wp.ufpel.edu.br\/gbem\/wp-json\/wp\/v2\/pages"}],"about":[{"href":"https:\/\/wp.ufpel.edu.br\/gbem\/wp-json\/wp\/v2\/types\/page"}],"author":[{"embeddable":true,"href":"https:\/\/wp.ufpel.edu.br\/gbem\/wp-json\/wp\/v2\/users\/682"}],"replies":[{"embeddable":true,"href":"https:\/\/wp.ufpel.edu.br\/gbem\/wp-json\/wp\/v2\/comments?post=305"}],"version-history":[{"count":3,"href":"https:\/\/wp.ufpel.edu.br\/gbem\/wp-json\/wp\/v2\/pages\/305\/revisions"}],"predecessor-version":[{"id":1354,"href":"https:\/\/wp.ufpel.edu.br\/gbem\/wp-json\/wp\/v2\/pages\/305\/revisions\/1354"}],"up":[{"embeddable":true,"href":"https:\/\/wp.ufpel.edu.br\/gbem\/wp-json\/wp\/v2\/pages\/538"}],"wp:attachment":[{"href":"https:\/\/wp.ufpel.edu.br\/gbem\/wp-json\/wp\/v2\/media?parent=305"}],"curies":[{"name":"wp","href":"https:\/\/api.w.org\/{rel}","templated":true}]}}