{"id":300,"date":"2017-10-23T19:10:31","date_gmt":"2017-10-23T21:10:31","guid":{"rendered":"https:\/\/wp.ufpel.edu.br\/gbem\/?page_id=300"},"modified":"2020-06-29T19:08:05","modified_gmt":"2020-06-29T22:08:05","slug":"juliana-goncalves-reis","status":"publish","type":"page","link":"https:\/\/wp.ufpel.edu.br\/gbem\/integrantes-do-grupo\/pesquisadores\/juliana-goncalves-reis\/","title":{"rendered":"Juliana Gon\u00e7alves Reis"},"content":{"rendered":"<p style=\"text-align: left\"><img loading=\"lazy\" decoding=\"async\" class=\"size-medium wp-image-302 alignleft\" src=\"https:\/\/wp.ufpel.edu.br\/gbem\/files\/2017\/10\/juliana-318x318.jpg\" alt=\"\" width=\"318\" height=\"318\" srcset=\"https:\/\/wp.ufpel.edu.br\/gbem\/files\/2017\/10\/juliana-318x318.jpg 318w, https:\/\/wp.ufpel.edu.br\/gbem\/files\/2017\/10\/juliana-159x159.jpg 159w, https:\/\/wp.ufpel.edu.br\/gbem\/files\/2017\/10\/juliana-50x50.jpg 50w, https:\/\/wp.ufpel.edu.br\/gbem\/files\/2017\/10\/juliana.jpg 612w\" sizes=\"auto, (max-width: 318px) 100vw, 318px\" \/><\/p>\n<p style=\"text-align: justify\"><strong>Doutoranda em Sa\u00fade P\u00fablica e Meio Ambiente, ENSP, Fiocruz\u00a0 | \u00a0<a href=\"http:\/\/lattes.cnpq.br\/6640980792894572\">Lattes<\/a><\/strong><\/p>\n<p style=\"text-align: justify\">Juliana \u00e9 mestre em Sa\u00fade Materno-Infantil, pela Universidade Federal Fluminense, e especialista em Informa\u00e7\u00e3o e Comunica\u00e7\u00e3o Cient\u00edfica. No GBEM, ela tem como objetivo analisar a constru\u00e7\u00e3o e organiza\u00e7\u00e3o do campo de conhecimento em Multimorbidade e Transla\u00e7\u00e3o do conhecimento.<\/p>\n<p>&nbsp;<\/p>\n<p style=\"text-align: justify\"><strong>#campo de conhecimento em multimorbidade<\/strong><\/p>\n<p>&nbsp;<\/p>\n","protected":false},"excerpt":{"rendered":"<p>Doutoranda em Sa\u00fade P\u00fablica e Meio Ambiente, ENSP, Fiocruz\u00a0 | \u00a0Lattes Juliana \u00e9 mestre em Sa\u00fade Materno-Infantil, pela Universidade Federal Fluminense, e especialista em Informa\u00e7\u00e3o e Comunica\u00e7\u00e3o Cient\u00edfica. No GBEM, ela tem como objetivo analisar a constru\u00e7\u00e3o e organiza\u00e7\u00e3o do campo de conhecimento em Multimorbidade e Transla\u00e7\u00e3o do conhecimento. &nbsp; #campo de conhecimento em multimorbidade&hellip;<\/p>\n","protected":false},"author":682,"featured_media":0,"parent":538,"menu_order":0,"comment_status":"closed","ping_status":"closed","template":"","meta":{"jetpack_post_was_ever_published":false,"footnotes":""},"class_list":["post-300","page","type-page","status-publish","hentry"],"jetpack_sharing_enabled":true,"jetpack_shortlink":"https:\/\/wp.me\/P8Mo6O-4Q","_links":{"self":[{"href":"https:\/\/wp.ufpel.edu.br\/gbem\/wp-json\/wp\/v2\/pages\/300","targetHints":{"allow":["GET"]}}],"collection":[{"href":"https:\/\/wp.ufpel.edu.br\/gbem\/wp-json\/wp\/v2\/pages"}],"about":[{"href":"https:\/\/wp.ufpel.edu.br\/gbem\/wp-json\/wp\/v2\/types\/page"}],"author":[{"embeddable":true,"href":"https:\/\/wp.ufpel.edu.br\/gbem\/wp-json\/wp\/v2\/users\/682"}],"replies":[{"embeddable":true,"href":"https:\/\/wp.ufpel.edu.br\/gbem\/wp-json\/wp\/v2\/comments?post=300"}],"version-history":[{"count":4,"href":"https:\/\/wp.ufpel.edu.br\/gbem\/wp-json\/wp\/v2\/pages\/300\/revisions"}],"predecessor-version":[{"id":1427,"href":"https:\/\/wp.ufpel.edu.br\/gbem\/wp-json\/wp\/v2\/pages\/300\/revisions\/1427"}],"up":[{"embeddable":true,"href":"https:\/\/wp.ufpel.edu.br\/gbem\/wp-json\/wp\/v2\/pages\/538"}],"wp:attachment":[{"href":"https:\/\/wp.ufpel.edu.br\/gbem\/wp-json\/wp\/v2\/media?parent=300"}],"curies":[{"name":"wp","href":"https:\/\/api.w.org\/{rel}","templated":true}]}}