{"id":291,"date":"2017-08-21T08:07:32","date_gmt":"2017-08-21T11:07:32","guid":{"rendered":"https:\/\/wp.ufpel.edu.br\/gbem\/?page_id=291"},"modified":"2018-04-03T11:31:22","modified_gmt":"2018-04-03T14:31:22","slug":"philipe-de-souto-barreto","status":"publish","type":"page","link":"https:\/\/wp.ufpel.edu.br\/gbem\/integrantes-do-grupo\/colaboradores-internacionais\/philipe-de-souto-barreto\/","title":{"rendered":"Philipe de Souto Barreto"},"content":{"rendered":"<p><img loading=\"lazy\" decoding=\"async\" class=\"wp-image-293 alignright\" src=\"https:\/\/wp.ufpel.edu.br\/gbem\/files\/2017\/08\/Image2-252x318.jpg\" alt=\"\" width=\"220\" height=\"278\" srcset=\"https:\/\/wp.ufpel.edu.br\/gbem\/files\/2017\/08\/Image2-252x318.jpg 252w, https:\/\/wp.ufpel.edu.br\/gbem\/files\/2017\/08\/Image2-126x159.jpg 126w, https:\/\/wp.ufpel.edu.br\/gbem\/files\/2017\/08\/Image2.jpg 261w\" sizes=\"auto, (max-width: 220px) 100vw, 220px\" \/><\/p>\n<p class=\"m_-7506646445232723817gmail-MsoListParagraphCxSpMiddle\"><strong>Pesquisador<\/strong><\/p>\n<p class=\"m_-7506646445232723817gmail-MsoListParagraphCxSpLast\">Philipe \u00e9 graduado em educa\u00e7\u00e3o f\u00edsica, tem mestrado em Exerc\u00edcio e Sa\u00fade (UNIA, 2007 &#8211; Espanha) e \u00e9 Doutor em Antropologia Biol\u00f3gica, pela Universidade Aix-Marseille, da Fran\u00e7a. Ele trabalha nos \u00faltimos 10 anos no campo de pesquisa de atividade f\u00edsica e exerc\u00edcio para idosos, com foco em estrat\u00e9gias preventivas para um envelhecimento e exerc\u00edcio saud\u00e1veis \u200b\u200bem popula\u00e7\u00f5es cl\u00ednicas (particularmente pessoas com dem\u00eancia). Ele liderou, em 2015, um grupo de trabalho internacional sobre a elabora\u00e7\u00e3o de recomenda\u00e7\u00f5es de exerc\u00edcios para idosos institucionalizados. Seus projetos cient\u00edficos no campo da geriatria foram financiados por institui\u00e7\u00f5es e organiza\u00e7\u00f5es p\u00fablicas na Fran\u00e7a e na Europa. Atualmente, \u00e9 Coordenador Associado do Instituto de Envelhecimento e de Gerontologia do Hospital Universit\u00e1rio de Toulouse (CHU-Toulouse).<\/p>\n<p><strong>#estrat\u00e9gias preventivas para envelhecimento e exerc\u00edcio saud\u00e1veis<\/strong><\/p>\n","protected":false},"excerpt":{"rendered":"<p>Pesquisador Philipe \u00e9 graduado em educa\u00e7\u00e3o f\u00edsica, tem mestrado em Exerc\u00edcio e Sa\u00fade (UNIA, 2007 &#8211; Espanha) e \u00e9 Doutor em Antropologia Biol\u00f3gica, pela Universidade Aix-Marseille, da Fran\u00e7a. Ele trabalha nos \u00faltimos 10 anos no campo de pesquisa de atividade f\u00edsica e exerc\u00edcio para idosos, com foco em estrat\u00e9gias preventivas para um envelhecimento e exerc\u00edcio&hellip;<\/p>\n","protected":false},"author":682,"featured_media":0,"parent":640,"menu_order":0,"comment_status":"closed","ping_status":"closed","template":"","meta":{"jetpack_post_was_ever_published":false,"footnotes":""},"class_list":["post-291","page","type-page","status-publish","hentry"],"jetpack_sharing_enabled":true,"jetpack_shortlink":"https:\/\/wp.me\/P8Mo6O-4H","_links":{"self":[{"href":"https:\/\/wp.ufpel.edu.br\/gbem\/wp-json\/wp\/v2\/pages\/291","targetHints":{"allow":["GET"]}}],"collection":[{"href":"https:\/\/wp.ufpel.edu.br\/gbem\/wp-json\/wp\/v2\/pages"}],"about":[{"href":"https:\/\/wp.ufpel.edu.br\/gbem\/wp-json\/wp\/v2\/types\/page"}],"author":[{"embeddable":true,"href":"https:\/\/wp.ufpel.edu.br\/gbem\/wp-json\/wp\/v2\/users\/682"}],"replies":[{"embeddable":true,"href":"https:\/\/wp.ufpel.edu.br\/gbem\/wp-json\/wp\/v2\/comments?post=291"}],"version-history":[{"count":1,"href":"https:\/\/wp.ufpel.edu.br\/gbem\/wp-json\/wp\/v2\/pages\/291\/revisions"}],"predecessor-version":[{"id":294,"href":"https:\/\/wp.ufpel.edu.br\/gbem\/wp-json\/wp\/v2\/pages\/291\/revisions\/294"}],"up":[{"embeddable":true,"href":"https:\/\/wp.ufpel.edu.br\/gbem\/wp-json\/wp\/v2\/pages\/640"}],"wp:attachment":[{"href":"https:\/\/wp.ufpel.edu.br\/gbem\/wp-json\/wp\/v2\/media?parent=291"}],"curies":[{"name":"wp","href":"https:\/\/api.w.org\/{rel}","templated":true}]}}