{"id":285,"date":"2017-08-21T08:00:49","date_gmt":"2017-08-21T11:00:49","guid":{"rendered":"https:\/\/wp.ufpel.edu.br\/gbem\/?page_id=285"},"modified":"2018-03-13T08:35:58","modified_gmt":"2018-03-13T11:35:58","slug":"jaime-miranda","status":"publish","type":"page","link":"https:\/\/wp.ufpel.edu.br\/gbem\/integrantes-do-grupo\/colaboradores-internacionais\/jaime-miranda\/","title":{"rendered":"Jaime Miranda"},"content":{"rendered":"<p><img loading=\"lazy\" decoding=\"async\" class=\"size-medium wp-image-287 alignright\" src=\"https:\/\/wp.ufpel.edu.br\/gbem\/files\/2017\/08\/Jaime-Miranda-263x318.jpg\" alt=\"\" width=\"263\" height=\"318\" srcset=\"https:\/\/wp.ufpel.edu.br\/gbem\/files\/2017\/08\/Jaime-Miranda-263x318.jpg 263w, https:\/\/wp.ufpel.edu.br\/gbem\/files\/2017\/08\/Jaime-Miranda-131x159.jpg 131w, https:\/\/wp.ufpel.edu.br\/gbem\/files\/2017\/08\/Jaime-Miranda-768x929.jpg 768w, https:\/\/wp.ufpel.edu.br\/gbem\/files\/2017\/08\/Jaime-Miranda.jpg 1844w\" sizes=\"auto, (max-width: 263px) 100vw, 263px\" \/><\/p>\n<p><strong>Professor e pesquisador de Medicina da Universidade Peruana Cayetano Heredia (UPCH)<\/strong><\/p>\n<p>&nbsp;<\/p>\n<p>Jaime Miranda \u00e9 professor e pesquisador no Departamento de Medicina, Escola de Medicina e diretor do CRONICAS \u2013 Centro de Excel\u00eancia em Doen\u00e7as Cr\u00f4nicas, na Universidade Peruana Cayetano Heredia (UPCH), em Lima, Peru. Doutor em Epidemiologia pela London School of Hygiene and Tropycal Medicine, Miranda trabalha com aspectos epidemiol\u00f3gicos e de pol\u00edtica de sa\u00fade de doen\u00e7as cr\u00f4nicas n\u00e3o-comunic\u00e1veis em pa\u00edses emergentes, com \u00eanfase em obesidade, hipertens\u00e3o e diabetes. Jaime atuou como conselheiro para a Associa\u00e7\u00e3o Internacional de Epidemiologia Latino Americana e Caribenha (2011-2014), como Co-presidente do Comit\u00ea Diretor T\u00e9cnico Conjunto da Alian\u00e7a Global para Doen\u00e7as Cr\u00f4nicas e membro do Grupo de Trabalho da Coordena\u00e7\u00e3o Global da Organiza\u00e7\u00e3o Mundial da Sa\u00fade para Preven\u00e7\u00e3o e Controle de Doen\u00e7as N\u00e3o transmiss\u00edveis (2015-2016) e como Presidente do Comit\u00ea Consultivo em Pesquisa em Sa\u00fade da Organiza\u00e7\u00e3o Pan-Americana da Sa\u00fade\/Organiza\u00e7\u00e3o Mundial de Sa\u00fade (2014-2016). Ele participa do Comit\u00ea Diretor da Iniciativa Presidencial dos L\u00edderes Emergentes da Federa\u00e7\u00e3o Mundial do Cora\u00e7\u00e3o.<\/p>\n<p><strong>#aspectos epidemiol\u00f3gicos e de pol\u00edtica de sa\u00fade \u00a0 #doen\u00e7as cr\u00f4nicas n\u00e3o-comunic\u00e1veis em pa\u00edses emergentes<\/strong><\/p>\n","protected":false},"excerpt":{"rendered":"<p>Professor e pesquisador de Medicina da Universidade Peruana Cayetano Heredia (UPCH) &nbsp; Jaime Miranda \u00e9 professor e pesquisador no Departamento de Medicina, Escola de Medicina e diretor do CRONICAS \u2013 Centro de Excel\u00eancia em Doen\u00e7as Cr\u00f4nicas, na Universidade Peruana Cayetano Heredia (UPCH), em Lima, Peru. Doutor em Epidemiologia pela London School of Hygiene and Tropycal&hellip;<\/p>\n","protected":false},"author":682,"featured_media":0,"parent":640,"menu_order":0,"comment_status":"closed","ping_status":"closed","template":"","meta":{"jetpack_post_was_ever_published":false,"footnotes":""},"class_list":["post-285","page","type-page","status-publish","hentry"],"jetpack_sharing_enabled":true,"jetpack_shortlink":"https:\/\/wp.me\/P8Mo6O-4B","_links":{"self":[{"href":"https:\/\/wp.ufpel.edu.br\/gbem\/wp-json\/wp\/v2\/pages\/285","targetHints":{"allow":["GET"]}}],"collection":[{"href":"https:\/\/wp.ufpel.edu.br\/gbem\/wp-json\/wp\/v2\/pages"}],"about":[{"href":"https:\/\/wp.ufpel.edu.br\/gbem\/wp-json\/wp\/v2\/types\/page"}],"author":[{"embeddable":true,"href":"https:\/\/wp.ufpel.edu.br\/gbem\/wp-json\/wp\/v2\/users\/682"}],"replies":[{"embeddable":true,"href":"https:\/\/wp.ufpel.edu.br\/gbem\/wp-json\/wp\/v2\/comments?post=285"}],"version-history":[{"count":1,"href":"https:\/\/wp.ufpel.edu.br\/gbem\/wp-json\/wp\/v2\/pages\/285\/revisions"}],"predecessor-version":[{"id":288,"href":"https:\/\/wp.ufpel.edu.br\/gbem\/wp-json\/wp\/v2\/pages\/285\/revisions\/288"}],"up":[{"embeddable":true,"href":"https:\/\/wp.ufpel.edu.br\/gbem\/wp-json\/wp\/v2\/pages\/640"}],"wp:attachment":[{"href":"https:\/\/wp.ufpel.edu.br\/gbem\/wp-json\/wp\/v2\/media?parent=285"}],"curies":[{"name":"wp","href":"https:\/\/api.w.org\/{rel}","templated":true}]}}