{"id":265,"date":"2017-08-14T17:01:55","date_gmt":"2017-08-14T20:01:55","guid":{"rendered":"https:\/\/wp.ufpel.edu.br\/gbem\/?page_id=265"},"modified":"2020-06-29T15:00:01","modified_gmt":"2020-06-29T18:00:01","slug":"doralice-severo-da-cruz","status":"publish","type":"page","link":"https:\/\/wp.ufpel.edu.br\/gbem\/integrantes-do-grupo\/coordenadores\/doralice-severo-da-cruz\/","title":{"rendered":"Doralice Severo da Cruz"},"content":{"rendered":"<p style=\"text-align: justify\"><strong>Assessora na Supervis\u00e3o T\u00e9cnica de Sa\u00fade da S\u00e9\u00a0da Secretaria Municipal da Sa\u00fade de S\u00e3o Paulo<\/strong> | <a href=\"http:\/\/lattes.cnpq.br\/5163304057252966\">Lattes<\/a><\/p>\n<p style=\"text-align: justify\">Doralice possui gradua\u00e7\u00e3o em Odontologia pela Universidade Camilo Castelo Branco (1991), especializa\u00e7\u00e3o, mestrado e doutorado pela Faculdade de Sa\u00fade P\u00fablica da Universidade de S\u00e3o Paulo, na linha de pesquisa sobre envelhecimento e sa\u00fade bucal coletiva. Possui especializa\u00e7\u00e3o em Revis\u00e3o Sistem\u00e1tica e Metan\u00e1lise pela Faculdade de Medicina da Universidade de S\u00e3o Paulo. Foi tutora no curso de Especializa\u00e7\u00e3o em Sa\u00fade P\u00fablica da Universidade de S\u00e3o Paulo, e exerceu a mesma atividade na Funda\u00e7\u00e3o Oswaldo Cruz no curso de Aperfei\u00e7oamento em Envelhecimento e Sa\u00fade da Pessoa Idosa no per\u00edodo de 2010 a 2014. Foi assistente t\u00e9cnica da \u00c1rea T\u00e9cnica da Sa\u00fade da Pessoa Idosa da Secretaria Municipal da Sa\u00fade de S\u00e3o Paulo entre 2013 e 2015, Coordenadora de Sa\u00fade Bucal da \u00c1rea T\u00e9cnica de Sa\u00fade Bucal do Munic\u00edpio de S\u00e3o Paulo entre 2015 e 2019 e atualmente \u00e9 Assessora na Supervis\u00e3o T\u00e9cnica de Sa\u00fade da S\u00e9 na mesma Secretaria. \u00c9 pesquisadora do Estudo SABE &#8211; Sa\u00fade Bem-Estar e Envelhecimento, um estudo de m\u00faltiplas coortes realizado no munic\u00edpio de s\u00e3o Paulo desde o ano 2000.<\/p>\n<p style=\"text-align: justify\">\n<p style=\"text-align: justify\"><strong> #estudo da multimorbidade e o envelhecimento; #multimorbidade e sa\u00fade bucal.<\/strong><\/p>\n","protected":false},"excerpt":{"rendered":"<p>Assessora na Supervis\u00e3o T\u00e9cnica de Sa\u00fade da S\u00e9\u00a0da Secretaria Municipal da Sa\u00fade de S\u00e3o Paulo | Lattes Doralice possui gradua\u00e7\u00e3o em Odontologia pela Universidade Camilo Castelo Branco (1991), especializa\u00e7\u00e3o, mestrado e doutorado pela Faculdade de Sa\u00fade P\u00fablica da Universidade de S\u00e3o Paulo, na linha de pesquisa sobre envelhecimento e sa\u00fade bucal coletiva. Possui especializa\u00e7\u00e3o em&hellip;<\/p>\n","protected":false},"author":682,"featured_media":0,"parent":551,"menu_order":0,"comment_status":"closed","ping_status":"closed","template":"","meta":{"jetpack_post_was_ever_published":false,"footnotes":""},"class_list":["post-265","page","type-page","status-publish","hentry"],"jetpack_sharing_enabled":true,"jetpack_shortlink":"https:\/\/wp.me\/P8Mo6O-4h","_links":{"self":[{"href":"https:\/\/wp.ufpel.edu.br\/gbem\/wp-json\/wp\/v2\/pages\/265","targetHints":{"allow":["GET"]}}],"collection":[{"href":"https:\/\/wp.ufpel.edu.br\/gbem\/wp-json\/wp\/v2\/pages"}],"about":[{"href":"https:\/\/wp.ufpel.edu.br\/gbem\/wp-json\/wp\/v2\/types\/page"}],"author":[{"embeddable":true,"href":"https:\/\/wp.ufpel.edu.br\/gbem\/wp-json\/wp\/v2\/users\/682"}],"replies":[{"embeddable":true,"href":"https:\/\/wp.ufpel.edu.br\/gbem\/wp-json\/wp\/v2\/comments?post=265"}],"version-history":[{"count":4,"href":"https:\/\/wp.ufpel.edu.br\/gbem\/wp-json\/wp\/v2\/pages\/265\/revisions"}],"predecessor-version":[{"id":1357,"href":"https:\/\/wp.ufpel.edu.br\/gbem\/wp-json\/wp\/v2\/pages\/265\/revisions\/1357"}],"up":[{"embeddable":true,"href":"https:\/\/wp.ufpel.edu.br\/gbem\/wp-json\/wp\/v2\/pages\/551"}],"wp:attachment":[{"href":"https:\/\/wp.ufpel.edu.br\/gbem\/wp-json\/wp\/v2\/media?parent=265"}],"curies":[{"name":"wp","href":"https:\/\/api.w.org\/{rel}","templated":true}]}}