{"id":259,"date":"2017-08-14T16:55:54","date_gmt":"2017-08-14T19:55:54","guid":{"rendered":"https:\/\/wp.ufpel.edu.br\/gbem\/?page_id=259"},"modified":"2018-03-13T08:37:40","modified_gmt":"2018-03-13T11:37:40","slug":"jose-augusto-rodrigues-simoes","status":"publish","type":"page","link":"https:\/\/wp.ufpel.edu.br\/gbem\/integrantes-do-grupo\/colaboradores-internacionais\/jose-augusto-rodrigues-simoes\/","title":{"rendered":"Jos\u00e9 Augusto Rodrigues Sim\u00f5es"},"content":{"rendered":"<p><img loading=\"lazy\" decoding=\"async\" class=\"size-medium wp-image-194 alignright\" src=\"https:\/\/wp.ufpel.edu.br\/gbem\/files\/2017\/08\/jose-augusto-424x287.jpg\" alt=\"\" width=\"424\" height=\"287\" srcset=\"https:\/\/wp.ufpel.edu.br\/gbem\/files\/2017\/08\/jose-augusto-424x287.jpg 424w, https:\/\/wp.ufpel.edu.br\/gbem\/files\/2017\/08\/jose-augusto-212x143.jpg 212w, https:\/\/wp.ufpel.edu.br\/gbem\/files\/2017\/08\/jose-augusto-768x520.jpg 768w, https:\/\/wp.ufpel.edu.br\/gbem\/files\/2017\/08\/jose-augusto.jpg 1024w\" sizes=\"auto, (max-width: 424px) 100vw, 424px\" \/><strong>Investigador do Centro de Ensaio da Unidade de Sa\u00fade Familiar Marqu\u00eas de Marialva, em Cantanhede, Portugal |\u00a0<\/strong>\u00a0<a href=\"http:\/\/lattes.cnpq.br\/5791414815391251\">\u00a0Lattes<\/a><\/p>\n<p>&nbsp;<\/p>\n<p>Licenciado em Medicina (Universidade de Coimbra, 1982). Mestre em Bio\u00e9tica (Faculdade de Medicina da Universidade de Lisboa, 2004). Doutor em Ci\u00eancias e Tecnologias da Sa\u00fade pela Universidade de Aveiro (2015). Especialista em Medicina Geral e Familiar desde 1995, Compet\u00eancia em Gest\u00e3o de Servi\u00e7os de Sa\u00fade desde 2003 e Compet\u00eancia em Geriatria desde 2015, pela Ordem dos M\u00e9dicos. Assistente Graduado S\u00e9nior de Medicina Geral e Familiar no Centro de Sa\u00fade de Mealhada desde 2015. Forma\u00e7\u00e3o p\u00f3s-graduada em Geriatria pela Sociedade Portuguesa de Geriatria e Gerontologia, em 2014. Autor\/coautor de 30 trabalhos de investiga\u00e7\u00e3o realizados nos Centros de Sa\u00fade de G\u00f3is e Cantanhede. Participou em 12 estudos de investiga\u00e7\u00e3o realizados por v\u00e1rias institui\u00e7\u00f5es m\u00e9dicas portuguesas e em 4 estudos observacionais com f\u00e1rmacos. Investigador Principal no Ensaio Cl\u00ednico Fase III (BI) no Centro de Ensaio da Unidade de Sa\u00fade Familiar Marqu\u00eas de Marialva, em Cantanhede.<\/p>\n","protected":false},"excerpt":{"rendered":"<p>Investigador do Centro de Ensaio da Unidade de Sa\u00fade Familiar Marqu\u00eas de Marialva, em Cantanhede, Portugal |\u00a0\u00a0\u00a0Lattes &nbsp; Licenciado em Medicina (Universidade de Coimbra, 1982). Mestre em Bio\u00e9tica (Faculdade de Medicina da Universidade de Lisboa, 2004). Doutor em Ci\u00eancias e Tecnologias da Sa\u00fade pela Universidade de Aveiro (2015). Especialista em Medicina Geral e Familiar desde&hellip;<\/p>\n","protected":false},"author":682,"featured_media":0,"parent":640,"menu_order":0,"comment_status":"closed","ping_status":"closed","template":"","meta":{"jetpack_post_was_ever_published":false,"footnotes":""},"class_list":["post-259","page","type-page","status-publish","hentry"],"jetpack_sharing_enabled":true,"jetpack_shortlink":"https:\/\/wp.me\/P8Mo6O-4b","_links":{"self":[{"href":"https:\/\/wp.ufpel.edu.br\/gbem\/wp-json\/wp\/v2\/pages\/259","targetHints":{"allow":["GET"]}}],"collection":[{"href":"https:\/\/wp.ufpel.edu.br\/gbem\/wp-json\/wp\/v2\/pages"}],"about":[{"href":"https:\/\/wp.ufpel.edu.br\/gbem\/wp-json\/wp\/v2\/types\/page"}],"author":[{"embeddable":true,"href":"https:\/\/wp.ufpel.edu.br\/gbem\/wp-json\/wp\/v2\/users\/682"}],"replies":[{"embeddable":true,"href":"https:\/\/wp.ufpel.edu.br\/gbem\/wp-json\/wp\/v2\/comments?post=259"}],"version-history":[{"count":3,"href":"https:\/\/wp.ufpel.edu.br\/gbem\/wp-json\/wp\/v2\/pages\/259\/revisions"}],"predecessor-version":[{"id":263,"href":"https:\/\/wp.ufpel.edu.br\/gbem\/wp-json\/wp\/v2\/pages\/259\/revisions\/263"}],"up":[{"embeddable":true,"href":"https:\/\/wp.ufpel.edu.br\/gbem\/wp-json\/wp\/v2\/pages\/640"}],"wp:attachment":[{"href":"https:\/\/wp.ufpel.edu.br\/gbem\/wp-json\/wp\/v2\/media?parent=259"}],"curies":[{"name":"wp","href":"https:\/\/api.w.org\/{rel}","templated":true}]}}