{"id":254,"date":"2017-08-13T19:47:54","date_gmt":"2017-08-13T22:47:54","guid":{"rendered":"https:\/\/wp.ufpel.edu.br\/gbem\/?page_id=254"},"modified":"2020-06-29T18:31:19","modified_gmt":"2020-06-29T21:31:19","slug":"sabrina-ribeiro-farias","status":"publish","type":"page","link":"https:\/\/wp.ufpel.edu.br\/gbem\/integrantes-do-grupo\/pesquisadores\/sabrina-ribeiro-farias\/","title":{"rendered":"Sabrina Ribeiro Farias"},"content":{"rendered":"<p style=\"text-align: justify\"><img loading=\"lazy\" decoding=\"async\" class=\"wp-image-1390 size-full alignleft\" src=\"https:\/\/wp.ufpel.edu.br\/gbem\/files\/2020\/06\/Sabrina-Sabrina-R.-Farias.jpg\" alt=\"\" width=\"280\" height=\"262\" srcset=\"https:\/\/wp.ufpel.edu.br\/gbem\/files\/2020\/06\/Sabrina-Sabrina-R.-Farias.jpg 280w, https:\/\/wp.ufpel.edu.br\/gbem\/files\/2020\/06\/Sabrina-Sabrina-R.-Farias-170x159.jpg 170w\" sizes=\"auto, (max-width: 280px) 100vw, 280px\" \/> <strong>Mestranda no Programa de P\u00f3s Gradua\u00e7\u00e3o em Enfermagem da Universidade Federal de Pelotas \u00a0|\u00a0<\/strong> <a href=\"http:\/\/lattes.cnpq.br\/0837855238503351\">Lattes<\/a><\/p>\n<p>&nbsp;<\/p>\n<p style=\"text-align: justify\">Enfermeira pela Universidade Federal de Pelotas, Mestranda no Programa de P\u00f3s Gradua\u00e7\u00e3o em Enfermagem\/UFPel.<\/p>\n<p style=\"text-align: justify\">Interesses no GBEM: Atuar juntamente com os membros do grupo, auxiliando na elabora\u00e7\u00e3o de artigos, resumos e desenvolvimento de projetos da \u00e1rea. De tal forma, adquirir aperfei\u00e7oamento profissional e conhecimentos sobre o tema.<\/p>\n","protected":false},"excerpt":{"rendered":"<p>Mestranda no Programa de P\u00f3s Gradua\u00e7\u00e3o em Enfermagem da Universidade Federal de Pelotas \u00a0|\u00a0 Lattes &nbsp; Enfermeira pela Universidade Federal de Pelotas, Mestranda no Programa de P\u00f3s Gradua\u00e7\u00e3o em Enfermagem\/UFPel. Interesses no GBEM: Atuar juntamente com os membros do grupo, auxiliando na elabora\u00e7\u00e3o de artigos, resumos e desenvolvimento de projetos da \u00e1rea. De tal forma,&hellip;<\/p>\n","protected":false},"author":682,"featured_media":0,"parent":538,"menu_order":0,"comment_status":"closed","ping_status":"closed","template":"","meta":{"jetpack_post_was_ever_published":false,"footnotes":""},"class_list":["post-254","page","type-page","status-publish","hentry"],"jetpack_sharing_enabled":true,"jetpack_shortlink":"https:\/\/wp.me\/P8Mo6O-46","_links":{"self":[{"href":"https:\/\/wp.ufpel.edu.br\/gbem\/wp-json\/wp\/v2\/pages\/254","targetHints":{"allow":["GET"]}}],"collection":[{"href":"https:\/\/wp.ufpel.edu.br\/gbem\/wp-json\/wp\/v2\/pages"}],"about":[{"href":"https:\/\/wp.ufpel.edu.br\/gbem\/wp-json\/wp\/v2\/types\/page"}],"author":[{"embeddable":true,"href":"https:\/\/wp.ufpel.edu.br\/gbem\/wp-json\/wp\/v2\/users\/682"}],"replies":[{"embeddable":true,"href":"https:\/\/wp.ufpel.edu.br\/gbem\/wp-json\/wp\/v2\/comments?post=254"}],"version-history":[{"count":7,"href":"https:\/\/wp.ufpel.edu.br\/gbem\/wp-json\/wp\/v2\/pages\/254\/revisions"}],"predecessor-version":[{"id":1392,"href":"https:\/\/wp.ufpel.edu.br\/gbem\/wp-json\/wp\/v2\/pages\/254\/revisions\/1392"}],"up":[{"embeddable":true,"href":"https:\/\/wp.ufpel.edu.br\/gbem\/wp-json\/wp\/v2\/pages\/538"}],"wp:attachment":[{"href":"https:\/\/wp.ufpel.edu.br\/gbem\/wp-json\/wp\/v2\/media?parent=254"}],"curies":[{"name":"wp","href":"https:\/\/api.w.org\/{rel}","templated":true}]}}