{"id":249,"date":"2017-08-13T19:43:56","date_gmt":"2017-08-13T22:43:56","guid":{"rendered":"https:\/\/wp.ufpel.edu.br\/gbem\/?page_id=249"},"modified":"2020-06-25T20:22:13","modified_gmt":"2020-06-25T23:22:13","slug":"mariana-morais-de-oliveira","status":"publish","type":"page","link":"https:\/\/wp.ufpel.edu.br\/gbem\/integrantes-do-grupo\/pesquisadores\/mariana-morais-de-oliveira\/","title":{"rendered":"Mariana Morais de Oliveira"},"content":{"rendered":"<p><strong><img loading=\"lazy\" decoding=\"async\" class=\"size-medium wp-image-251 alignleft\" src=\"https:\/\/wp.ufpel.edu.br\/gbem\/files\/2017\/08\/Mariana-Morais-de-Oliveira-179x318.jpg\" alt=\"\" width=\"179\" height=\"318\" srcset=\"https:\/\/wp.ufpel.edu.br\/gbem\/files\/2017\/08\/Mariana-Morais-de-Oliveira-179x318.jpg 179w, https:\/\/wp.ufpel.edu.br\/gbem\/files\/2017\/08\/Mariana-Morais-de-Oliveira-89x159.jpg 89w, https:\/\/wp.ufpel.edu.br\/gbem\/files\/2017\/08\/Mariana-Morais-de-Oliveira.jpg 720w\" sizes=\"auto, (max-width: 179px) 100vw, 179px\" \/><\/strong><\/p>\n<p style=\"text-align: justify\"><strong>Acad\u00eamica de Enfermagem da Universidade Federal de Pelotas (UFPel) | <\/strong><a href=\"http:\/\/lattes.cnpq.br\/2577581552707261\">Lattes<\/a><\/p>\n<p style=\"text-align: justify\">\n<p style=\"text-align: justify\">Interesses no grupo: Acredito que o GBEM agregar\u00e1 muito no meu aprendizado na gradua\u00e7\u00e3o, tanto na \u00e1rea de conhecimentos espec\u00edficos sobre multimorbidade, como na quest\u00e3o de aprendizado e desenvolvimento de pesquisas, resumos e an\u00e1lise de dados.<\/p>\n","protected":false},"excerpt":{"rendered":"<p>Acad\u00eamica de Enfermagem da Universidade Federal de Pelotas (UFPel) | Lattes Interesses no grupo: Acredito que o GBEM agregar\u00e1 muito no meu aprendizado na gradua\u00e7\u00e3o, tanto na \u00e1rea de conhecimentos espec\u00edficos sobre multimorbidade, como na quest\u00e3o de aprendizado e desenvolvimento de pesquisas, resumos e an\u00e1lise de dados.<\/p>\n","protected":false},"author":682,"featured_media":0,"parent":538,"menu_order":0,"comment_status":"closed","ping_status":"closed","template":"","meta":{"jetpack_post_was_ever_published":false,"footnotes":""},"class_list":["post-249","page","type-page","status-publish","hentry"],"jetpack_sharing_enabled":true,"jetpack_shortlink":"https:\/\/wp.me\/P8Mo6O-41","_links":{"self":[{"href":"https:\/\/wp.ufpel.edu.br\/gbem\/wp-json\/wp\/v2\/pages\/249","targetHints":{"allow":["GET"]}}],"collection":[{"href":"https:\/\/wp.ufpel.edu.br\/gbem\/wp-json\/wp\/v2\/pages"}],"about":[{"href":"https:\/\/wp.ufpel.edu.br\/gbem\/wp-json\/wp\/v2\/types\/page"}],"author":[{"embeddable":true,"href":"https:\/\/wp.ufpel.edu.br\/gbem\/wp-json\/wp\/v2\/users\/682"}],"replies":[{"embeddable":true,"href":"https:\/\/wp.ufpel.edu.br\/gbem\/wp-json\/wp\/v2\/comments?post=249"}],"version-history":[{"count":4,"href":"https:\/\/wp.ufpel.edu.br\/gbem\/wp-json\/wp\/v2\/pages\/249\/revisions"}],"predecessor-version":[{"id":1282,"href":"https:\/\/wp.ufpel.edu.br\/gbem\/wp-json\/wp\/v2\/pages\/249\/revisions\/1282"}],"up":[{"embeddable":true,"href":"https:\/\/wp.ufpel.edu.br\/gbem\/wp-json\/wp\/v2\/pages\/538"}],"wp:attachment":[{"href":"https:\/\/wp.ufpel.edu.br\/gbem\/wp-json\/wp\/v2\/media?parent=249"}],"curies":[{"name":"wp","href":"https:\/\/api.w.org\/{rel}","templated":true}]}}