{"id":244,"date":"2017-08-13T19:36:36","date_gmt":"2017-08-13T22:36:36","guid":{"rendered":"https:\/\/wp.ufpel.edu.br\/gbem\/?page_id=244"},"modified":"2018-01-10T11:37:30","modified_gmt":"2018-01-10T13:37:30","slug":"gustavo-dias-ferreira","status":"publish","type":"page","link":"https:\/\/wp.ufpel.edu.br\/gbem\/integrantes-do-grupo\/pesquisadores\/gustavo-dias-ferreira\/","title":{"rendered":"Gustavo Dias Ferreira"},"content":{"rendered":"<p><img loading=\"lazy\" decoding=\"async\" class=\"size-medium wp-image-246 alignleft\" src=\"https:\/\/wp.ufpel.edu.br\/gbem\/files\/2017\/08\/Gustavo-Dias-Ferreira-155x318.jpg\" alt=\"\" width=\"155\" height=\"318\" srcset=\"https:\/\/wp.ufpel.edu.br\/gbem\/files\/2017\/08\/Gustavo-Dias-Ferreira-155x318.jpg 155w, https:\/\/wp.ufpel.edu.br\/gbem\/files\/2017\/08\/Gustavo-Dias-Ferreira-78x159.jpg 78w, https:\/\/wp.ufpel.edu.br\/gbem\/files\/2017\/08\/Gustavo-Dias-Ferreira.jpg 180w\" sizes=\"auto, (max-width: 155px) 100vw, 155px\" \/><strong>Professor da Universidade Federal de Pelotas (UFPel) \u00a0| <\/strong><a href=\"http:\/\/lattes.cnpq.br\/3687230954390047\">Lattes<\/a><\/p>\n<p>&nbsp;<\/p>\n<p>Fisioterapeuta pela Universidade Cat\u00f3lica de Pelota, Mestre e Doutor em Fisiologia Humana pela Universidade Federal do Rio Grande do Sul, Gustavo \u00e9 professor do Departamento de Fisiologia e Farmacologia da Universidade Federal de Pelotas. Sua participa\u00e7\u00e3o no GBEM filia-se ao interesse nas linhas de pesquisa: exerc\u00edcio f\u00edsico para doentes cr\u00f4nicos (c\u00e2ncer, diabetes, hipertensos e doentes renais) e marcadores fisiol\u00f3gicos espec\u00edficos para doen\u00e7as cr\u00f4nicas.<\/p>\n<p>&nbsp;<\/p>\n<p><strong>#marcadores fisiol\u00f3gicos para doen\u00e7as cr\u00f4nicas \u00a0 #exerc\u00edcios f\u00edsicos para doentes cr\u00f4nicos<\/strong><\/p>\n","protected":false},"excerpt":{"rendered":"<p>Professor da Universidade Federal de Pelotas (UFPel) \u00a0| Lattes &nbsp; Fisioterapeuta pela Universidade Cat\u00f3lica de Pelota, Mestre e Doutor em Fisiologia Humana pela Universidade Federal do Rio Grande do Sul, Gustavo \u00e9 professor do Departamento de Fisiologia e Farmacologia da Universidade Federal de Pelotas. Sua participa\u00e7\u00e3o no GBEM filia-se ao interesse nas linhas de pesquisa:&hellip;<\/p>\n","protected":false},"author":682,"featured_media":0,"parent":538,"menu_order":0,"comment_status":"closed","ping_status":"closed","template":"","meta":{"jetpack_post_was_ever_published":false,"footnotes":""},"class_list":["post-244","page","type-page","status-publish","hentry"],"jetpack_sharing_enabled":true,"jetpack_shortlink":"https:\/\/wp.me\/P8Mo6O-3W","_links":{"self":[{"href":"https:\/\/wp.ufpel.edu.br\/gbem\/wp-json\/wp\/v2\/pages\/244","targetHints":{"allow":["GET"]}}],"collection":[{"href":"https:\/\/wp.ufpel.edu.br\/gbem\/wp-json\/wp\/v2\/pages"}],"about":[{"href":"https:\/\/wp.ufpel.edu.br\/gbem\/wp-json\/wp\/v2\/types\/page"}],"author":[{"embeddable":true,"href":"https:\/\/wp.ufpel.edu.br\/gbem\/wp-json\/wp\/v2\/users\/682"}],"replies":[{"embeddable":true,"href":"https:\/\/wp.ufpel.edu.br\/gbem\/wp-json\/wp\/v2\/comments?post=244"}],"version-history":[{"count":1,"href":"https:\/\/wp.ufpel.edu.br\/gbem\/wp-json\/wp\/v2\/pages\/244\/revisions"}],"predecessor-version":[{"id":247,"href":"https:\/\/wp.ufpel.edu.br\/gbem\/wp-json\/wp\/v2\/pages\/244\/revisions\/247"}],"up":[{"embeddable":true,"href":"https:\/\/wp.ufpel.edu.br\/gbem\/wp-json\/wp\/v2\/pages\/538"}],"wp:attachment":[{"href":"https:\/\/wp.ufpel.edu.br\/gbem\/wp-json\/wp\/v2\/media?parent=244"}],"curies":[{"name":"wp","href":"https:\/\/api.w.org\/{rel}","templated":true}]}}