{"id":221,"date":"2017-08-10T18:42:50","date_gmt":"2017-08-10T21:42:50","guid":{"rendered":"https:\/\/wp.ufpel.edu.br\/gbem\/?page_id=221"},"modified":"2020-06-29T18:35:48","modified_gmt":"2020-06-29T21:35:48","slug":"marcelo-demarzo","status":"publish","type":"page","link":"https:\/\/wp.ufpel.edu.br\/gbem\/integrantes-do-grupo\/pesquisadores\/marcelo-demarzo\/","title":{"rendered":"Marcelo Demarzo"},"content":{"rendered":"<p style=\"text-align: justify\"><img loading=\"lazy\" decoding=\"async\" class=\"wp-image-1399  alignright\" src=\"https:\/\/wp.ufpel.edu.br\/gbem\/files\/2020\/06\/E17E0786-53E2-4533-8860-8CFE0D01DB35-Marcelo-Demarzo.jpeg\" alt=\"\" width=\"294\" height=\"294\" srcset=\"https:\/\/wp.ufpel.edu.br\/gbem\/files\/2020\/06\/E17E0786-53E2-4533-8860-8CFE0D01DB35-Marcelo-Demarzo.jpeg 1092w, https:\/\/wp.ufpel.edu.br\/gbem\/files\/2020\/06\/E17E0786-53E2-4533-8860-8CFE0D01DB35-Marcelo-Demarzo-318x318.jpeg 318w, https:\/\/wp.ufpel.edu.br\/gbem\/files\/2020\/06\/E17E0786-53E2-4533-8860-8CFE0D01DB35-Marcelo-Demarzo-159x159.jpeg 159w, https:\/\/wp.ufpel.edu.br\/gbem\/files\/2020\/06\/E17E0786-53E2-4533-8860-8CFE0D01DB35-Marcelo-Demarzo-768x768.jpeg 768w, https:\/\/wp.ufpel.edu.br\/gbem\/files\/2020\/06\/E17E0786-53E2-4533-8860-8CFE0D01DB35-Marcelo-Demarzo-50x50.jpeg 50w\" sizes=\"auto, (max-width: 294px) 100vw, 294px\" \/><strong>Professor da Escola Paulista de Medicina &#8211; \u00a0UNIFESP e da Faculdade de Medicina do Hospital Israelita Albert Einstein | <\/strong><a href=\"http:\/\/lattes.cnpq.br\/924299693641631\">Lattes<\/a><\/p>\n<p style=\"text-align: justify\">Pesquisador e M\u00e9dico especialista em Mindfulness e Promo\u00e7\u00e3o da Sa\u00fade para Adultos e Crian\u00e7as. Professor Livre-Docente da Escola Paulista de Medicina &#8211; UNIFESP. Professor da Disciplina de Aten\u00e7\u00e3o Prim\u00e1ria \u00e0 Sa\u00fade do Curso de Medicina da Faculdade S\u00e3o Leopoldo Mandic de Campinas-SP. Formado pela FMRP-USP (Faculdade de Medicina de Ribeir\u00e3o Preto &#8211; USP) em 2000, Doutor em Patologia pela USP em 2005, e P\u00f3s-Doutor em Mindfulness e Sa\u00fade Mental pela Universidad de Zaragoza, Espanha em 2012-2013 | Especialista em Medicina de Fam\u00edlia e Comunidade, e em Medicina do Esporte e do Exerc\u00edcio | Orientador Permanente no Programa de Mestrado e Doutorado em Sa\u00fade Coletiva da UNIFESP | Pesquisador colaborador na USP e nas Universidades de Zaragoza e Valencia (Espanha), Harvard University (EUA), e University of Oxford (Reino Unido) | Senior Fellow do International Primary Care Research Leadership Programme (Department of Primary Care Health Sciences, University of Oxford) desde 2012 | Senior Fellow do International Complementary &amp; Integrative Medicine Research Leadership and Capacity Building Program (Australian Research Centre for Complementary and Integrative Medicine (ARCCIM)) desde 2020 | Tem experi\u00eancia na \u00e1rea de Medicina Preventiva, Medicina do Estilo de Vida e Aten\u00e7\u00e3o Prim\u00e1ria \u00e0 Sa\u00fade (APS) | Foca sua atua\u00e7\u00e3o em Mindfulness (Aten\u00e7\u00e3o Plena), Promo\u00e7\u00e3o da Sa\u00fade, Bem-estar, Medicina do Estilo de Vida, Longevidade, Aten\u00e7\u00e3o Prim\u00e1ria \u00e0 Sa\u00fade (APS), e Inova\u00e7\u00e3o Tecnol\u00f3gica em Sa\u00fade | Coordenador do &#8220;Mente Aberta&#8221; &#8211; Centro Brasileiro de Mindfulness e Promo\u00e7\u00e3o da Sa\u00fade (https:\/\/mindfulnessbrasil.com\/) | Coordenador da Especializa\u00e7\u00e3o em Mindfulness da UNIFESP | \u00c9 membro honor\u00e1rio do Advisory Board Committee do ACCESS MBCT (https:\/\/www.accessmbct.com\/) | Membro Regular da International Behavioral Neuroscience Society | Membro M\u00e9dico do Col\u00e9gio Brasileiro de Medicina do Estilo de Vida (CBMEV) | Bolsista Produtividade CNPq | Pai de 3 filhos, 14, 9 e 4 anos.<\/p>\n<p>&nbsp;<\/p>\n<p style=\"text-align: justify\"><strong>#interven\u00e7\u00f5es psicossociais \u00a0 #mindfulness<\/strong><\/p>\n","protected":false},"excerpt":{"rendered":"<p>Professor da Escola Paulista de Medicina &#8211; \u00a0UNIFESP e da Faculdade de Medicina do Hospital Israelita Albert Einstein | Lattes Pesquisador e M\u00e9dico especialista em Mindfulness e Promo\u00e7\u00e3o da Sa\u00fade para Adultos e Crian\u00e7as. Professor Livre-Docente da Escola Paulista de Medicina &#8211; UNIFESP. Professor da Disciplina de Aten\u00e7\u00e3o Prim\u00e1ria \u00e0 Sa\u00fade do Curso de Medicina&hellip;<\/p>\n","protected":false},"author":682,"featured_media":0,"parent":538,"menu_order":0,"comment_status":"closed","ping_status":"closed","template":"","meta":{"jetpack_post_was_ever_published":false,"footnotes":""},"class_list":["post-221","page","type-page","status-publish","hentry"],"jetpack_sharing_enabled":true,"jetpack_shortlink":"https:\/\/wp.me\/P8Mo6O-3z","_links":{"self":[{"href":"https:\/\/wp.ufpel.edu.br\/gbem\/wp-json\/wp\/v2\/pages\/221","targetHints":{"allow":["GET"]}}],"collection":[{"href":"https:\/\/wp.ufpel.edu.br\/gbem\/wp-json\/wp\/v2\/pages"}],"about":[{"href":"https:\/\/wp.ufpel.edu.br\/gbem\/wp-json\/wp\/v2\/types\/page"}],"author":[{"embeddable":true,"href":"https:\/\/wp.ufpel.edu.br\/gbem\/wp-json\/wp\/v2\/users\/682"}],"replies":[{"embeddable":true,"href":"https:\/\/wp.ufpel.edu.br\/gbem\/wp-json\/wp\/v2\/comments?post=221"}],"version-history":[{"count":4,"href":"https:\/\/wp.ufpel.edu.br\/gbem\/wp-json\/wp\/v2\/pages\/221\/revisions"}],"predecessor-version":[{"id":1400,"href":"https:\/\/wp.ufpel.edu.br\/gbem\/wp-json\/wp\/v2\/pages\/221\/revisions\/1400"}],"up":[{"embeddable":true,"href":"https:\/\/wp.ufpel.edu.br\/gbem\/wp-json\/wp\/v2\/pages\/538"}],"wp:attachment":[{"href":"https:\/\/wp.ufpel.edu.br\/gbem\/wp-json\/wp\/v2\/media?parent=221"}],"curies":[{"name":"wp","href":"https:\/\/api.w.org\/{rel}","templated":true}]}}