{"id":213,"date":"2017-08-10T18:28:01","date_gmt":"2017-08-10T21:28:01","guid":{"rendered":"https:\/\/wp.ufpel.edu.br\/gbem\/?page_id=213"},"modified":"2020-06-29T19:16:45","modified_gmt":"2020-06-29T22:16:45","slug":"tayna-ramos-flores","status":"publish","type":"page","link":"https:\/\/wp.ufpel.edu.br\/gbem\/integrantes-do-grupo\/pesquisadores\/tayna-ramos-flores\/","title":{"rendered":"Thayn\u00e3 Ramos Flores"},"content":{"rendered":"<p><img loading=\"lazy\" decoding=\"async\" class=\" wp-image-215 alignright\" src=\"https:\/\/wp.ufpel.edu.br\/gbem\/files\/2017\/08\/thaina-247x318.jpg\" alt=\"\" width=\"260\" height=\"334\" srcset=\"https:\/\/wp.ufpel.edu.br\/gbem\/files\/2017\/08\/thaina-247x318.jpg 247w, https:\/\/wp.ufpel.edu.br\/gbem\/files\/2017\/08\/thaina-123x159.jpg 123w, https:\/\/wp.ufpel.edu.br\/gbem\/files\/2017\/08\/thaina.jpg 263w\" sizes=\"auto, (max-width: 260px) 100vw, 260px\" \/><\/p>\n<p style=\"text-align: justify\"><strong>Doutoranda do Programa de P\u00f3s-Gradua\u00e7\u00e3o em Epidemiologia da UFPel | <\/strong><a href=\"http:\/\/lattes.cnpq.br\/0633809433192953\">Lattes<\/a><\/p>\n<p style=\"text-align: justify\">\n<p style=\"text-align: justify\">Nutricionista pela Universidade Federal de Pelotas (2012), Mestre em Epidemiologia pelo Programa de P\u00f3s-gradua\u00e7\u00e3o em Epidemiologia da UFPel e atualmente doutoranda do mesmo programa. Tem experi\u00eancia em sa\u00fade da crian\u00e7a e do idoso, com foco em promo\u00e7\u00e3o da sa\u00fade e avalia\u00e7\u00e3o nutricional. Atualmente est\u00e1 vinculada ao projeto de pesquisa da Coorte de 2015, trabalhando com estado nutricional materno e amamenta\u00e7\u00e3o. Al\u00e9m disso, \u00e9 respons\u00e1vel pela antropometria dos acompanhamentos dos 12 e 24 meses, realizando a padroniza\u00e7\u00e3o e supervis\u00e3o do pessoal com rela\u00e7\u00e3o \u00e0s medidas antropom\u00e9tricas. Atuou como supervisora do Cons\u00f3rcio de idosos 2013\/14 do Programa de P\u00f3s-gradua\u00e7\u00e3o em Epidemiologia. Tem experi\u00eancia com avalia\u00e7\u00e3o nutricional, amamenta\u00e7\u00e3o e indicadores de promo\u00e7\u00e3o da sa\u00fade. No GBEM tem interesse em contribuir com a tem\u00e1tica relacionada aos indicadores antropom\u00e9tricos e aspectos nutricionais que contribuem para a multimorbidade tanto em adultos como em idosos.<\/p>\n<p>&nbsp;<\/p>\n<p style=\"text-align: justify\"><strong>#indicadores antropom\u00e9tricos \u00a0 #aspectos nutricionais da morbidade<\/strong><\/p>\n<p style=\"text-align: justify\">\n","protected":false},"excerpt":{"rendered":"<p>Doutoranda do Programa de P\u00f3s-Gradua\u00e7\u00e3o em Epidemiologia da UFPel | Lattes Nutricionista pela Universidade Federal de Pelotas (2012), Mestre em Epidemiologia pelo Programa de P\u00f3s-gradua\u00e7\u00e3o em Epidemiologia da UFPel e atualmente doutoranda do mesmo programa. Tem experi\u00eancia em sa\u00fade da crian\u00e7a e do idoso, com foco em promo\u00e7\u00e3o da sa\u00fade e avalia\u00e7\u00e3o nutricional. Atualmente est\u00e1&hellip;<\/p>\n","protected":false},"author":682,"featured_media":0,"parent":538,"menu_order":0,"comment_status":"closed","ping_status":"closed","template":"","meta":{"jetpack_post_was_ever_published":false,"footnotes":""},"class_list":["post-213","page","type-page","status-publish","hentry"],"jetpack_sharing_enabled":true,"jetpack_shortlink":"https:\/\/wp.me\/P8Mo6O-3r","_links":{"self":[{"href":"https:\/\/wp.ufpel.edu.br\/gbem\/wp-json\/wp\/v2\/pages\/213","targetHints":{"allow":["GET"]}}],"collection":[{"href":"https:\/\/wp.ufpel.edu.br\/gbem\/wp-json\/wp\/v2\/pages"}],"about":[{"href":"https:\/\/wp.ufpel.edu.br\/gbem\/wp-json\/wp\/v2\/types\/page"}],"author":[{"embeddable":true,"href":"https:\/\/wp.ufpel.edu.br\/gbem\/wp-json\/wp\/v2\/users\/682"}],"replies":[{"embeddable":true,"href":"https:\/\/wp.ufpel.edu.br\/gbem\/wp-json\/wp\/v2\/comments?post=213"}],"version-history":[{"count":3,"href":"https:\/\/wp.ufpel.edu.br\/gbem\/wp-json\/wp\/v2\/pages\/213\/revisions"}],"predecessor-version":[{"id":1435,"href":"https:\/\/wp.ufpel.edu.br\/gbem\/wp-json\/wp\/v2\/pages\/213\/revisions\/1435"}],"up":[{"embeddable":true,"href":"https:\/\/wp.ufpel.edu.br\/gbem\/wp-json\/wp\/v2\/pages\/538"}],"wp:attachment":[{"href":"https:\/\/wp.ufpel.edu.br\/gbem\/wp-json\/wp\/v2\/media?parent=213"}],"curies":[{"name":"wp","href":"https:\/\/api.w.org\/{rel}","templated":true}]}}