{"id":180,"date":"2017-08-10T14:44:52","date_gmt":"2017-08-10T17:44:52","guid":{"rendered":"https:\/\/wp.ufpel.edu.br\/gbem\/?page_id=180"},"modified":"2020-06-25T19:17:13","modified_gmt":"2020-06-25T22:17:13","slug":"antonio-germane-alves-pinto","status":"publish","type":"page","link":"https:\/\/wp.ufpel.edu.br\/gbem\/integrantes-do-grupo\/pesquisadores\/antonio-germane-alves-pinto\/","title":{"rendered":"Antonio Germane Alves Pinto"},"content":{"rendered":"<p><img loading=\"lazy\" decoding=\"async\" class=\" wp-image-182 alignleft\" src=\"https:\/\/wp.ufpel.edu.br\/gbem\/files\/2017\/08\/antonio.jpg\" alt=\"\" width=\"232\" height=\"273\" srcset=\"https:\/\/wp.ufpel.edu.br\/gbem\/files\/2017\/08\/antonio.jpg 193w, https:\/\/wp.ufpel.edu.br\/gbem\/files\/2017\/08\/antonio-135x159.jpg 135w\" sizes=\"auto, (max-width: 232px) 100vw, 232px\" \/><strong>Professor da Universidade Regional do Cariri (URCA)<\/strong> | <a href=\"http:\/\/lattes.cnpq.br\/5229474868285400\">Lattes<\/a><\/p>\n<p>&nbsp;<\/p>\n<p>Ant\u00f4nio \u00e9 enfermeiro e tem experi\u00eancia em assist\u00eancia, ensino, gest\u00e3o acad\u00eamica e pesquisa, atuando no ensino na sa\u00fade, estrat\u00e9gia sa\u00fade da fam\u00edlia e sa\u00fade mental. No GBEM, pretende desenvolver estudos delineados na tem\u00e1tica multimorbidade de adultos e idosos atendidos no Sistema \u00danico de Sa\u00fade (SUS).<\/p>\n<p>&nbsp;<\/p>\n<p><strong>#estrat\u00e9gia sa\u00fade da fam\u00edlia \u00a0 \u00a0#forma\u00e7\u00e3o profissional<\/strong><\/p>\n<p>&nbsp;<\/p>\n","protected":false},"excerpt":{"rendered":"<p>Professor da Universidade Regional do Cariri (URCA) | Lattes &nbsp; Ant\u00f4nio \u00e9 enfermeiro e tem experi\u00eancia em assist\u00eancia, ensino, gest\u00e3o acad\u00eamica e pesquisa, atuando no ensino na sa\u00fade, estrat\u00e9gia sa\u00fade da fam\u00edlia e sa\u00fade mental. No GBEM, pretende desenvolver estudos delineados na tem\u00e1tica multimorbidade de adultos e idosos atendidos no Sistema \u00danico de Sa\u00fade (SUS).&hellip;<\/p>\n","protected":false},"author":682,"featured_media":0,"parent":538,"menu_order":0,"comment_status":"closed","ping_status":"closed","template":"","meta":{"jetpack_post_was_ever_published":false,"footnotes":""},"class_list":["post-180","page","type-page","status-publish","hentry"],"jetpack_sharing_enabled":true,"jetpack_shortlink":"https:\/\/wp.me\/P8Mo6O-2U","_links":{"self":[{"href":"https:\/\/wp.ufpel.edu.br\/gbem\/wp-json\/wp\/v2\/pages\/180","targetHints":{"allow":["GET"]}}],"collection":[{"href":"https:\/\/wp.ufpel.edu.br\/gbem\/wp-json\/wp\/v2\/pages"}],"about":[{"href":"https:\/\/wp.ufpel.edu.br\/gbem\/wp-json\/wp\/v2\/types\/page"}],"author":[{"embeddable":true,"href":"https:\/\/wp.ufpel.edu.br\/gbem\/wp-json\/wp\/v2\/users\/682"}],"replies":[{"embeddable":true,"href":"https:\/\/wp.ufpel.edu.br\/gbem\/wp-json\/wp\/v2\/comments?post=180"}],"version-history":[{"count":2,"href":"https:\/\/wp.ufpel.edu.br\/gbem\/wp-json\/wp\/v2\/pages\/180\/revisions"}],"predecessor-version":[{"id":1241,"href":"https:\/\/wp.ufpel.edu.br\/gbem\/wp-json\/wp\/v2\/pages\/180\/revisions\/1241"}],"up":[{"embeddable":true,"href":"https:\/\/wp.ufpel.edu.br\/gbem\/wp-json\/wp\/v2\/pages\/538"}],"wp:attachment":[{"href":"https:\/\/wp.ufpel.edu.br\/gbem\/wp-json\/wp\/v2\/media?parent=180"}],"curies":[{"name":"wp","href":"https:\/\/api.w.org\/{rel}","templated":true}]}}