{"id":175,"date":"2017-08-10T14:27:42","date_gmt":"2017-08-10T17:27:42","guid":{"rendered":"https:\/\/wp.ufpel.edu.br\/gbem\/?page_id=175"},"modified":"2020-06-25T20:50:39","modified_gmt":"2020-06-25T23:50:39","slug":"bianca-machado-de-avila","status":"publish","type":"page","link":"https:\/\/wp.ufpel.edu.br\/gbem\/integrantes-do-grupo\/pesquisadores\/bianca-machado-de-avila\/","title":{"rendered":"Bianca Machado de \u00c1vila"},"content":{"rendered":"<p style=\"text-align: justify\"><img loading=\"lazy\" decoding=\"async\" class=\"size-medium wp-image-177 alignleft\" src=\"https:\/\/wp.ufpel.edu.br\/gbem\/files\/2017\/08\/bianca-233x318.jpg\" alt=\"\" width=\"233\" height=\"318\" srcset=\"https:\/\/wp.ufpel.edu.br\/gbem\/files\/2017\/08\/bianca-233x318.jpg 233w, https:\/\/wp.ufpel.edu.br\/gbem\/files\/2017\/08\/bianca-117x159.jpg 117w, https:\/\/wp.ufpel.edu.br\/gbem\/files\/2017\/08\/bianca.jpg 751w\" sizes=\"auto, (max-width: 233px) 100vw, 233px\" \/><strong><span style=\"font-size: 13px\">Doutoranda na Universidade Federal de Pelotas | \u00a0<\/span><a style=\"font-size: 13px\" href=\"http:\/\/buscatextual.cnpq.br\/buscatextual\/visualizacv.do?id=K4405030U6\">Lattes<\/a><\/strong><\/p>\n<p style=\"text-align: justify\">Bianca \u00e9 enfermeira e mestre pelo Programa de P\u00f3s-Gradua\u00e7\u00e3o em Enfermagem da Universidade Federal de Pelotas. \u00c9 especialista em Oncologia pelo Programa de Resid\u00eancia Multiprofissional em Aten\u00e7\u00e3o \u00e0 Sa\u00fade Oncol\u00f3gica do Hospital Escola da Universidade Federal de Pelotas (2016). Atuou como Professora Substituta na faculdade de Enfermagem da Universidade Federal de Pelotas de maio a dezembro de 2016. \u00a0Atua principalmente com aten\u00e7\u00e3o a sa\u00fade oncol\u00f3gica e doen\u00e7as cr\u00f4nicas. Os interesses no GBEM s\u00e3o manter contato com pesquisadores da \u00e1rea de multimorbidade e doen\u00e7as cr\u00f4nicas de forma geral, bem como ampliar e trocar conhecimentos sobre a tem\u00e1tica e colaborar com trabalhos e pesquisas desenvolvidas nessa \u00e1rea.<\/p>\n<p>&nbsp;<\/p>\n<p style=\"text-align: justify\"><strong>#aten\u00e7\u00e3o \u00e0 sa\u00fade oncol\u00f3gica e doen\u00e7as cr\u00f4nicas<\/strong><\/p>\n","protected":false},"excerpt":{"rendered":"<p>Doutoranda na Universidade Federal de Pelotas | \u00a0Lattes Bianca \u00e9 enfermeira e mestre pelo Programa de P\u00f3s-Gradua\u00e7\u00e3o em Enfermagem da Universidade Federal de Pelotas. \u00c9 especialista em Oncologia pelo Programa de Resid\u00eancia Multiprofissional em Aten\u00e7\u00e3o \u00e0 Sa\u00fade Oncol\u00f3gica do Hospital Escola da Universidade Federal de Pelotas (2016). Atuou como Professora Substituta na faculdade de Enfermagem&hellip;<\/p>\n","protected":false},"author":682,"featured_media":0,"parent":538,"menu_order":0,"comment_status":"closed","ping_status":"closed","template":"","meta":{"jetpack_post_was_ever_published":false,"footnotes":""},"class_list":["post-175","page","type-page","status-publish","hentry"],"jetpack_sharing_enabled":true,"jetpack_shortlink":"https:\/\/wp.me\/P8Mo6O-2P","_links":{"self":[{"href":"https:\/\/wp.ufpel.edu.br\/gbem\/wp-json\/wp\/v2\/pages\/175","targetHints":{"allow":["GET"]}}],"collection":[{"href":"https:\/\/wp.ufpel.edu.br\/gbem\/wp-json\/wp\/v2\/pages"}],"about":[{"href":"https:\/\/wp.ufpel.edu.br\/gbem\/wp-json\/wp\/v2\/types\/page"}],"author":[{"embeddable":true,"href":"https:\/\/wp.ufpel.edu.br\/gbem\/wp-json\/wp\/v2\/users\/682"}],"replies":[{"embeddable":true,"href":"https:\/\/wp.ufpel.edu.br\/gbem\/wp-json\/wp\/v2\/comments?post=175"}],"version-history":[{"count":3,"href":"https:\/\/wp.ufpel.edu.br\/gbem\/wp-json\/wp\/v2\/pages\/175\/revisions"}],"predecessor-version":[{"id":1286,"href":"https:\/\/wp.ufpel.edu.br\/gbem\/wp-json\/wp\/v2\/pages\/175\/revisions\/1286"}],"up":[{"embeddable":true,"href":"https:\/\/wp.ufpel.edu.br\/gbem\/wp-json\/wp\/v2\/pages\/538"}],"wp:attachment":[{"href":"https:\/\/wp.ufpel.edu.br\/gbem\/wp-json\/wp\/v2\/media?parent=175"}],"curies":[{"name":"wp","href":"https:\/\/api.w.org\/{rel}","templated":true}]}}