{"id":1524,"date":"2020-07-28T01:06:07","date_gmt":"2020-07-28T04:06:07","guid":{"rendered":"https:\/\/wp.ufpel.edu.br\/gbem\/?page_id=1524"},"modified":"2020-07-28T01:24:15","modified_gmt":"2020-07-28T04:24:15","slug":"apoio","status":"publish","type":"page","link":"https:\/\/wp.ufpel.edu.br\/gbem\/apoio\/","title":{"rendered":"Apoio"},"content":{"rendered":"<p style=\"text-align: center\">O GBEM agradece e conta com o apoio das seguintes ag\u00eancias de fomento \u00e0 pesquisa:<\/p>\n<p style=\"text-align: center\"><img loading=\"lazy\" decoding=\"async\" class=\"wp-image-1527 alignnone\" src=\"https:\/\/wp.ufpel.edu.br\/gbem\/files\/2020\/07\/logo_cnpq.jpg\" alt=\"\" width=\"268\" height=\"119\" srcset=\"https:\/\/wp.ufpel.edu.br\/gbem\/files\/2020\/07\/logo_cnpq.jpg 300w, https:\/\/wp.ufpel.edu.br\/gbem\/files\/2020\/07\/logo_cnpq-212x94.jpg 212w\" sizes=\"auto, (max-width: 268px) 100vw, 268px\" \/><img loading=\"lazy\" decoding=\"async\" class=\"wp-image-1526 alignnone\" src=\"https:\/\/wp.ufpel.edu.br\/gbem\/files\/2020\/07\/29151508-logomarca-fapergs-vertical-png.png\" alt=\"\" width=\"279\" height=\"131\" srcset=\"https:\/\/wp.ufpel.edu.br\/gbem\/files\/2020\/07\/29151508-logomarca-fapergs-vertical-png.png 1386w, https:\/\/wp.ufpel.edu.br\/gbem\/files\/2020\/07\/29151508-logomarca-fapergs-vertical-png-424x200.png 424w, https:\/\/wp.ufpel.edu.br\/gbem\/files\/2020\/07\/29151508-logomarca-fapergs-vertical-png-212x100.png 212w, https:\/\/wp.ufpel.edu.br\/gbem\/files\/2020\/07\/29151508-logomarca-fapergs-vertical-png-768x362.png 768w\" sizes=\"auto, (max-width: 279px) 100vw, 279px\" \/><span style=\"font-size: 13px\">\u00a0<\/span><\/p>\n<p>&nbsp;<\/p>\n<p style=\"text-align: center\">O GBEM tamb\u00e9m conta com apoio da <a href=\"https:\/\/wp.ufpel.edu.br\/prec\/\">Pr\u00f3-Reitoria de Extens\u00e3o e Cultura<\/a> e da <a href=\"https:\/\/wp.ufpel.edu.br\/prppgi\/\">Pr\u00f3-Reitoria de Pesquisa, P\u00f3s-Gradua\u00e7\u00e3o e Inova\u00e7\u00e3o<\/a> da UFPel<\/p>\n<p><img loading=\"lazy\" decoding=\"async\" class=\"wp-image-1528 aligncenter\" src=\"https:\/\/wp.ufpel.edu.br\/gbem\/files\/2020\/07\/logoprecufpel.png\" alt=\"\" width=\"284\" height=\"128\" srcset=\"https:\/\/wp.ufpel.edu.br\/gbem\/files\/2020\/07\/logoprecufpel.png 1024w, https:\/\/wp.ufpel.edu.br\/gbem\/files\/2020\/07\/logoprecufpel-424x190.png 424w, https:\/\/wp.ufpel.edu.br\/gbem\/files\/2020\/07\/logoprecufpel-212x95.png 212w, https:\/\/wp.ufpel.edu.br\/gbem\/files\/2020\/07\/logoprecufpel-768x345.png 768w\" sizes=\"auto, (max-width: 284px) 100vw, 284px\" \/><\/p>\n<p>&nbsp;<\/p>\n<p>&nbsp;<\/p>\n","protected":false},"excerpt":{"rendered":"<p>O GBEM agradece e conta com o apoio das seguintes ag\u00eancias de fomento \u00e0 pesquisa: \u00a0 &nbsp; O GBEM tamb\u00e9m conta com apoio da Pr\u00f3-Reitoria de Extens\u00e3o e Cultura e da Pr\u00f3-Reitoria de Pesquisa, P\u00f3s-Gradua\u00e7\u00e3o e Inova\u00e7\u00e3o da UFPel &nbsp; &nbsp;<\/p>\n","protected":false},"author":682,"featured_media":0,"parent":0,"menu_order":10,"comment_status":"closed","ping_status":"closed","template":"","meta":{"jetpack_post_was_ever_published":false,"footnotes":""},"class_list":["post-1524","page","type-page","status-publish","hentry"],"jetpack_sharing_enabled":true,"jetpack_shortlink":"https:\/\/wp.me\/P8Mo6O-oA","_links":{"self":[{"href":"https:\/\/wp.ufpel.edu.br\/gbem\/wp-json\/wp\/v2\/pages\/1524","targetHints":{"allow":["GET"]}}],"collection":[{"href":"https:\/\/wp.ufpel.edu.br\/gbem\/wp-json\/wp\/v2\/pages"}],"about":[{"href":"https:\/\/wp.ufpel.edu.br\/gbem\/wp-json\/wp\/v2\/types\/page"}],"author":[{"embeddable":true,"href":"https:\/\/wp.ufpel.edu.br\/gbem\/wp-json\/wp\/v2\/users\/682"}],"replies":[{"embeddable":true,"href":"https:\/\/wp.ufpel.edu.br\/gbem\/wp-json\/wp\/v2\/comments?post=1524"}],"version-history":[{"count":2,"href":"https:\/\/wp.ufpel.edu.br\/gbem\/wp-json\/wp\/v2\/pages\/1524\/revisions"}],"predecessor-version":[{"id":1535,"href":"https:\/\/wp.ufpel.edu.br\/gbem\/wp-json\/wp\/v2\/pages\/1524\/revisions\/1535"}],"wp:attachment":[{"href":"https:\/\/wp.ufpel.edu.br\/gbem\/wp-json\/wp\/v2\/media?parent=1524"}],"curies":[{"name":"wp","href":"https:\/\/api.w.org\/{rel}","templated":true}]}}