{"id":1498,"date":"2020-07-16T14:35:21","date_gmt":"2020-07-16T17:35:21","guid":{"rendered":"https:\/\/wp.ufpel.edu.br\/gbem\/?page_id=1498"},"modified":"2020-07-16T14:38:41","modified_gmt":"2020-07-16T17:38:41","slug":"capitulos-de-livros","status":"publish","type":"page","link":"https:\/\/wp.ufpel.edu.br\/gbem\/capitulos-de-livros\/","title":{"rendered":"Cap\u00edtulos de Livros"},"content":{"rendered":"<p><strong>2020<\/strong><\/p>\n<p>Flores NM, Machado M, Oliveira M, Nunes BP. Comunica\u00e7\u00e3o cient\u00edfica de doen\u00e7as cr\u00f4nicas e multimorbidade: reflex\u00f5es e desafios. In:\u00a0<a href=\"http:\/\/abre.ai\/livro_extensao_gbem\">A extens\u00e3o universit\u00e1ria nos 50 anos da Universidade Federal de Pelotas<\/a>\u00a0\/ org. Francisca Ferreira Michelon, Ana da Rosa Bandeira. Pelotas: UFPel. PREC; Ed. da UFPel, 2020<\/p>\n","protected":false},"excerpt":{"rendered":"<p>2020 Flores NM, Machado M, Oliveira M, Nunes BP. Comunica\u00e7\u00e3o cient\u00edfica de doen\u00e7as cr\u00f4nicas e multimorbidade: reflex\u00f5es e desafios. In:\u00a0A extens\u00e3o universit\u00e1ria nos 50 anos da Universidade Federal de Pelotas\u00a0\/ org. Francisca Ferreira Michelon, Ana da Rosa Bandeira. Pelotas: UFPel. PREC; Ed. da UFPel, 2020<\/p>\n","protected":false},"author":682,"featured_media":0,"parent":0,"menu_order":0,"comment_status":"closed","ping_status":"closed","template":"","meta":{"jetpack_post_was_ever_published":false,"footnotes":""},"class_list":["post-1498","page","type-page","status-publish","hentry"],"jetpack_sharing_enabled":true,"jetpack_shortlink":"https:\/\/wp.me\/P8Mo6O-oa","_links":{"self":[{"href":"https:\/\/wp.ufpel.edu.br\/gbem\/wp-json\/wp\/v2\/pages\/1498","targetHints":{"allow":["GET"]}}],"collection":[{"href":"https:\/\/wp.ufpel.edu.br\/gbem\/wp-json\/wp\/v2\/pages"}],"about":[{"href":"https:\/\/wp.ufpel.edu.br\/gbem\/wp-json\/wp\/v2\/types\/page"}],"author":[{"embeddable":true,"href":"https:\/\/wp.ufpel.edu.br\/gbem\/wp-json\/wp\/v2\/users\/682"}],"replies":[{"embeddable":true,"href":"https:\/\/wp.ufpel.edu.br\/gbem\/wp-json\/wp\/v2\/comments?post=1498"}],"version-history":[{"count":2,"href":"https:\/\/wp.ufpel.edu.br\/gbem\/wp-json\/wp\/v2\/pages\/1498\/revisions"}],"predecessor-version":[{"id":1506,"href":"https:\/\/wp.ufpel.edu.br\/gbem\/wp-json\/wp\/v2\/pages\/1498\/revisions\/1506"}],"wp:attachment":[{"href":"https:\/\/wp.ufpel.edu.br\/gbem\/wp-json\/wp\/v2\/media?parent=1498"}],"curies":[{"name":"wp","href":"https:\/\/api.w.org\/{rel}","templated":true}]}}