{"id":1497,"date":"2020-07-16T14:35:21","date_gmt":"2020-07-16T17:35:21","guid":{"rendered":"https:\/\/wp.ufpel.edu.br\/gbem\/?page_id=1497"},"modified":"2020-07-16T14:37:54","modified_gmt":"2020-07-16T17:37:54","slug":"artigos-cientificos","status":"publish","type":"page","link":"https:\/\/wp.ufpel.edu.br\/gbem\/artigos-cientificos\/","title":{"rendered":"Artigos Cient\u00edficos"},"content":{"rendered":"<p><strong>2020<\/strong><\/p>\n<p><span style=\"font-size: 13px\">Pereira BP, Bortolotto ET, Gonzalez MC, Gomes AP, Gon\u00e7alves H, Bielemann RM. <\/span><a style=\"font-size: 13px\" href=\"https:\/\/www.scielosp.org\/article\/ress\/2020.v29n3\/e2019050\/en\/\">Food consumption and multimorbidity among non-institutionalized elderly people in Pelotas, 2014: a cross-sectional study.<\/a><span style=\"font-size: 13px\">\u00a0Rev. de Epidemiologia e Servi\u00e7os de Sa\u00fade, 2020<\/span><\/p>\n<p>Soares LN, Spagnolo, LML, Tomberg, JO, Zanatti CLM, Cardozo-Gonzales RI.\u00a0<a href=\"https:\/\/www.scielo.br\/scielo.php?script=sci_arttext&amp;pid=S1983-14472020000100417&amp;tlng=en\">Relationship between multimorbidity and the outcome of the treatment for pulmonary tuberculosis.<\/a>\u00a0Rev. Ga\u00facha de Enfermagem, 2020<\/p>\n<p>Montes MC, Bortolotto CC, Tomasi E, Gonzales MC, Barbosa-Silva TG, Domingues MR, Bielemann RM.\u00a0<a href=\"https:\/\/www.sciencedirect.com\/science\/article\/abs\/pii\/S0899900719302199?via%3Dihub\">Strength and multimorbidity among community-dwelling elderly from southern Brazil.<\/a>\u00a0Elsevier, 2020<\/p>\n<p>&nbsp;<\/p>\n<p><strong>2019<\/strong><\/p>\n<p>Souza ASS, Faerstein E, Werneck GL.\u00a0<a href=\"https:\/\/www.scielo.br\/scielo.php?script=sci_arttext&amp;pid=S0102-311X2019001305004\">Multimorbidade e uso de servi\u00e7os de sa\u00fade em indiv\u00edduos com restri\u00e7\u00e3o de atividades habituais: Estudo Pr\u00f3-Sa\u00fade Multimorbidity and use.<\/a>\u00a0Cad. Sa\u00fade P\u00fablica, 2019<\/p>\n<p>Petarli GB, Cattafesta M, Sant\u2019Anna MM, Bezerra OMPA, Zandonade E, Salaroli LB.\u00a0<a href=\"https:\/\/journals.plos.org\/plosone\/article?id=10.1371\/journal.pone.0225416\">Multimorbidity and complex multimorbidity in Brazilian rural workers.<\/a>\u00a0PLoS One, 2019<\/p>\n<p>Silva MT, Nunes BP, Galvao TF.\u00a0<a href=\"https:\/\/ovidsp.dc2.ovid.com\/sp-3.33.0b\/ovidweb.cgi?QS2=434f4e1a73d37e8c9a99ba2905f8d89d10ab822c94c700baa293f3f10ab3dccb31605be9725e6219b4bee62a0d53618ada320778ae855fb32161ce98225de4ab23a6aced70c2b0f2755ace915a2ecfa13dbecc7cbacebd318f34cc97685d9e8cf174af5412fe46e783302626f47c3b0f45f27083b876b35e8d682c5e01e0e0f3db47e2684c839a8a7d55b6715da8f6975678578e2c6fb688a5de627160722a97d904f0ebcb3f426c177289a92455ab2abeb6353adaf5304f0a4f6c604dd5b7a0b2bd05f8faf66e55953fdfbabef17113a652eaa8791058c088a5d23a84675891648fc97436f1969dec9f33409da2651768198264836841c4880c7d87db786576\" target=\"_blank\" rel=\"noopener noreferrer\">Use of health services by adults in Manaus, 2019: Protocol of a population-based survey.<\/a>\u00a0<span class=\"jrnl\" title=\"Medicine\">Medicine (Baltimore),<\/span>\u00a02019<\/p>\n<p>Wang YP, Nunes BP, Co\u00ealho BM, Santana GL, do Nascimento CF, Viana MC, Bense\u00f1or IM, Andrade LH, Chiavegatto Filho ADP.\u00a0<a href=\"https:\/\/www.nature.com\/articles\/s41598-019-39326-8\" target=\"_blank\" rel=\"noopener noreferrer\">Multilevel Analysis of the Patterns of Physical-Mental Multimorbidity in General Population of S\u00e3o Paulo Metropolitan Area, Brazil.\u00a0<\/a><span class=\"jrnl\" title=\"Scientific reports\">Sci Rep<\/span>., 2019<\/p>\n<p>Macinko J, Andrade FCD, Nunes BP, Guanais FC.\u00a0<a href=\"https:\/\/scielosp.org\/article\/rpsp\/2019.v43\/e8\/en\/#\" target=\"_blank\" rel=\"noopener noreferrer\">Primary care and multimorbidity in six Latin American and Caribbean countries.<\/a>\u00a0<span class=\"jrnl\" title=\"Revista panamericana de salud publica = Pan American journal of public health\">Rev. Panam Salud Publica,<\/span>\u00a02019<\/p>\n<p>&nbsp;<\/p>\n<p><strong>2018<\/strong><\/p>\n<p>Hurst JR, Dickhaus J, Maulik PK, Miranda JJ, Pastakia SD, Soriano JB, Siddharthan T, Vedanthan R; GACD Multi-Morbidity Working Group.\u00a0<a href=\"https:\/\/www.thelancet.com\/journals\/langlo\/article\/PIIS2214-109X(18)30391-7\/fulltext\" target=\"_blank\" rel=\"noopener noreferrer\">Global Alliance for Chronic Disease researchers\u2019 statement on multimorbidity.<\/a>\u00a0Lancet Glob Health, 2018<\/p>\n<p>Costa CS, Flores TR, Wendt A, Neves RG, Tomasi E, Cesar JA, Bertoldi AD, Ramires VV, Nunes BP.\u00a0<a href=\"http:\/\/www.scielo.br\/scielo.php?script=sci_arttext&amp;pid=S0102-311X2018001105009&amp;lng=en&amp;nrm=iso&amp;tlng=en\" target=\"_blank\" rel=\"noopener noreferrer\">Inequalities in multimorbidity among elderly: a population-based study in a city in Southern Brazil.<\/a>\u00a0Cad. Sa\u00fade P\u00fablica 2018<\/p>\n<p>Carvalho JN, de Camargo Cancela M, de Souza DLB.\u00a0<a href=\"https:\/\/journals.plos.org\/plosone\/article?id=10.1371\/journal.pone.0207649\">Lifestyle factors and high body mass index are associated with different multimorbidity clusters in the Brazilian population.<\/a>\u00a0PLoS One, 2018<\/p>\n<p><span class=\"highwire-citation-authors\"><span class=\"highwire-citation-author first\"><span class=\"nlm-surname\">Araujo<\/span>\u00a0MEA<\/span>,\u00a0<span class=\"highwire-citation-author\"><span class=\"nlm-surname\">Silva<\/span>\u00a0MT<\/span>,\u00a0<span class=\"highwire-citation-author\"><span class=\"nlm-surname\">Galvao<\/span>\u00a0TF<\/span><\/span><span class=\"citation-et\">, Nunes BP, Pereira MG.\u00a0<\/span><a href=\"https:\/\/bmjopen.bmj.com\/content\/8\/11\/e023398\" target=\"_blank\" rel=\"noopener noreferrer\">Prevalence and patterns of multimorbidity in Amazon Region of Brazil and associated determinants: a cross-sectional study.<\/a>\u00a0<span class=\"highwire-cite-metadata-journal highwire-cite-metadata\">BMJ Open,\u00a0<\/span><span class=\"highwire-cite-metadata-year highwire-cite-metadata\">2018<\/span><\/p>\n<p>Nunes BP, Batista SRR, Andrade FB, Souza Junior PRB, Lima-Costa MF, Facchini LA.\u00a0<a href=\"http:\/\/www.scielo.br\/scielo.php?script=sci_arttext&amp;pid=S0034-89102018000300509&amp;lng=en&amp;nrm=iso&amp;tlng=en\" target=\"_blank\" rel=\"noopener noreferrer\">Multimorbidity: The Brazilian Longitudinal Study of Aging (ELSI-Brazil).<\/a>\u00a0Rev. Sa\u00fade P\u00fablica, 2018<\/p>\n<p>Ferreira GD, Augusto Sim\u00f5es J, Senaratna C, Pati S, Timm PF, Batista SR, Nunes BP.\u00a0<a href=\"http:\/\/journals.sagepub.com\/doi\/10.1177\/2235042X18806986#articleCitationDownloadContainer\" target=\"_blank\" rel=\"noopener noreferrer\">Physiological markers and multimorbidity: A systematic review.<\/a>\u00a0Journal of Comorbidity, 2018<\/p>\n<p>Gon\u00e7alves VSS, Andrade KRC, Carvalho KMB, Silva MT, Pereira MG, Galvao TF. A<a href=\"https:\/\/www.ingentaconnect.com\/content\/wk\/jhype\/2018\/00000036\/00000005\/art00002\" target=\"_blank\" rel=\"noopener noreferrer\">ccuracy of self-reported hypertension: a systematic review and meta-analysis<\/a>.\u00a0<span role=\"menubar\">J Hypertens,<\/span>\u00a02018<\/p>\n<p>Hussain\u00a0MA, Katzenellenbogen\u00a0JM, Sanfilippo\u00a0FM, Murray\u00a0K, Thompson\u00a0SC.\u00a0<a href=\"http:\/\/journals.plos.org\/plosone\/article?id=10.1371\/journal.pone.0201496\" target=\"_blank\" rel=\"noopener noreferrer\">Complexity in disease management: A linked data analysis of multimorbidity in Aboriginal and non-Aboriginal patients hospitalised with atherothrombotic disease in Western Australia<\/a>. PLoS One, 2018<\/p>\n<p>Jantsch AG, Alves RFS, Faerstein E.\u00a0<a href=\"http:\/\/www.scielo.br\/scielo.php?script=sci_arttext&amp;pid=S1516-31802018005002102&amp;lng=en&amp;nrm=iso&amp;tlng=en\" target=\"_blank\" rel=\"noopener noreferrer\">Educational inequality in Rio de Janeiro and its impact on multimorbidity: evidence from the Pr\u00f3-Sa\u00fade study. A cross-sectional analysis<\/a>. S\u00e3o Paulo Medical Journal, 2018<\/p>\n<p>&nbsp;<\/p>\n<p><strong>2017<\/strong><\/p>\n<p>Carvalho JN, Roncalli AG, Cancela MC, Souza DL.\u00a0<a href=\"http:\/\/journals.plos.org\/plosone\/article?id=10.1371\/journal.pone.0174322\" target=\"_blank\" rel=\"noopener noreferrer\">Prevalence of multimorbidity in the Brazilian adult population according to socioeconomic and demographic characteristics<\/a>. PLoS One, 2017<\/p>\n<p>Nunes BP, Chiavegatto Filho ADP, Pati S, Cruz Teixeira DS, Flores TR, Camargo-Figuera FA, et al.\u00a0<a href=\"http:\/\/bmjopen.bmj.com\/content\/7\/6\/e015885\" target=\"_blank\" rel=\"noopener noreferrer\">Contextual and individual inequalities of multimorbidity in Brazilian adults: a cross-sectional national-based study.<\/a>\u00a0BMJ Open, 2017<\/p>\n<p>Nunes BP, Soares MU, Wachs LS, Volz PM, Saes MO, Duro SMS, et al.\u00a0<a href=\"http:\/\/www.scielo.br\/scielo.php?script=sci_arttext&amp;pid=S0034-89102017000100234&amp;lng=en&amp;nrm=iso&amp;tlng=en\" target=\"_blank\" rel=\"noopener noreferrer\">Hospitalization in older adults: association with multimorbidity, primary health care and private health plan<\/a>. Rev. de Sa\u00fade Publica, 2017<\/p>\n<p>Rzewuska M, de Azevedo-Marques JM, Coxon D, Zanetti ML, Zanetti ACG, Franco LJ, et al.\u00a0<a href=\"http:\/\/journals.plos.org\/plosone\/article?id=10.1371\/journal.pone.0171813\" target=\"_blank\" rel=\"noopener noreferrer\">Epidemiology of multimorbidity within the Brazilian adult general population: Evidence from the 2013 National Health Survey (PNS 2013)<\/a>. PLoS One, 2017<\/p>\n<p>&nbsp;<\/p>\n<p><strong>2016<\/strong><\/p>\n<p>Nunes BP, Camargo-Figuera FA, Guttier M, de Oliveira PD, Munhoz TN, Matijasevich A, et al.\u00a0<a href=\"https:\/\/link.springer.com\/article\/10.1007%2Fs00038-016-0819-7\" target=\"_blank\" rel=\"noopener noreferrer\">Multimorbidity in adults from a southern Brazilian city: occurrence and patterns<\/a>. International Journal of Public Health, 2016<\/p>\n<p>Nunes BP, Flores TR, Mielke GI, Thume E, Facchini LA.\u00a0<a href=\"http:\/\/www.sciencedirect.com\/science\/article\/pii\/S0167494316301388\" target=\"_blank\" rel=\"noopener noreferrer\">Multimorbidity and mortality in older adults: A systematic review and meta-analysis<\/a>. Archives of Gerontology and Geriatrics, 2016<\/p>\n<p>&nbsp;<\/p>\n<p><strong>2015<\/strong><\/p>\n<p>Batista SR, Campolina G.\u00a0<a href=\"https:\/\/www.secad.com.br\/produto\/medicina\/promef-programa-de-atualizacao-em-medicina-de-familia-e-comunidade\/\" target=\"_blank\" rel=\"noopener noreferrer\">Abordagem e manejo da pessoa com multimorbidade pelo m\u00e9dico de fam\u00edlia e comunidade<\/a>. In book: PROMEF Programa de Atualiza\u00e7\u00e3o em Medicina de Fam\u00edlia e Comunidade, Publisher: Artmed Panamericana, Editors: Daniel Knupp Augusto e Roberto Nunes Umpierre, pp.111-62, 2015.<\/p>\n<p>Nunes BP, Thum\u00e9 E, Facchini LA. M<a href=\"https:\/\/bmcpublichealth.biomedcentral.com\/articles\/10.1186\/s12889-015-2505-8\" target=\"_blank\" rel=\"noopener noreferrer\">ultimorbidity in older adults: magnitude and challenges for the Brazilian health system<\/a>. BMC Public Health, 2015; 15(1):1-11.<\/p>\n<p>&nbsp;<\/p>\n<p><strong>2014<\/strong><\/p>\n<p>Batista, SR.\u00a0<a href=\"http:\/\/www.jmphc.com.br\/saude-publica\/index.php\/jmphc\/article\/download\/205\/208\" target=\"_blank\" rel=\"noopener noreferrer\">The complexity of multimorbidity<\/a>. Journal of Management and Primary Health Care, 2014.<\/p>\n","protected":false},"excerpt":{"rendered":"<p>2020 Pereira BP, Bortolotto ET, Gonzalez MC, Gomes AP, Gon\u00e7alves H, Bielemann RM. Food consumption and multimorbidity among non-institutionalized elderly people in Pelotas, 2014: a cross-sectional study.\u00a0Rev. de Epidemiologia e Servi\u00e7os de Sa\u00fade, 2020 Soares LN, Spagnolo, LML, Tomberg, JO, Zanatti CLM, Cardozo-Gonzales RI.\u00a0Relationship between multimorbidity and the outcome of the treatment for pulmonary tuberculosis.\u00a0Rev.&hellip;<\/p>\n","protected":false},"author":682,"featured_media":0,"parent":0,"menu_order":0,"comment_status":"closed","ping_status":"closed","template":"","meta":{"jetpack_post_was_ever_published":false,"footnotes":""},"class_list":["post-1497","page","type-page","status-publish","hentry"],"jetpack_sharing_enabled":true,"jetpack_shortlink":"https:\/\/wp.me\/P8Mo6O-o9","_links":{"self":[{"href":"https:\/\/wp.ufpel.edu.br\/gbem\/wp-json\/wp\/v2\/pages\/1497","targetHints":{"allow":["GET"]}}],"collection":[{"href":"https:\/\/wp.ufpel.edu.br\/gbem\/wp-json\/wp\/v2\/pages"}],"about":[{"href":"https:\/\/wp.ufpel.edu.br\/gbem\/wp-json\/wp\/v2\/types\/page"}],"author":[{"embeddable":true,"href":"https:\/\/wp.ufpel.edu.br\/gbem\/wp-json\/wp\/v2\/users\/682"}],"replies":[{"embeddable":true,"href":"https:\/\/wp.ufpel.edu.br\/gbem\/wp-json\/wp\/v2\/comments?post=1497"}],"version-history":[{"count":3,"href":"https:\/\/wp.ufpel.edu.br\/gbem\/wp-json\/wp\/v2\/pages\/1497\/revisions"}],"predecessor-version":[{"id":1505,"href":"https:\/\/wp.ufpel.edu.br\/gbem\/wp-json\/wp\/v2\/pages\/1497\/revisions\/1505"}],"wp:attachment":[{"href":"https:\/\/wp.ufpel.edu.br\/gbem\/wp-json\/wp\/v2\/media?parent=1497"}],"curies":[{"name":"wp","href":"https:\/\/api.w.org\/{rel}","templated":true}]}}