{"id":1487,"date":"2020-07-16T14:26:38","date_gmt":"2020-07-16T17:26:38","guid":{"rendered":"https:\/\/wp.ufpel.edu.br\/gbem\/?page_id=1487"},"modified":"2020-07-16T15:15:30","modified_gmt":"2020-07-16T18:15:30","slug":"trabalhos-academicos","status":"publish","type":"page","link":"https:\/\/wp.ufpel.edu.br\/gbem\/trabalhos-academicos\/","title":{"rendered":"Trabalhos Acad\u00eamicos"},"content":{"rendered":"<p><strong>2019<\/strong><\/p>\n<p><em>Trabalho de Conclus\u00e3o de Curso:\u00a0<\/em>Press\u00e3o arterial descompensada em idosos: rela\u00e7\u00e3o com multimorbidade e aten\u00e7\u00e3o \u00e0 sa\u00fade (Aluna: <a href=\"https:\/\/wp.ufpel.edu.br\/gbem\/integrantes-do-grupo\/pesquisadores\/sabrina-ribeiro-farias\/\">Sabrina Ribeiro Farias<\/a> | Orientador: <a href=\"https:\/\/wp.ufpel.edu.br\/gbem\/curriculo-bruno\/\">Bruno Pereira Nunes<\/a>)<\/p>\n<p><em>Disserta\u00e7\u00e3o de Mestrado: <\/em>Ocorr\u00eancias, padr\u00f5es e desigualdade sociecon\u00f4mica da multimorbidade entre adultos brasileiros (Aluna: <a href=\"https:\/\/wp.ufpel.edu.br\/gbem\/integrantes-do-grupo\/pesquisadores\/andria-krolow-costa\/\">\u00c2ndria Krolow Costa<\/a> | Orientador: <a href=\"https:\/\/wp.ufpel.edu.br\/gbem\/curriculo-bruno\/\">Bruno Pereira Nunes<\/a>)<\/p>\n<p><em>Disserta\u00e7\u00e3o de Mestrado: <\/em>Ocorr\u00eancia de c\u00e2ncer e multimorbidade entre idosos brasileiros (Aluna: <a href=\"https:\/\/wp.ufpel.edu.br\/gbem\/integrantes-do-grupo\/pesquisadores\/bianca-machado-de-avila\/\">Bianca Machado de \u00c1vila<\/a>\u00a0| Orientador: <a href=\"https:\/\/wp.ufpel.edu.br\/gbem\/curriculo-bruno\/\">Bruno Pereira Nunes<\/a>)<\/p>\n<p>&nbsp;<\/p>\n<p><strong>2018<\/strong><\/p>\n<p><em>Trabalho de Conclus\u00e3o de Curso: <\/em>Ocorr\u00eancia de m\u00faltiplas doen\u00e7as cr\u00f4nicas e for\u00e7a muscular entre idosos comunit\u00e1rios no munic\u00edpio de Pelotas \u2013 RS (Aluna: Manuela Carolina Montes | Orientadora: <a href=\"https:\/\/wp.ufpel.edu.br\/gbem\/renata-moraes-bielemann\/\">Renata Moraes Bielemann<\/a>)<\/p>\n<p><em>Trabalho de Conclus\u00e3o de Curso:<\/em> Presen\u00e7a de m\u00faltiplas doen\u00e7as cr\u00f4nicas e consumo alimentar entre idosos comunit\u00e1rios de Pelotas &#8211; RS (Aluna: Bruna Padilha Pereira | <a href=\"https:\/\/wp.ufpel.edu.br\/gbem\/renata-moraes-bielemann\/\">Renata Moraes Bielemann<\/a>)<\/p>\n<p><em>Trabalho de Conclus\u00e3o de Curso: <\/em>Ocorr\u00eancia de doen\u00e7as cr\u00f4nicas e multimorbidade em idosos brasileiros: compara\u00e7\u00e3o entre 2008 e 2013 (Aluno: <a href=\"https:\/\/wp.ufpel.edu.br\/gbem\/integrantes-do-grupo\/pesquisadores\/pierre-fernando-timm\/\">Pierre Fernando Timm<\/a>\u00a0| Orientador: <a href=\"https:\/\/wp.ufpel.edu.br\/gbem\/curriculo-bruno\/\">Bruno Pereira Nunes<\/a>)<\/p>\n<p><em>Trabalho de Conclus\u00e3o de Curso: <\/em>Doen\u00e7as cr\u00f4nicas e multimorbidade em idosos: rela\u00e7\u00e3o com o tipo de servi\u00e7o de sa\u00fade utilizado (Aluna: <a href=\"https:\/\/wp.ufpel.edu.br\/gbem\/integrantes-do-grupo\/pesquisadores\/bruna-borges-coelho\/\">Bruna Borges Coelho<\/a>\u00a0| Orientador: <a href=\"https:\/\/wp.ufpel.edu.br\/gbem\/curriculo-bruno\/\">Bruno Pereira Nunes<\/a>)<\/p>\n","protected":false},"excerpt":{"rendered":"<p>2019 Trabalho de Conclus\u00e3o de Curso:\u00a0Press\u00e3o arterial descompensada em idosos: rela\u00e7\u00e3o com multimorbidade e aten\u00e7\u00e3o \u00e0 sa\u00fade (Aluna: Sabrina Ribeiro Farias | Orientador: Bruno Pereira Nunes) Disserta\u00e7\u00e3o de Mestrado: Ocorr\u00eancias, padr\u00f5es e desigualdade sociecon\u00f4mica da multimorbidade entre adultos brasileiros (Aluna: \u00c2ndria Krolow Costa | Orientador: Bruno Pereira Nunes) Disserta\u00e7\u00e3o de Mestrado: Ocorr\u00eancia de c\u00e2ncer e&hellip;<\/p>\n","protected":false},"author":682,"featured_media":0,"parent":0,"menu_order":0,"comment_status":"closed","ping_status":"closed","template":"","meta":{"jetpack_post_was_ever_published":false,"footnotes":""},"class_list":["post-1487","page","type-page","status-publish","hentry"],"jetpack_sharing_enabled":true,"jetpack_shortlink":"https:\/\/wp.me\/P8Mo6O-nZ","_links":{"self":[{"href":"https:\/\/wp.ufpel.edu.br\/gbem\/wp-json\/wp\/v2\/pages\/1487","targetHints":{"allow":["GET"]}}],"collection":[{"href":"https:\/\/wp.ufpel.edu.br\/gbem\/wp-json\/wp\/v2\/pages"}],"about":[{"href":"https:\/\/wp.ufpel.edu.br\/gbem\/wp-json\/wp\/v2\/types\/page"}],"author":[{"embeddable":true,"href":"https:\/\/wp.ufpel.edu.br\/gbem\/wp-json\/wp\/v2\/users\/682"}],"replies":[{"embeddable":true,"href":"https:\/\/wp.ufpel.edu.br\/gbem\/wp-json\/wp\/v2\/comments?post=1487"}],"version-history":[{"count":4,"href":"https:\/\/wp.ufpel.edu.br\/gbem\/wp-json\/wp\/v2\/pages\/1487\/revisions"}],"predecessor-version":[{"id":1510,"href":"https:\/\/wp.ufpel.edu.br\/gbem\/wp-json\/wp\/v2\/pages\/1487\/revisions\/1510"}],"wp:attachment":[{"href":"https:\/\/wp.ufpel.edu.br\/gbem\/wp-json\/wp\/v2\/media?parent=1487"}],"curies":[{"name":"wp","href":"https:\/\/api.w.org\/{rel}","templated":true}]}}