{"id":1467,"date":"2020-07-11T10:07:19","date_gmt":"2020-07-11T13:07:19","guid":{"rendered":"https:\/\/wp.ufpel.edu.br\/gbem\/?page_id=1467"},"modified":"2020-07-11T10:49:51","modified_gmt":"2020-07-11T13:49:51","slug":"renata-moraes-bielemann","status":"publish","type":"page","link":"https:\/\/wp.ufpel.edu.br\/gbem\/renata-moraes-bielemann\/","title":{"rendered":"Renata Moraes Bielemann"},"content":{"rendered":"<p><strong><img loading=\"lazy\" decoding=\"async\" class=\"wp-image-1480 alignright\" src=\"https:\/\/wp.ufpel.edu.br\/gbem\/files\/2020\/07\/image1-2-Renata-B.-1.jpeg\" alt=\"\" width=\"178\" height=\"261\" srcset=\"https:\/\/wp.ufpel.edu.br\/gbem\/files\/2020\/07\/image1-2-Renata-B.-1.jpeg 453w, https:\/\/wp.ufpel.edu.br\/gbem\/files\/2020\/07\/image1-2-Renata-B.-1-217x318.jpeg 217w, https:\/\/wp.ufpel.edu.br\/gbem\/files\/2020\/07\/image1-2-Renata-B.-1-108x159.jpeg 108w\" sizes=\"auto, (max-width: 178px) 100vw, 178px\" \/><img loading=\"lazy\" decoding=\"async\" class=\"alignnone size-full wp-image-1477\" src=\"https:\/\/wp.ufpel.edu.br\/gbem\/files\/2020\/07\/image1-2-Renata-B..jpeg\" alt=\"\" width=\"453\" height=\"665\" srcset=\"https:\/\/wp.ufpel.edu.br\/gbem\/files\/2020\/07\/image1-2-Renata-B..jpeg 453w, https:\/\/wp.ufpel.edu.br\/gbem\/files\/2020\/07\/image1-2-Renata-B.-217x318.jpeg 217w, https:\/\/wp.ufpel.edu.br\/gbem\/files\/2020\/07\/image1-2-Renata-B.-108x159.jpeg 108w\" sizes=\"auto, (max-width: 453px) 100vw, 453px\" \/>Professora Adjunta Faculdade de Nutri\u00e7\u00e3o da UFPEL | <a href=\"http:\/\/lattes.cnpq.br\/7157159051361731\">Lattes<\/a><\/strong><\/p>\n<p style=\"text-align: justify\">Professora Adjunta Faculdade de Nutri\u00e7\u00e3o da Universidade Federal de Pelotas (UFPel). Docente permanente e Coordenadora Adjunta do Programa de P\u00f3s-Gradua\u00e7\u00e3o em Nutri\u00e7\u00e3o e Alimentos (UFPel). Pesquisadora Associada do Programa de P\u00f3s-Gradua\u00e7\u00e3o em Epidemiologia (UFPel). Gradua\u00e7\u00e3o em Educa\u00e7\u00e3o F\u00edsica e Nutri\u00e7\u00e3o (UFPel). Mestrado e Doutorado em Epidemiologia (UFPel). P\u00f3s-Doutorado em Epidemiologia (UFPel) e no Institute for Public Health da University of California, San Diego (UCSD). Bolsista de Produtividade em Pesquisa do CNPq.<\/p>\n<p style=\"text-align: justify\">No GBEM se interessa na associa\u00e7\u00e3o de fatores de risco comportamentais, especialmente alimentares, nutricionais e atividade f\u00edsica com a ocorr\u00eancia de multimorbidade.<\/p>\n<p><img loading=\"lazy\" decoding=\"async\" class=\"alignnone size-full wp-image-1477\" src=\"https:\/\/wp.ufpel.edu.br\/gbem\/files\/2020\/07\/image1-2-Renata-B..jpeg\" alt=\"\" width=\"453\" height=\"665\" srcset=\"https:\/\/wp.ufpel.edu.br\/gbem\/files\/2020\/07\/image1-2-Renata-B..jpeg 453w, https:\/\/wp.ufpel.edu.br\/gbem\/files\/2020\/07\/image1-2-Renata-B.-217x318.jpeg 217w, https:\/\/wp.ufpel.edu.br\/gbem\/files\/2020\/07\/image1-2-Renata-B.-108x159.jpeg 108w\" sizes=\"auto, (max-width: 453px) 100vw, 453px\" \/><\/p>\n","protected":false},"excerpt":{"rendered":"<p>Professora Adjunta Faculdade de Nutri\u00e7\u00e3o da UFPEL | Lattes Professora Adjunta Faculdade de Nutri\u00e7\u00e3o da Universidade Federal de Pelotas (UFPel). Docente permanente e Coordenadora Adjunta do Programa de P\u00f3s-Gradua\u00e7\u00e3o em Nutri\u00e7\u00e3o e Alimentos (UFPel). Pesquisadora Associada do Programa de P\u00f3s-Gradua\u00e7\u00e3o em Epidemiologia (UFPel). Gradua\u00e7\u00e3o em Educa\u00e7\u00e3o F\u00edsica e Nutri\u00e7\u00e3o (UFPel). Mestrado e Doutorado em Epidemiologia&hellip;<\/p>\n","protected":false},"author":682,"featured_media":0,"parent":0,"menu_order":0,"comment_status":"closed","ping_status":"closed","template":"","meta":{"jetpack_post_was_ever_published":false,"footnotes":""},"class_list":["post-1467","page","type-page","status-publish","hentry"],"jetpack_sharing_enabled":true,"jetpack_shortlink":"https:\/\/wp.me\/P8Mo6O-nF","_links":{"self":[{"href":"https:\/\/wp.ufpel.edu.br\/gbem\/wp-json\/wp\/v2\/pages\/1467","targetHints":{"allow":["GET"]}}],"collection":[{"href":"https:\/\/wp.ufpel.edu.br\/gbem\/wp-json\/wp\/v2\/pages"}],"about":[{"href":"https:\/\/wp.ufpel.edu.br\/gbem\/wp-json\/wp\/v2\/types\/page"}],"author":[{"embeddable":true,"href":"https:\/\/wp.ufpel.edu.br\/gbem\/wp-json\/wp\/v2\/users\/682"}],"replies":[{"embeddable":true,"href":"https:\/\/wp.ufpel.edu.br\/gbem\/wp-json\/wp\/v2\/comments?post=1467"}],"version-history":[{"count":4,"href":"https:\/\/wp.ufpel.edu.br\/gbem\/wp-json\/wp\/v2\/pages\/1467\/revisions"}],"predecessor-version":[{"id":1481,"href":"https:\/\/wp.ufpel.edu.br\/gbem\/wp-json\/wp\/v2\/pages\/1467\/revisions\/1481"}],"wp:attachment":[{"href":"https:\/\/wp.ufpel.edu.br\/gbem\/wp-json\/wp\/v2\/media?parent=1467"}],"curies":[{"name":"wp","href":"https:\/\/api.w.org\/{rel}","templated":true}]}}